{"id":13,"date":"2016-01-13T12:06:05","date_gmt":"2016-01-13T12:06:05","guid":{"rendered":"https:\/\/premio.noviasalcedo.es\/?page_id=13"},"modified":"2018-10-01T09:23:27","modified_gmt":"2018-10-01T08:23:27","slug":"patrocinadores","status":"publish","type":"page","link":"https:\/\/premio.noviasalcedo.es\/en\/patrocinadores\/","title":{"rendered":"Sponsors"},"content":{"rendered":"<div data-carousel-extra='{&quot;blog_id&quot;:1,&quot;permalink&quot;:&quot;https:\/\/premio.noviasalcedo.es\/en\/patrocinadores\/&quot;}' id='gallery-1' class='gallery galleryid-13 gallery-columns-5 gallery-size-full'><figure class='gallery-item'>\n\t\t\t<div class='gallery-icon landscape'>\n\t\t\t\t<img loading=\"lazy\" decoding=\"async\" width=\"200\" height=\"200\" src=\"https:\/\/i0.wp.com\/premio.noviasalcedo.es\/wp-content\/uploads\/2018\/06\/Gv.fw_.png?fit=200%2C200&amp;ssl=1\" class=\"attachment-full size-full\" alt=\"\" srcset=\"https:\/\/i0.wp.com\/premio.noviasalcedo.es\/wp-content\/uploads\/2018\/06\/Gv.fw_.png?w=200&amp;ssl=1 200w, https:\/\/i0.wp.com\/premio.noviasalcedo.es\/wp-content\/uploads\/2018\/06\/Gv.fw_.png?resize=150%2C150&amp;ssl=1 150w\" sizes=\"auto, (max-width: 200px) 100vw, 200px\" data-attachment-id=\"834\" data-permalink=\"https:\/\/premio.noviasalcedo.es\/en\/gv-fw\/\" data-orig-file=\"https:\/\/i0.wp.com\/premio.noviasalcedo.es\/wp-content\/uploads\/2018\/06\/Gv.fw_.png?fit=200%2C200&amp;ssl=1\" data-orig-size=\"200,200\" data-comments-opened=\"1\" data-image-meta=\"{&quot;aperture&quot;:&quot;0&quot;,&quot;credit&quot;:&quot;&quot;,&quot;camera&quot;:&quot;&quot;,&quot;caption&quot;:&quot;&quot;,&quot;created_timestamp&quot;:&quot;0&quot;,&quot;copyright&quot;:&quot;&quot;,&quot;focal_length&quot;:&quot;0&quot;,&quot;iso&quot;:&quot;0&quot;,&quot;shutter_speed&quot;:&quot;0&quot;,&quot;title&quot;:&quot;&quot;,&quot;orientation&quot;:&quot;0&quot;}\" data-image-title=\"Gobierno Vasco &amp;#8211; Eusko Jaurlaritza\" data-image-description=\"\" data-image-caption=\"\" data-large-file=\"https:\/\/i0.wp.com\/premio.noviasalcedo.es\/wp-content\/uploads\/2018\/06\/Gv.fw_.png?fit=200%2C200&amp;ssl=1\" \/>\n\t\t\t<\/div><\/figure><figure class='gallery-item'>\n\t\t\t<div class='gallery-icon landscape'>\n\t\t\t\t<img loading=\"lazy\" decoding=\"async\" width=\"200\" height=\"200\" src=\"https:\/\/i0.wp.com\/premio.noviasalcedo.es\/wp-content\/uploads\/2018\/03\/WEB-aytobilbao-1.png?fit=200%2C200&amp;ssl=1\" class=\"attachment-full size-full\" alt=\"\" srcset=\"https:\/\/i0.wp.com\/premio.noviasalcedo.es\/wp-content\/uploads\/2018\/03\/WEB-aytobilbao-1.png?w=200&amp;ssl=1 200w, https:\/\/i0.wp.com\/premio.noviasalcedo.es\/wp-content\/uploads\/2018\/03\/WEB-aytobilbao-1.png?resize=150%2C150&amp;ssl=1 150w\" sizes=\"auto, (max-width: 200px) 100vw, 200px\" data-attachment-id=\"589\" data-permalink=\"https:\/\/premio.noviasalcedo.es\/en\/web-aytobilbao-2\/\" data-orig-file=\"https:\/\/i0.wp.com\/premio.noviasalcedo.es\/wp-content\/uploads\/2018\/03\/WEB-aytobilbao-1.png?fit=200%2C200&amp;ssl=1\" data-orig-size=\"200,200\" data-comments-opened=\"1\" data-image-meta=\"{&quot;aperture&quot;:&quot;0&quot;,&quot;credit&quot;:&quot;&quot;,&quot;camera&quot;:&quot;&quot;,&quot;caption&quot;:&quot;&quot;,&quot;created_timestamp&quot;:&quot;0&quot;,&quot;copyright&quot;:&quot;&quot;,&quot;focal_length&quot;:&quot;0&quot;,&quot;iso&quot;:&quot;0&quot;,&quot;shutter_speed&quot;:&quot;0&quot;,&quot;title&quot;:&quot;&quot;,&quot;orientation&quot;:&quot;0&quot;}\" data-image-title=\"WEB aytobilbao\" data-image-description=\"\" data-image-caption=\"\" data-large-file=\"https:\/\/i0.wp.com\/premio.noviasalcedo.es\/wp-content\/uploads\/2018\/03\/WEB-aytobilbao-1.png?fit=200%2C200&amp;ssl=1\" \/>\n\t\t\t<\/div><\/figure><figure class='gallery-item'>\n\t\t\t<div class='gallery-icon landscape'>\n\t\t\t\t<img loading=\"lazy\" decoding=\"async\" width=\"200\" height=\"200\" src=\"https:\/\/i0.wp.com\/premio.noviasalcedo.es\/wp-content\/uploads\/2018\/03\/WEB-ser.png?fit=200%2C200&amp;ssl=1\" class=\"attachment-full size-full\" alt=\"\" srcset=\"https:\/\/i0.wp.com\/premio.noviasalcedo.es\/wp-content\/uploads\/2018\/03\/WEB-ser.png?w=200&amp;ssl=1 200w, https:\/\/i0.wp.com\/premio.noviasalcedo.es\/wp-content\/uploads\/2018\/03\/WEB-ser.png?resize=150%2C150&amp;ssl=1 150w\" sizes=\"auto, (max-width: 200px) 100vw, 200px\" data-attachment-id=\"586\" data-permalink=\"https:\/\/premio.noviasalcedo.es\/en\/web-ser\/\" data-orig-file=\"https:\/\/i0.wp.com\/premio.noviasalcedo.es\/wp-content\/uploads\/2018\/03\/WEB-ser.png?fit=200%2C200&amp;ssl=1\" data-orig-size=\"200,200\" data-comments-opened=\"1\" data-image-meta=\"{&quot;aperture&quot;:&quot;0&quot;,&quot;credit&quot;:&quot;&quot;,&quot;camera&quot;:&quot;&quot;,&quot;caption&quot;:&quot;&quot;,&quot;created_timestamp&quot;:&quot;0&quot;,&quot;copyright&quot;:&quot;&quot;,&quot;focal_length&quot;:&quot;0&quot;,&quot;iso&quot;:&quot;0&quot;,&quot;shutter_speed&quot;:&quot;0&quot;,&quot;title&quot;:&quot;&quot;,&quot;orientation&quot;:&quot;0&quot;}\" data-image-title=\"WEB ser\" data-image-description=\"\" data-image-caption=\"\" data-large-file=\"https:\/\/i0.wp.com\/premio.noviasalcedo.es\/wp-content\/uploads\/2018\/03\/WEB-ser.png?fit=200%2C200&amp;ssl=1\" \/>\n\t\t\t<\/div><\/figure><figure class='gallery-item'>\n\t\t\t<div class='gallery-icon landscape'>\n\t\t\t\t<img loading=\"lazy\" decoding=\"async\" width=\"200\" height=\"200\" src=\"https:\/\/i0.wp.com\/premio.noviasalcedo.es\/wp-content\/uploads\/2018\/10\/idomweb.fw_.png?fit=200%2C200&amp;ssl=1\" class=\"attachment-full size-full\" alt=\"\" srcset=\"https:\/\/i0.wp.com\/premio.noviasalcedo.es\/wp-content\/uploads\/2018\/10\/idomweb.fw_.png?w=200&amp;ssl=1 200w, https:\/\/i0.wp.com\/premio.noviasalcedo.es\/wp-content\/uploads\/2018\/10\/idomweb.fw_.png?resize=150%2C150&amp;ssl=1 150w\" sizes=\"auto, (max-width: 200px) 100vw, 200px\" data-attachment-id=\"951\" data-permalink=\"https:\/\/premio.noviasalcedo.es\/en\/idomweb-fw\/\" data-orig-file=\"https:\/\/i0.wp.com\/premio.noviasalcedo.es\/wp-content\/uploads\/2018\/10\/idomweb.fw_.png?fit=200%2C200&amp;ssl=1\" data-orig-size=\"200,200\" data-comments-opened=\"1\" data-image-meta=\"{&quot;aperture&quot;:&quot;0&quot;,&quot;credit&quot;:&quot;&quot;,&quot;camera&quot;:&quot;&quot;,&quot;caption&quot;:&quot;&quot;,&quot;created_timestamp&quot;:&quot;0&quot;,&quot;copyright&quot;:&quot;&quot;,&quot;focal_length&quot;:&quot;0&quot;,&quot;iso&quot;:&quot;0&quot;,&quot;shutter_speed&quot;:&quot;0&quot;,&quot;title&quot;:&quot;&quot;,&quot;orientation&quot;:&quot;0&quot;}\" data-image-title=\"Idom\" data-image-description=\"\" data-image-caption=\"\" data-large-file=\"https:\/\/i0.wp.com\/premio.noviasalcedo.es\/wp-content\/uploads\/2018\/10\/idomweb.fw_.png?fit=200%2C200&amp;ssl=1\" \/>\n\t\t\t<\/div><\/figure><figure class='gallery-item'>\n\t\t\t<div class='gallery-icon landscape'>\n\t\t\t\t<img loading=\"lazy\" decoding=\"async\" width=\"200\" height=\"200\" src=\"https:\/\/i0.wp.com\/premio.noviasalcedo.es\/wp-content\/uploads\/2018\/06\/tubacexgroup.fw_.png?fit=200%2C200&amp;ssl=1\" class=\"attachment-full size-full\" alt=\"\" srcset=\"https:\/\/i0.wp.com\/premio.noviasalcedo.es\/wp-content\/uploads\/2018\/06\/tubacexgroup.fw_.png?w=200&amp;ssl=1 200w, https:\/\/i0.wp.com\/premio.noviasalcedo.es\/wp-content\/uploads\/2018\/06\/tubacexgroup.fw_.png?resize=150%2C150&amp;ssl=1 150w\" sizes=\"auto, (max-width: 200px) 100vw, 200px\" data-attachment-id=\"832\" data-permalink=\"https:\/\/premio.noviasalcedo.es\/en\/tubacexgroup-fw\/\" data-orig-file=\"https:\/\/i0.wp.com\/premio.noviasalcedo.es\/wp-content\/uploads\/2018\/06\/tubacexgroup.fw_.png?fit=200%2C200&amp;ssl=1\" data-orig-size=\"200,200\" data-comments-opened=\"1\" data-image-meta=\"{&quot;aperture&quot;:&quot;0&quot;,&quot;credit&quot;:&quot;&quot;,&quot;camera&quot;:&quot;&quot;,&quot;caption&quot;:&quot;&quot;,&quot;created_timestamp&quot;:&quot;0&quot;,&quot;copyright&quot;:&quot;&quot;,&quot;focal_length&quot;:&quot;0&quot;,&quot;iso&quot;:&quot;0&quot;,&quot;shutter_speed&quot;:&quot;0&quot;,&quot;title&quot;:&quot;&quot;,&quot;orientation&quot;:&quot;0&quot;}\" data-image-title=\"tubacexgroup.fw\" data-image-description=\"\" data-image-caption=\"\" data-large-file=\"https:\/\/i0.wp.com\/premio.noviasalcedo.es\/wp-content\/uploads\/2018\/06\/tubacexgroup.fw_.png?fit=200%2C200&amp;ssl=1\" \/>\n\t\t\t<\/div><\/figure><figure class='gallery-item'>\n\t\t\t<div class='gallery-icon landscape'>\n\t\t\t\t<img loading=\"lazy\" decoding=\"async\" width=\"200\" height=\"200\" src=\"https:\/\/i0.wp.com\/premio.noviasalcedo.es\/wp-content\/uploads\/2018\/06\/upv-ehu.fw_.png?fit=200%2C200&amp;ssl=1\" class=\"attachment-full size-full\" alt=\"\" srcset=\"https:\/\/i0.wp.com\/premio.noviasalcedo.es\/wp-content\/uploads\/2018\/06\/upv-ehu.fw_.png?w=200&amp;ssl=1 200w, https:\/\/i0.wp.com\/premio.noviasalcedo.es\/wp-content\/uploads\/2018\/06\/upv-ehu.fw_.png?resize=150%2C150&amp;ssl=1 150w\" sizes=\"auto, (max-width: 200px) 100vw, 200px\" data-attachment-id=\"833\" data-permalink=\"https:\/\/premio.noviasalcedo.es\/en\/upv-ehu-fw\/\" data-orig-file=\"https:\/\/i0.wp.com\/premio.noviasalcedo.es\/wp-content\/uploads\/2018\/06\/upv-ehu.fw_.png?fit=200%2C200&amp;ssl=1\" data-orig-size=\"200,200\" data-comments-opened=\"1\" data-image-meta=\"{&quot;aperture&quot;:&quot;0&quot;,&quot;credit&quot;:&quot;&quot;,&quot;camera&quot;:&quot;&quot;,&quot;caption&quot;:&quot;&quot;,&quot;created_timestamp&quot;:&quot;0&quot;,&quot;copyright&quot;:&quot;&quot;,&quot;focal_length&quot;:&quot;0&quot;,&quot;iso&quot;:&quot;0&quot;,&quot;shutter_speed&quot;:&quot;0&quot;,&quot;title&quot;:&quot;&quot;,&quot;orientation&quot;:&quot;0&quot;}\" data-image-title=\"upv-ehu.fw\" data-image-description=\"\" data-image-caption=\"\" data-large-file=\"https:\/\/i0.wp.com\/premio.noviasalcedo.es\/wp-content\/uploads\/2018\/06\/upv-ehu.fw_.png?fit=200%2C200&amp;ssl=1\" \/>\n\t\t\t<\/div><\/figure><figure class='gallery-item'>\n\t\t\t<div class='gallery-icon landscape'>\n\t\t\t\t<img loading=\"lazy\" decoding=\"async\" width=\"200\" height=\"200\" src=\"https:\/\/i0.wp.com\/premio.noviasalcedo.es\/wp-content\/uploads\/2018\/06\/laboral.fw_.png?fit=200%2C200&amp;ssl=1\" class=\"attachment-full size-full\" alt=\"\" srcset=\"https:\/\/i0.wp.com\/premio.noviasalcedo.es\/wp-content\/uploads\/2018\/06\/laboral.fw_.png?w=200&amp;ssl=1 200w, https:\/\/i0.wp.com\/premio.noviasalcedo.es\/wp-content\/uploads\/2018\/06\/laboral.fw_.png?resize=150%2C150&amp;ssl=1 150w\" sizes=\"auto, (max-width: 200px) 100vw, 200px\" data-attachment-id=\"839\" data-permalink=\"https:\/\/premio.noviasalcedo.es\/en\/laboral-fw\/\" data-orig-file=\"https:\/\/i0.wp.com\/premio.noviasalcedo.es\/wp-content\/uploads\/2018\/06\/laboral.fw_.png?fit=200%2C200&amp;ssl=1\" data-orig-size=\"200,200\" data-comments-opened=\"1\" data-image-meta=\"{&quot;aperture&quot;:&quot;0&quot;,&quot;credit&quot;:&quot;&quot;,&quot;camera&quot;:&quot;&quot;,&quot;caption&quot;:&quot;&quot;,&quot;created_timestamp&quot;:&quot;0&quot;,&quot;copyright&quot;:&quot;&quot;,&quot;focal_length&quot;:&quot;0&quot;,&quot;iso&quot;:&quot;0&quot;,&quot;shutter_speed&quot;:&quot;0&quot;,&quot;title&quot;:&quot;&quot;,&quot;orientation&quot;:&quot;0&quot;}\" data-image-title=\"laboral.fw\" data-image-description=\"\" data-image-caption=\"\" data-large-file=\"https:\/\/i0.wp.com\/premio.noviasalcedo.es\/wp-content\/uploads\/2018\/06\/laboral.fw_.png?fit=200%2C200&amp;ssl=1\" \/>\n\t\t\t<\/div><\/figure><figure class='gallery-item'>\n\t\t\t<div class='gallery-icon landscape'>\n\t\t\t\t<img loading=\"lazy\" decoding=\"async\" width=\"200\" height=\"200\" src=\"https:\/\/i0.wp.com\/premio.noviasalcedo.es\/wp-content\/uploads\/2018\/07\/antolin.fw_.png?fit=200%2C200&amp;ssl=1\" class=\"attachment-full size-full\" alt=\"\" srcset=\"https:\/\/i0.wp.com\/premio.noviasalcedo.es\/wp-content\/uploads\/2018\/07\/antolin.fw_.png?w=200&amp;ssl=1 200w, https:\/\/i0.wp.com\/premio.noviasalcedo.es\/wp-content\/uploads\/2018\/07\/antolin.fw_.png?resize=150%2C150&amp;ssl=1 150w\" sizes=\"auto, (max-width: 200px) 100vw, 200px\" data-attachment-id=\"890\" data-permalink=\"https:\/\/premio.noviasalcedo.es\/en\/patrocinadores\/antolin-fw\/\" data-orig-file=\"https:\/\/i0.wp.com\/premio.noviasalcedo.es\/wp-content\/uploads\/2018\/07\/antolin.fw_.png?fit=200%2C200&amp;ssl=1\" data-orig-size=\"200,200\" data-comments-opened=\"1\" data-image-meta=\"{&quot;aperture&quot;:&quot;0&quot;,&quot;credit&quot;:&quot;&quot;,&quot;camera&quot;:&quot;&quot;,&quot;caption&quot;:&quot;&quot;,&quot;created_timestamp&quot;:&quot;0&quot;,&quot;copyright&quot;:&quot;&quot;,&quot;focal_length&quot;:&quot;0&quot;,&quot;iso&quot;:&quot;0&quot;,&quot;shutter_speed&quot;:&quot;0&quot;,&quot;title&quot;:&quot;&quot;,&quot;orientation&quot;:&quot;0&quot;}\" data-image-title=\"Grupo Antolin\" data-image-description=\"\" data-image-caption=\"\" data-large-file=\"https:\/\/i0.wp.com\/premio.noviasalcedo.es\/wp-content\/uploads\/2018\/07\/antolin.fw_.png?fit=200%2C200&amp;ssl=1\" \/>\n\t\t\t<\/div><\/figure><figure class='gallery-item'>\n\t\t\t<div class='gallery-icon landscape'>\n\t\t\t\t<img loading=\"lazy\" decoding=\"async\" width=\"200\" height=\"200\" src=\"https:\/\/i0.wp.com\/premio.noviasalcedo.es\/wp-content\/uploads\/2018\/09\/petronor50.fw_.png?fit=200%2C200&amp;ssl=1\" class=\"attachment-full size-full\" alt=\"\" srcset=\"https:\/\/i0.wp.com\/premio.noviasalcedo.es\/wp-content\/uploads\/2018\/09\/petronor50.fw_.png?w=200&amp;ssl=1 200w, https:\/\/i0.wp.com\/premio.noviasalcedo.es\/wp-content\/uploads\/2018\/09\/petronor50.fw_.png?resize=150%2C150&amp;ssl=1 150w\" sizes=\"auto, (max-width: 200px) 100vw, 200px\" data-attachment-id=\"934\" data-permalink=\"https:\/\/premio.noviasalcedo.es\/en\/patrocinadores\/petronor50-fw\/\" data-orig-file=\"https:\/\/i0.wp.com\/premio.noviasalcedo.es\/wp-content\/uploads\/2018\/09\/petronor50.fw_.png?fit=200%2C200&amp;ssl=1\" data-orig-size=\"200,200\" data-comments-opened=\"1\" data-image-meta=\"{&quot;aperture&quot;:&quot;0&quot;,&quot;credit&quot;:&quot;&quot;,&quot;camera&quot;:&quot;&quot;,&quot;caption&quot;:&quot;&quot;,&quot;created_timestamp&quot;:&quot;0&quot;,&quot;copyright&quot;:&quot;&quot;,&quot;focal_length&quot;:&quot;0&quot;,&quot;iso&quot;:&quot;0&quot;,&quot;shutter_speed&quot;:&quot;0&quot;,&quot;title&quot;:&quot;&quot;,&quot;orientation&quot;:&quot;0&quot;}\" data-image-title=\"petronor50.fw\" data-image-description=\"\" data-image-caption=\"\" data-large-file=\"https:\/\/i0.wp.com\/premio.noviasalcedo.es\/wp-content\/uploads\/2018\/09\/petronor50.fw_.png?fit=200%2C200&amp;ssl=1\" \/>\n\t\t\t<\/div><\/figure>\n\t\t<\/div>\n\n","protected":false},"excerpt":{"rendered":"","protected":false},"author":1,"featured_media":0,"parent":0,"menu_order":0,"comment_status":"closed","ping_status":"closed","template":"","meta":{"jetpack_post_was_ever_published":false,"footnotes":""},"class_list":["post-13","page","type-page","status-publish","hentry"],"yoast_head":"<!-- This site is optimized with the Yoast SEO plugin v27.5 - https:\/\/yoast.com\/product\/yoast-seo-wordpress\/ -->\n<title>Sponsors - Novia Salcedo Awards<\/title>\n<meta name=\"robots\" content=\"index, follow, max-snippet:-1, max-image-preview:large, max-video-preview:-1\" \/>\n<link rel=\"canonical\" href=\"https:\/\/premio.noviasalcedo.es\/patrocinadores\/\" \/>\n<meta property=\"og:locale\" content=\"en_US\" \/>\n<meta property=\"og:type\" content=\"article\" \/>\n<meta property=\"og:title\" content=\"Sponsors - Novia Salcedo Awards\" \/>\n<meta property=\"og:url\" content=\"https:\/\/premio.noviasalcedo.es\/patrocinadores\/\" \/>\n<meta property=\"og:site_name\" content=\"Novia Salcedo Awards\" \/>\n<meta property=\"article:modified_time\" content=\"2018-10-01T08:23:27+00:00\" \/>\n<meta property=\"og:image\" content=\"https:\/\/i0.wp.com\/premio.noviasalcedo.es\/wp-content\/uploads\/2018\/06\/Gv.fw_.png?fit=200%2C200&amp;ssl=1\" \/>\n<meta name=\"twitter:card\" content=\"summary_large_image\" \/>\n<script type=\"application\/ld+json\" class=\"yoast-schema-graph\">{\"@context\":\"https:\\\/\\\/schema.org\",\"@graph\":[{\"@type\":\"WebPage\",\"@id\":\"https:\\\/\\\/premio.noviasalcedo.es\\\/patrocinadores\\\/\",\"url\":\"https:\\\/\\\/premio.noviasalcedo.es\\\/patrocinadores\\\/\",\"name\":\"Sponsors - Novia Salcedo Awards\",\"isPartOf\":{\"@id\":\"https:\\\/\\\/premio.noviasalcedo.es\\\/eu\\\/#website\"},\"datePublished\":\"2016-01-13T12:06:05+00:00\",\"dateModified\":\"2018-10-01T08:23:27+00:00\",\"breadcrumb\":{\"@id\":\"https:\\\/\\\/premio.noviasalcedo.es\\\/patrocinadores\\\/#breadcrumb\"},\"inLanguage\":\"en-US\",\"potentialAction\":[{\"@type\":\"ReadAction\",\"target\":[\"https:\\\/\\\/premio.noviasalcedo.es\\\/patrocinadores\\\/\"]}]},{\"@type\":\"BreadcrumbList\",\"@id\":\"https:\\\/\\\/premio.noviasalcedo.es\\\/patrocinadores\\\/#breadcrumb\",\"itemListElement\":[{\"@type\":\"ListItem\",\"position\":1,\"name\":\"Portada\",\"item\":\"https:\\\/\\\/premio.noviasalcedo.es\\\/eu\\\/\"},{\"@type\":\"ListItem\",\"position\":2,\"name\":\"Patrocinadores\"}]},{\"@type\":\"WebSite\",\"@id\":\"https:\\\/\\\/premio.noviasalcedo.es\\\/eu\\\/#website\",\"url\":\"https:\\\/\\\/premio.noviasalcedo.es\\\/eu\\\/\",\"name\":\"Novia Salcedo Awards\",\"description\":\"Novia Salcedo Awards\",\"publisher\":{\"@id\":\"https:\\\/\\\/premio.noviasalcedo.es\\\/eu\\\/#organization\"},\"potentialAction\":[{\"@type\":\"SearchAction\",\"target\":{\"@type\":\"EntryPoint\",\"urlTemplate\":\"https:\\\/\\\/premio.noviasalcedo.es\\\/eu\\\/?s={search_term_string}\"},\"query-input\":{\"@type\":\"PropertyValueSpecification\",\"valueRequired\":true,\"valueName\":\"search_term_string\"}}],\"inLanguage\":\"en-US\"},{\"@type\":\"Organization\",\"@id\":\"https:\\\/\\\/premio.noviasalcedo.es\\\/eu\\\/#organization\",\"name\":\"Novia Salcedo Awards\",\"url\":\"https:\\\/\\\/premio.noviasalcedo.es\\\/eu\\\/\",\"logo\":{\"@type\":\"ImageObject\",\"inLanguage\":\"en-US\",\"@id\":\"https:\\\/\\\/premio.noviasalcedo.es\\\/eu\\\/#\\\/schema\\\/logo\\\/image\\\/\",\"url\":\"https:\\\/\\\/i0.wp.com\\\/www.premionoviasalcedo.es\\\/wp-content\\\/uploads\\\/2016\\\/01\\\/logoblanco-claim-small.png?fit=300%2C122\",\"contentUrl\":\"https:\\\/\\\/i0.wp.com\\\/www.premionoviasalcedo.es\\\/wp-content\\\/uploads\\\/2016\\\/01\\\/logoblanco-claim-small.png?fit=300%2C122\",\"width\":300,\"height\":122,\"caption\":\"Novia Salcedo Awards\"},\"image\":{\"@id\":\"https:\\\/\\\/premio.noviasalcedo.es\\\/eu\\\/#\\\/schema\\\/logo\\\/image\\\/\"}}]}<\/script>\n<!-- \/ Yoast SEO plugin. -->","yoast_head_json":{"title":"Sponsors - Novia Salcedo Awards","robots":{"index":"index","follow":"follow","max-snippet":"max-snippet:-1","max-image-preview":"max-image-preview:large","max-video-preview":"max-video-preview:-1"},"canonical":"https:\/\/premio.noviasalcedo.es\/patrocinadores\/","og_locale":"en_US","og_type":"article","og_title":"Sponsors - Novia Salcedo Awards","og_url":"https:\/\/premio.noviasalcedo.es\/patrocinadores\/","og_site_name":"Novia Salcedo Awards","article_modified_time":"2018-10-01T08:23:27+00:00","og_image":[{"url":"https:\/\/i0.wp.com\/premio.noviasalcedo.es\/wp-content\/uploads\/2018\/06\/Gv.fw_.png?fit=200%2C200&amp;ssl=1","type":"","width":"","height":""}],"twitter_card":"summary_large_image","schema":{"@context":"https:\/\/schema.org","@graph":[{"@type":"WebPage","@id":"https:\/\/premio.noviasalcedo.es\/patrocinadores\/","url":"https:\/\/premio.noviasalcedo.es\/patrocinadores\/","name":"Sponsors - Novia Salcedo Awards","isPartOf":{"@id":"https:\/\/premio.noviasalcedo.es\/eu\/#website"},"datePublished":"2016-01-13T12:06:05+00:00","dateModified":"2018-10-01T08:23:27+00:00","breadcrumb":{"@id":"https:\/\/premio.noviasalcedo.es\/patrocinadores\/#breadcrumb"},"inLanguage":"en-US","potentialAction":[{"@type":"ReadAction","target":["https:\/\/premio.noviasalcedo.es\/patrocinadores\/"]}]},{"@type":"BreadcrumbList","@id":"https:\/\/premio.noviasalcedo.es\/patrocinadores\/#breadcrumb","itemListElement":[{"@type":"ListItem","position":1,"name":"Portada","item":"https:\/\/premio.noviasalcedo.es\/eu\/"},{"@type":"ListItem","position":2,"name":"Patrocinadores"}]},{"@type":"WebSite","@id":"https:\/\/premio.noviasalcedo.es\/eu\/#website","url":"https:\/\/premio.noviasalcedo.es\/eu\/","name":"Novia Salcedo Awards","description":"Novia Salcedo Awards","publisher":{"@id":"https:\/\/premio.noviasalcedo.es\/eu\/#organization"},"potentialAction":[{"@type":"SearchAction","target":{"@type":"EntryPoint","urlTemplate":"https:\/\/premio.noviasalcedo.es\/eu\/?s={search_term_string}"},"query-input":{"@type":"PropertyValueSpecification","valueRequired":true,"valueName":"search_term_string"}}],"inLanguage":"en-US"},{"@type":"Organization","@id":"https:\/\/premio.noviasalcedo.es\/eu\/#organization","name":"Novia Salcedo Awards","url":"https:\/\/premio.noviasalcedo.es\/eu\/","logo":{"@type":"ImageObject","inLanguage":"en-US","@id":"https:\/\/premio.noviasalcedo.es\/eu\/#\/schema\/logo\/image\/","url":"https:\/\/i0.wp.com\/www.premionoviasalcedo.es\/wp-content\/uploads\/2016\/01\/logoblanco-claim-small.png?fit=300%2C122","contentUrl":"https:\/\/i0.wp.com\/www.premionoviasalcedo.es\/wp-content\/uploads\/2016\/01\/logoblanco-claim-small.png?fit=300%2C122","width":300,"height":122,"caption":"Novia Salcedo Awards"},"image":{"@id":"https:\/\/premio.noviasalcedo.es\/eu\/#\/schema\/logo\/image\/"}}]}},"jetpack_sharing_enabled":true,"jetpack_shortlink":"https:\/\/wp.me\/P786iL-d","jetpack-related-posts":[{"id":504,"url":"https:\/\/premio.noviasalcedo.es\/en\/convocatoria\/a-la-pyme\/","url_meta":{"origin":13,"position":0},"title":"to Small and Medium-Sized Enterprises","author":"NoviaSalcedo","date":"Wednesday March  7th, 2018","format":false,"excerpt":"This prize will consider any enterprising initiatives aimed at integrating young people regarding issues included in the 2030 Agenda and that are linked to the following fields: digital transformation; women; green economy; circular economy; sustainable mobility; work-family balance; water; waste; etc. and that contribute to improving the employability of young\u2026","rel":"","context":"Similar post","block_context":{"text":"Similar post","link":""},"img":{"alt_text":"","src":"","width":0,"height":0},"classes":[]},{"id":9,"url":"https:\/\/premio.noviasalcedo.es\/en\/convocatoria\/","url_meta":{"origin":13,"position":1},"title":"Candidates","author":"NoviaSalcedo","date":"Wednesday January 13th, 2016","format":false,"excerpt":"The Novia Salcedo Awards are given to individuals, businesses and institutions that contribute with their work, commitment, and merits to improve the employability prospects of young people within the framework of the Goals of the 2030 Agenda for Sustainable Development and, more specifically, the following: \u00a0 SDG 4. Ensure inclusive\u2026","rel":"","context":"Similar post","block_context":{"text":"Similar post","link":""},"img":{"alt_text":"","src":"https:\/\/i0.wp.com\/premio.noviasalcedo.es\/wp-content\/uploads\/2018\/03\/S_SDG_logo_No-UN-Emblem_horizontal_rgb-300x43.png?resize=350%2C200&ssl=1","width":350,"height":200},"classes":[]},{"id":265,"url":"https:\/\/premio.noviasalcedo.es\/en\/registration-awards-ceremony\/","url_meta":{"origin":13,"position":2},"title":"Registration Awards ceremony","author":"NoviaSalcedo","date":"Friday May 20th, 2016","format":false,"excerpt":"Cargando... \u00a0","rel":"","context":"Similar post","block_context":{"text":"Similar post","link":""},"img":{"alt_text":"","src":"https:\/\/i0.wp.com\/premio.noviasalcedo.es\/wp-content\/uploads\/2016\/05\/DOM8444.jpg?fit=1200%2C799&ssl=1&resize=350%2C200","width":350,"height":200,"srcset":"https:\/\/i0.wp.com\/premio.noviasalcedo.es\/wp-content\/uploads\/2016\/05\/DOM8444.jpg?fit=1200%2C799&ssl=1&resize=350%2C200 1x, https:\/\/i0.wp.com\/premio.noviasalcedo.es\/wp-content\/uploads\/2016\/05\/DOM8444.jpg?fit=1200%2C799&ssl=1&resize=525%2C300 1.5x, https:\/\/i0.wp.com\/premio.noviasalcedo.es\/wp-content\/uploads\/2016\/05\/DOM8444.jpg?fit=1200%2C799&ssl=1&resize=700%2C400 2x, https:\/\/i0.wp.com\/premio.noviasalcedo.es\/wp-content\/uploads\/2016\/05\/DOM8444.jpg?fit=1200%2C799&ssl=1&resize=1050%2C600 3x"},"classes":[]},{"id":898,"url":"https:\/\/premio.noviasalcedo.es\/en\/convocatoria\/noticias\/","url_meta":{"origin":13,"position":3},"title":"News","author":"NoviaSalcedo","date":"Tuesday July 24th, 2018","format":false,"excerpt":"","rel":"","context":"Similar post","block_context":{"text":"Similar post","link":""},"img":{"alt_text":"","src":"","width":0,"height":0},"classes":[]},{"id":7,"url":"https:\/\/premio.noviasalcedo.es\/en\/jurado\/","url_meta":{"origin":13,"position":4},"title":"Jury","author":"NoviaSalcedo","date":"Wednesday January 13th, 2016","format":false,"excerpt":"Members of the Jury Edition VIII Antonio Garrigues Presidente del jurado Luis Lezama Fundador de Grupo Lezama Carmen Garc\u00eda de Andr\u00e9s Presidenta Ejecutiva Fundaci\u00f3n Tomillo Alejandro Echevarria Presidente de Mediaset\/\u00a0Patrono NSF Victoria Camps Catedr\u00e1tica Em\u00e9rita Universidad Aut\u00f3noma de Barcelona Isabel Garro Directora de Red Pacto Mundial Espa\u00f1a Marta Pedrajas Asesora\u2026","rel":"","context":"Similar post","block_context":{"text":"Similar post","link":""},"img":{"alt_text":"antoniogarrigues","src":"https:\/\/i0.wp.com\/premio.noviasalcedo.es\/wp-content\/uploads\/2016\/01\/antoniogarrigues-300x300.png?resize=350%2C200&ssl=1","width":350,"height":200},"classes":[]},{"id":576,"url":"https:\/\/premio.noviasalcedo.es\/en\/planteamiento\/","url_meta":{"origin":13,"position":5},"title":"Approach","author":"NoviaSalcedo","date":"Wednesday March  7th, 2018","format":false,"excerpt":"The Jury of the 7th Edition of the \u201cNovia Salcedo Awards for Excellence in the Professional Integration of Young People\u201d, which met in Bilbao on 21 April 2016 chaired by Mr Antonio Garrigues, suggested an in-depth review of the event after seven successful editions. This review was to include the\u2026","rel":"","context":"Similar post","block_context":{"text":"Similar post","link":""},"img":{"alt_text":"","src":"","width":0,"height":0},"classes":[]}],"_links":{"self":[{"href":"https:\/\/premio.noviasalcedo.es\/en\/wp-json\/wp\/v2\/pages\/13","targetHints":{"allow":["GET"]}}],"collection":[{"href":"https:\/\/premio.noviasalcedo.es\/en\/wp-json\/wp\/v2\/pages"}],"about":[{"href":"https:\/\/premio.noviasalcedo.es\/en\/wp-json\/wp\/v2\/types\/page"}],"author":[{"embeddable":true,"href":"https:\/\/premio.noviasalcedo.es\/en\/wp-json\/wp\/v2\/users\/1"}],"replies":[{"embeddable":true,"href":"https:\/\/premio.noviasalcedo.es\/en\/wp-json\/wp\/v2\/comments?post=13"}],"version-history":[{"count":51,"href":"https:\/\/premio.noviasalcedo.es\/en\/wp-json\/wp\/v2\/pages\/13\/revisions"}],"predecessor-version":[{"id":952,"href":"https:\/\/premio.noviasalcedo.es\/en\/wp-json\/wp\/v2\/pages\/13\/revisions\/952"}],"wp:attachment":[{"href":"https:\/\/premio.noviasalcedo.es\/en\/wp-json\/wp\/v2\/media?parent=13"}],"curies":[{"name":"wp","href":"https:\/\/api.w.org\/{rel}","templated":true}]}}