{"id":2,"date":"2016-01-13T11:41:24","date_gmt":"2016-01-13T11:41:24","guid":{"rendered":"https:\/\/premio.noviasalcedo.es\/?page_id=2"},"modified":"2018-03-06T12:58:07","modified_gmt":"2018-03-06T11:58:07","slug":"premio-novia-salcedo","status":"publish","type":"page","link":"https:\/\/premio.noviasalcedo.es\/en\/","title":{"rendered":"Novia Salcedo Prize"},"content":{"rendered":"<p><a href=\"https:\/\/i0.wp.com\/premio.noviasalcedo.es\/wp-content\/uploads\/2016\/01\/logopremio-renew-english.png?ssl=1\" rel=\"attachment wp-att-4\"><img data-recalc-dims=\"1\" loading=\"lazy\" decoding=\"async\" data-attachment-id=\"173\" data-permalink=\"https:\/\/premio.noviasalcedo.es\/en\/premio-novia-salcedo\/logopremio-renew-english\/\" data-orig-file=\"https:\/\/i0.wp.com\/premio.noviasalcedo.es\/wp-content\/uploads\/2016\/01\/logopremio-renew-english.png?fit=1800%2C738&amp;ssl=1\" data-orig-size=\"1800,738\" data-comments-opened=\"1\" data-image-meta=\"{&quot;aperture&quot;:&quot;0&quot;,&quot;credit&quot;:&quot;&quot;,&quot;camera&quot;:&quot;&quot;,&quot;caption&quot;:&quot;&quot;,&quot;created_timestamp&quot;:&quot;0&quot;,&quot;copyright&quot;:&quot;&quot;,&quot;focal_length&quot;:&quot;0&quot;,&quot;iso&quot;:&quot;0&quot;,&quot;shutter_speed&quot;:&quot;0&quot;,&quot;title&quot;:&quot;&quot;,&quot;orientation&quot;:&quot;0&quot;}\" data-image-title=\"logopremio renew english\" data-image-description=\"\" data-image-caption=\"\" data-large-file=\"https:\/\/i0.wp.com\/premio.noviasalcedo.es\/wp-content\/uploads\/2016\/01\/logopremio-renew-english.png?fit=731%2C300&amp;ssl=1\" class=\"alignright wp-image-173 size-medium\" src=\"https:\/\/i0.wp.com\/premio.noviasalcedo.es\/wp-content\/uploads\/2016\/01\/logopremio-renew-english-300x123.png?resize=300%2C123&#038;ssl=1\" alt=\"\" width=\"300\" height=\"123\" srcset=\"https:\/\/i0.wp.com\/premio.noviasalcedo.es\/wp-content\/uploads\/2016\/01\/logopremio-renew-english.png?resize=300%2C123&amp;ssl=1 300w, https:\/\/i0.wp.com\/premio.noviasalcedo.es\/wp-content\/uploads\/2016\/01\/logopremio-renew-english.png?resize=768%2C315&amp;ssl=1 768w, https:\/\/i0.wp.com\/premio.noviasalcedo.es\/wp-content\/uploads\/2016\/01\/logopremio-renew-english.png?resize=1024%2C420&amp;ssl=1 1024w, https:\/\/i0.wp.com\/premio.noviasalcedo.es\/wp-content\/uploads\/2016\/01\/logopremio-renew-english.png?w=1800&amp;ssl=1 1800w, https:\/\/i0.wp.com\/premio.noviasalcedo.es\/wp-content\/uploads\/2016\/01\/logopremio-renew-english.png?w=1462&amp;ssl=1 1462w\" sizes=\"auto, (max-width: 300px) 100vw, 300px\" \/><\/a><\/p>\n<h2><strong>Planteamiento<\/strong><\/h2>\n<p><a href=\"http:\/\/www.noviasalcedo.es\" target=\"_blank\">NoviaSalcedo Foundation\u2019s<\/a> objective is to accompany young people as they find their feet in the world of work and wider society once they have finished their secondary and higher education. We seek to provide them with the skills and values necessary to succeed in a world in constant change. We are aware of young people\u2019s vulnerability as they face their future. This Prize is a tool to forward our work of smoothing the way for young people, of finding them allies and creating synergies.<br \/>\nWith this prize, Novia Salcedo aims to:<\/p>\n<ul>\n<li>Recognise and motivate those individuals, firms, administrative bodies and institutions -wherever they are in the world \u2013 that are working to help young people enter the labour market,<\/li>\n<li>Publicize their achievements as an example to Humanity.<\/li>\n<li>Raise awareness in wider society of the need to bring young people into the labour market, for the good of the smooth functioning of the welfare society,<\/li>\n<li>Place the Basque Country in the panorama of great international prizes<\/li>\n<\/ul>\n<p>&nbsp;<\/p>\n<h2><strong>VII\u00a0Edition<\/strong><\/h2>\n<p>&nbsp;<\/p>\n<p>At this edition of the <strong>Novia Salcedo Prize for Excellence in integrating young people into the workface<\/strong>, may submit nominations all persons, institutions, cultural and research centers, universities, companies and other organizations that want to recognize the labor of others in the professional integration of young people .<\/p>\n<p>The award ceremony, scheduled for June 2016, will have a ceremony honoring labor exerted by organizations and people in the field of liability with young.<\/p>\n<h2><strong>Novia Salcedo Prize categories<\/strong><\/h2>\n<p>The Prize will have three categories:<br \/>\nIndividuals. It may fit the category of \u201cAd Honorem\u201d and\/or under 35 years whenever it deems the Jury.<\/p>\n<ul>\n<li>\u00a0Firm, with two categories:\n<ul>\n<li>large companies and<\/li>\n<li>small enterprises<\/li>\n<\/ul>\n<\/li>\n<li>Public bodies\/institutions\/NGOs<\/li>\n<\/ul>\n<p>&nbsp;<\/p>\n<h2><strong>Awarded fields<\/strong><\/h2>\n<p>Prizes will be awarded in the following fields:<\/p>\n<ul>\n<li>Ideas and research<\/li>\n<li>Projects and initiatives<\/li>\n<li>Good practice<\/li>\n<li>Publicity and awareness raising<\/li>\n<\/ul>\n<p>&nbsp;<\/p>\n<div class=\"d32\">\n<div class=\"d321\">\n<p><img data-recalc-dims=\"1\" loading=\"lazy\" decoding=\"async\" class=\"RedimAncho alignnone\" title=\"premio novia salcedo\" src=\"https:\/\/i0.wp.com\/www.noviasalcedo.es\/upload\/publica\/_MG_9760.jpg?resize=480%2C320\" alt=\"premio novia salcedo\" width=\"480\" height=\"320\" \/><\/p>\n<\/div>\n<p>&nbsp;<\/p>\n<\/div>\n","protected":false},"excerpt":{"rendered":"<p>Planteamiento NoviaSalcedo Foundation\u2019s objective is to accompany young people as they find their feet in the world of work and wider society once they have finished their secondary and higher education. We seek to provide them with the skills and values necessary to succeed in a world in constant change. &hellip;<\/p>\n","protected":false},"author":1,"featured_media":0,"parent":0,"menu_order":0,"comment_status":"closed","ping_status":"open","template":"","meta":{"jetpack_post_was_ever_published":false,"footnotes":""},"class_list":["post-2","page","type-page","status-publish","hentry"],"yoast_head":"<!-- This site is optimized with the Yoast SEO plugin v27.3 - https:\/\/yoast.com\/product\/yoast-seo-wordpress\/ -->\n<title>Novia Salcedo Prize - Novia Salcedo Awards<\/title>\n<meta name=\"robots\" content=\"index, follow, max-snippet:-1, max-image-preview:large, max-video-preview:-1\" \/>\n<link rel=\"canonical\" href=\"https:\/\/premio.noviasalcedo.es\/eu\/\" \/>\n<meta property=\"og:locale\" content=\"en_US\" \/>\n<meta property=\"og:type\" content=\"article\" \/>\n<meta property=\"og:title\" content=\"Novia Salcedo Prize - Novia Salcedo Awards\" \/>\n<meta property=\"og:description\" content=\"Planteamiento NoviaSalcedo Foundation\u2019s objective is to accompany young people as they find their feet in the world of work and wider society once they have finished their secondary and higher education. We seek to provide them with the skills and values necessary to succeed in a world in constant change. &hellip;\" \/>\n<meta property=\"og:url\" content=\"https:\/\/premio.noviasalcedo.es\/eu\/\" \/>\n<meta property=\"og:site_name\" content=\"Novia Salcedo Awards\" \/>\n<meta property=\"article:modified_time\" content=\"2018-03-06T11:58:07+00:00\" \/>\n<meta property=\"og:image\" content=\"https:\/\/premio.noviasalcedo.es\/wp-content\/uploads\/2016\/01\/logopremio-renew-english-300x123.png\" \/>\n<meta name=\"twitter:card\" content=\"summary_large_image\" \/>\n<meta name=\"twitter:label1\" content=\"Est. reading time\" \/>\n\t<meta name=\"twitter:data1\" content=\"2 minutes\" \/>\n<script type=\"application\/ld+json\" class=\"yoast-schema-graph\">{\"@context\":\"https:\\\/\\\/schema.org\",\"@graph\":[{\"@type\":\"WebPage\",\"@id\":\"https:\\\/\\\/premio.noviasalcedo.es\\\/eu\\\/\",\"url\":\"https:\\\/\\\/premio.noviasalcedo.es\\\/eu\\\/\",\"name\":\"Novia Salcedo Prize - Novia Salcedo Awards\",\"isPartOf\":{\"@id\":\"https:\\\/\\\/premio.noviasalcedo.es\\\/eu\\\/#website\"},\"primaryImageOfPage\":{\"@id\":\"https:\\\/\\\/premio.noviasalcedo.es\\\/eu\\\/#primaryimage\"},\"image\":{\"@id\":\"https:\\\/\\\/premio.noviasalcedo.es\\\/eu\\\/#primaryimage\"},\"thumbnailUrl\":\"https:\\\/\\\/premio.noviasalcedo.es\\\/wp-content\\\/uploads\\\/2016\\\/01\\\/logopremio-renew-english-300x123.png\",\"datePublished\":\"2016-01-13T11:41:24+00:00\",\"dateModified\":\"2018-03-06T11:58:07+00:00\",\"breadcrumb\":{\"@id\":\"https:\\\/\\\/premio.noviasalcedo.es\\\/eu\\\/#breadcrumb\"},\"inLanguage\":\"en-US\",\"potentialAction\":[{\"@type\":\"ReadAction\",\"target\":[\"https:\\\/\\\/premio.noviasalcedo.es\\\/eu\\\/\"]}]},{\"@type\":\"ImageObject\",\"inLanguage\":\"en-US\",\"@id\":\"https:\\\/\\\/premio.noviasalcedo.es\\\/eu\\\/#primaryimage\",\"url\":\"https:\\\/\\\/premio.noviasalcedo.es\\\/wp-content\\\/uploads\\\/2016\\\/01\\\/logopremio-renew-english-300x123.png\",\"contentUrl\":\"https:\\\/\\\/premio.noviasalcedo.es\\\/wp-content\\\/uploads\\\/2016\\\/01\\\/logopremio-renew-english-300x123.png\"},{\"@type\":\"BreadcrumbList\",\"@id\":\"https:\\\/\\\/premio.noviasalcedo.es\\\/eu\\\/#breadcrumb\",\"itemListElement\":[{\"@type\":\"ListItem\",\"position\":1,\"name\":\"Portada\",\"item\":\"https:\\\/\\\/premio.noviasalcedo.es\\\/eu\\\/\"},{\"@type\":\"ListItem\",\"position\":2,\"name\":\"Premio Novia Salcedo\"}]},{\"@type\":\"WebSite\",\"@id\":\"https:\\\/\\\/premio.noviasalcedo.es\\\/eu\\\/#website\",\"url\":\"https:\\\/\\\/premio.noviasalcedo.es\\\/eu\\\/\",\"name\":\"Novia Salcedo Awards\",\"description\":\"Novia Salcedo Awards\",\"publisher\":{\"@id\":\"https:\\\/\\\/premio.noviasalcedo.es\\\/eu\\\/#organization\"},\"potentialAction\":[{\"@type\":\"SearchAction\",\"target\":{\"@type\":\"EntryPoint\",\"urlTemplate\":\"https:\\\/\\\/premio.noviasalcedo.es\\\/eu\\\/?s={search_term_string}\"},\"query-input\":{\"@type\":\"PropertyValueSpecification\",\"valueRequired\":true,\"valueName\":\"search_term_string\"}}],\"inLanguage\":\"en-US\"},{\"@type\":\"Organization\",\"@id\":\"https:\\\/\\\/premio.noviasalcedo.es\\\/eu\\\/#organization\",\"name\":\"Novia Salcedo Awards\",\"url\":\"https:\\\/\\\/premio.noviasalcedo.es\\\/eu\\\/\",\"logo\":{\"@type\":\"ImageObject\",\"inLanguage\":\"en-US\",\"@id\":\"https:\\\/\\\/premio.noviasalcedo.es\\\/eu\\\/#\\\/schema\\\/logo\\\/image\\\/\",\"url\":\"https:\\\/\\\/i0.wp.com\\\/www.premionoviasalcedo.es\\\/wp-content\\\/uploads\\\/2016\\\/01\\\/logoblanco-claim-small.png?fit=300%2C122\",\"contentUrl\":\"https:\\\/\\\/i0.wp.com\\\/www.premionoviasalcedo.es\\\/wp-content\\\/uploads\\\/2016\\\/01\\\/logoblanco-claim-small.png?fit=300%2C122\",\"width\":300,\"height\":122,\"caption\":\"Novia Salcedo Awards\"},\"image\":{\"@id\":\"https:\\\/\\\/premio.noviasalcedo.es\\\/eu\\\/#\\\/schema\\\/logo\\\/image\\\/\"}}]}<\/script>\n<!-- \/ Yoast SEO plugin. -->","yoast_head_json":{"title":"Novia Salcedo Prize - Novia Salcedo Awards","robots":{"index":"index","follow":"follow","max-snippet":"max-snippet:-1","max-image-preview":"max-image-preview:large","max-video-preview":"max-video-preview:-1"},"canonical":"https:\/\/premio.noviasalcedo.es\/eu\/","og_locale":"en_US","og_type":"article","og_title":"Novia Salcedo Prize - Novia Salcedo Awards","og_description":"Planteamiento NoviaSalcedo Foundation\u2019s objective is to accompany young people as they find their feet in the world of work and wider society once they have finished their secondary and higher education. We seek to provide them with the skills and values necessary to succeed in a world in constant change. &hellip;","og_url":"https:\/\/premio.noviasalcedo.es\/eu\/","og_site_name":"Novia Salcedo Awards","article_modified_time":"2018-03-06T11:58:07+00:00","og_image":[{"url":"https:\/\/premio.noviasalcedo.es\/wp-content\/uploads\/2016\/01\/logopremio-renew-english-300x123.png","type":"","width":"","height":""}],"twitter_card":"summary_large_image","twitter_misc":{"Est. reading time":"2 minutes"},"schema":{"@context":"https:\/\/schema.org","@graph":[{"@type":"WebPage","@id":"https:\/\/premio.noviasalcedo.es\/eu\/","url":"https:\/\/premio.noviasalcedo.es\/eu\/","name":"Novia Salcedo Prize - Novia Salcedo Awards","isPartOf":{"@id":"https:\/\/premio.noviasalcedo.es\/eu\/#website"},"primaryImageOfPage":{"@id":"https:\/\/premio.noviasalcedo.es\/eu\/#primaryimage"},"image":{"@id":"https:\/\/premio.noviasalcedo.es\/eu\/#primaryimage"},"thumbnailUrl":"https:\/\/premio.noviasalcedo.es\/wp-content\/uploads\/2016\/01\/logopremio-renew-english-300x123.png","datePublished":"2016-01-13T11:41:24+00:00","dateModified":"2018-03-06T11:58:07+00:00","breadcrumb":{"@id":"https:\/\/premio.noviasalcedo.es\/eu\/#breadcrumb"},"inLanguage":"en-US","potentialAction":[{"@type":"ReadAction","target":["https:\/\/premio.noviasalcedo.es\/eu\/"]}]},{"@type":"ImageObject","inLanguage":"en-US","@id":"https:\/\/premio.noviasalcedo.es\/eu\/#primaryimage","url":"https:\/\/premio.noviasalcedo.es\/wp-content\/uploads\/2016\/01\/logopremio-renew-english-300x123.png","contentUrl":"https:\/\/premio.noviasalcedo.es\/wp-content\/uploads\/2016\/01\/logopremio-renew-english-300x123.png"},{"@type":"BreadcrumbList","@id":"https:\/\/premio.noviasalcedo.es\/eu\/#breadcrumb","itemListElement":[{"@type":"ListItem","position":1,"name":"Portada","item":"https:\/\/premio.noviasalcedo.es\/eu\/"},{"@type":"ListItem","position":2,"name":"Premio Novia Salcedo"}]},{"@type":"WebSite","@id":"https:\/\/premio.noviasalcedo.es\/eu\/#website","url":"https:\/\/premio.noviasalcedo.es\/eu\/","name":"Novia Salcedo Awards","description":"Novia Salcedo Awards","publisher":{"@id":"https:\/\/premio.noviasalcedo.es\/eu\/#organization"},"potentialAction":[{"@type":"SearchAction","target":{"@type":"EntryPoint","urlTemplate":"https:\/\/premio.noviasalcedo.es\/eu\/?s={search_term_string}"},"query-input":{"@type":"PropertyValueSpecification","valueRequired":true,"valueName":"search_term_string"}}],"inLanguage":"en-US"},{"@type":"Organization","@id":"https:\/\/premio.noviasalcedo.es\/eu\/#organization","name":"Novia Salcedo Awards","url":"https:\/\/premio.noviasalcedo.es\/eu\/","logo":{"@type":"ImageObject","inLanguage":"en-US","@id":"https:\/\/premio.noviasalcedo.es\/eu\/#\/schema\/logo\/image\/","url":"https:\/\/i0.wp.com\/www.premionoviasalcedo.es\/wp-content\/uploads\/2016\/01\/logoblanco-claim-small.png?fit=300%2C122","contentUrl":"https:\/\/i0.wp.com\/www.premionoviasalcedo.es\/wp-content\/uploads\/2016\/01\/logoblanco-claim-small.png?fit=300%2C122","width":300,"height":122,"caption":"Novia Salcedo Awards"},"image":{"@id":"https:\/\/premio.noviasalcedo.es\/eu\/#\/schema\/logo\/image\/"}}]}},"jetpack_sharing_enabled":true,"jetpack_shortlink":"https:\/\/wp.me\/P786iL-2","jetpack-related-posts":[{"id":576,"url":"https:\/\/premio.noviasalcedo.es\/en\/planteamiento\/","url_meta":{"origin":2,"position":0},"title":"Approach","author":"NoviaSalcedo","date":"Wednesday March  7th, 2018","format":false,"excerpt":"The Jury of the 7th Edition of the \u201cNovia Salcedo Awards for Excellence in the Professional Integration of Young People\u201d, which met in Bilbao on 21 April 2016 chaired by Mr Antonio Garrigues, suggested an in-depth review of the event after seven successful editions. This review was to include the\u2026","rel":"","context":"Similar post","block_context":{"text":"Similar post","link":""},"img":{"alt_text":"","src":"","width":0,"height":0},"classes":[]},{"id":7,"url":"https:\/\/premio.noviasalcedo.es\/en\/jurado\/","url_meta":{"origin":2,"position":1},"title":"Jury","author":"NoviaSalcedo","date":"Wednesday January 13th, 2016","format":false,"excerpt":"Members of the Jury Edition VIII Antonio Garrigues Presidente del jurado Luis Lezama Fundador de Grupo Lezama Carmen Garc\u00eda de Andr\u00e9s Presidenta Ejecutiva Fundaci\u00f3n Tomillo Alejandro Echevarria Presidente de Mediaset\/\u00a0Patrono NSF Victoria Camps Catedr\u00e1tica Em\u00e9rita Universidad Aut\u00f3noma de Barcelona Isabel Garro Directora de Red Pacto Mundial Espa\u00f1a Marta Pedrajas Asesora\u2026","rel":"","context":"Similar post","block_context":{"text":"Similar post","link":""},"img":{"alt_text":"antoniogarrigues","src":"https:\/\/i0.wp.com\/premio.noviasalcedo.es\/wp-content\/uploads\/2016\/01\/antoniogarrigues-300x300.png?resize=350%2C200&ssl=1","width":350,"height":200},"classes":[]},{"id":642,"url":"https:\/\/premio.noviasalcedo.es\/en\/politica-de-privacidad\/","url_meta":{"origin":2,"position":2},"title":"Novia Salcedo Foundation Privacy Policy","author":"NoviaSalcedo","date":"Thursday March 22nd, 2018","format":false,"excerpt":"NOVIA SALCEDO FOUNDATION Privacy Policy The Novia Salcedo Foundation, (g-48115356), a Spanish organisation with headquarters at Paseo de Campo Volantin, no. 24, 48007, Bilbao - Vizcaya (Spain), is the owner of the website, premionoviasalcedo.es DATA REQUEST AND PROCESSING Supervisor Novia Salcedo Foundation Paseo Campo Volant\u00edn 24, 1\u00ba \u2013 Bilbao 48007\u2026","rel":"","context":"Similar post","block_context":{"text":"Similar post","link":""},"img":{"alt_text":"","src":"","width":0,"height":0},"classes":[]},{"id":9,"url":"https:\/\/premio.noviasalcedo.es\/en\/convocatoria\/","url_meta":{"origin":2,"position":3},"title":"Candidates","author":"NoviaSalcedo","date":"Wednesday January 13th, 2016","format":false,"excerpt":"The Novia Salcedo Awards are given to individuals, businesses and institutions that contribute with their work, commitment, and merits to improve the employability prospects of young people within the framework of the Goals of the 2030 Agenda for Sustainable Development and, more specifically, the following: \u00a0 SDG 4. Ensure inclusive\u2026","rel":"","context":"Similar post","block_context":{"text":"Similar post","link":""},"img":{"alt_text":"","src":"https:\/\/i0.wp.com\/premio.noviasalcedo.es\/wp-content\/uploads\/2018\/03\/S_SDG_logo_No-UN-Emblem_horizontal_rgb-300x43.png?resize=350%2C200&ssl=1","width":350,"height":200},"classes":[]},{"id":640,"url":"https:\/\/premio.noviasalcedo.es\/en\/cookies\/","url_meta":{"origin":2,"position":4},"title":"(Castellano) Informaci\u00f3n sobre cookies","author":"NoviaSalcedo","date":"Thursday March 22nd, 2018","format":false,"excerpt":"Sorry, this entry is only available in Castellano.","rel":"","context":"Similar post","block_context":{"text":"Similar post","link":""},"img":{"alt_text":"","src":"","width":0,"height":0},"classes":[]},{"id":11,"url":"https:\/\/premio.noviasalcedo.es\/en\/ediciones-anteriores\/","url_meta":{"origin":2,"position":5},"title":"Previous editions","author":"NoviaSalcedo","date":"Wednesday January 13th, 2016","format":false,"excerpt":"Previous Editions of the Award Novia Salcedo VI Edition The prize-winners were Benita Ferrero Waldner\u00a0(in the category of People),\u00a0Enrique Iglesias\u00a0(Ad Honorem),\u00a0Leroy Merlin\u00a0(Mayor Company),\u00a0Sao Prat, S.L\u00a0(Minor Company) and\u00a0Lantegi Batuak\u00a0yCentro Nazaret\u00a0(Organizations). \u00a0V Edition People category;\u00a0D\u00f1a. Rosal\u00eda Mera, (Fundaci\u00f3n Paideia), Ad Honorem Category;\u00a0D.Miguel de la Quadra Salcedo, \u201cMayor Company\u201d Category;\u00a0Everis, \u201cMinor Company\u201d Category;\u00a0Grupo\u2026","rel":"","context":"Similar post","block_context":{"text":"Similar post","link":""},"img":{"alt_text":"_DOM8448","src":"https:\/\/i0.wp.com\/premio.noviasalcedo.es\/wp-content\/uploads\/2016\/01\/DOM8448-300x200.jpg?resize=350%2C200&ssl=1","width":350,"height":200},"classes":[]}],"_links":{"self":[{"href":"https:\/\/premio.noviasalcedo.es\/en\/wp-json\/wp\/v2\/pages\/2","targetHints":{"allow":["GET"]}}],"collection":[{"href":"https:\/\/premio.noviasalcedo.es\/en\/wp-json\/wp\/v2\/pages"}],"about":[{"href":"https:\/\/premio.noviasalcedo.es\/en\/wp-json\/wp\/v2\/types\/page"}],"author":[{"embeddable":true,"href":"https:\/\/premio.noviasalcedo.es\/en\/wp-json\/wp\/v2\/users\/1"}],"replies":[{"embeddable":true,"href":"https:\/\/premio.noviasalcedo.es\/en\/wp-json\/wp\/v2\/comments?post=2"}],"version-history":[{"count":30,"href":"https:\/\/premio.noviasalcedo.es\/en\/wp-json\/wp\/v2\/pages\/2\/revisions"}],"predecessor-version":[{"id":446,"href":"https:\/\/premio.noviasalcedo.es\/en\/wp-json\/wp\/v2\/pages\/2\/revisions\/446"}],"wp:attachment":[{"href":"https:\/\/premio.noviasalcedo.es\/en\/wp-json\/wp\/v2\/media?parent=2"}],"curies":[{"name":"wp","href":"https:\/\/api.w.org\/{rel}","templated":true}]}}