{"id":265,"date":"2016-05-20T11:37:07","date_gmt":"2016-05-20T10:37:07","guid":{"rendered":"https:\/\/premio.noviasalcedo.es\/?page_id=265"},"modified":"2018-09-25T10:52:23","modified_gmt":"2018-09-25T09:52:23","slug":"registration-awards-ceremony","status":"publish","type":"page","link":"https:\/\/premio.noviasalcedo.es\/en\/registration-awards-ceremony\/","title":{"rendered":"Registration Awards ceremony"},"content":{"rendered":"<p><iframe loading=\"lazy\" src=\"https:\/\/docs.google.com\/forms\/d\/e\/1FAIpQLSe3duJL6Rv4NLVdqRdTa0HI4kDwWcvzkHOKeMJSmWohlQmiVA\/viewform?embedded=true\" width=\"640\" height=\"2255\" frameborder=\"0\" marginwidth=\"0\" marginheight=\"0\">Cargando&#8230;<\/iframe><br \/>\n<iframe loading=\"lazy\" style=\"border: 0;\" src=\"https:\/\/www.google.com\/maps\/embed?pb=!1m18!1m12!1m3!1d2905.6147129612664!2d-2.9269980486641747!3d43.25949607903439!2m3!1f0!2f0!3f0!3m2!1i1024!2i768!4f13.1!3m3!1m2!1s0xd4e4fceeb2e3bd5%3A0x6f5bcd799b62ebac!2sTeatro+Arriaga!5e0!3m2!1ses!2ses!4v1463739136213\" width=\"100%\" height=\"450\" frameborder=\"0\" allowfullscreen=\"allowfullscreen\"><\/iframe><\/p>\n<p>&nbsp;<\/p>\n","protected":false},"excerpt":{"rendered":"<p>Cargando&#8230; &nbsp;<\/p>\n","protected":false},"author":1,"featured_media":304,"parent":0,"menu_order":0,"comment_status":"closed","ping_status":"closed","template":"","meta":{"jetpack_post_was_ever_published":false,"footnotes":""},"class_list":["post-265","page","type-page","status-publish","has-post-thumbnail","hentry"],"yoast_head":"<!-- This site is optimized with the Yoast SEO plugin v27.3 - https:\/\/yoast.com\/product\/yoast-seo-wordpress\/ -->\n<title>Registration Awards ceremony - Novia Salcedo Awards<\/title>\n<meta name=\"robots\" content=\"index, follow, max-snippet:-1, max-image-preview:large, max-video-preview:-1\" \/>\n<link rel=\"canonical\" href=\"https:\/\/premio.noviasalcedo.es\/registration-awards-ceremony\/\" \/>\n<meta property=\"og:locale\" content=\"en_US\" \/>\n<meta property=\"og:type\" content=\"article\" \/>\n<meta property=\"og:title\" content=\"Registration Awards ceremony - Novia Salcedo Awards\" \/>\n<meta property=\"og:description\" content=\"Cargando&#8230; &nbsp;\" \/>\n<meta property=\"og:url\" content=\"https:\/\/premio.noviasalcedo.es\/registration-awards-ceremony\/\" \/>\n<meta property=\"og:site_name\" content=\"Novia Salcedo Awards\" \/>\n<meta property=\"article:modified_time\" content=\"2018-09-25T09:52:23+00:00\" \/>\n<meta property=\"og:image\" content=\"https:\/\/i0.wp.com\/premio.noviasalcedo.es\/wp-content\/uploads\/2016\/05\/DOM8444.jpg?fit=1920%2C1278&ssl=1\" \/>\n\t<meta property=\"og:image:width\" content=\"1920\" \/>\n\t<meta property=\"og:image:height\" content=\"1278\" \/>\n\t<meta property=\"og:image:type\" content=\"image\/jpeg\" \/>\n<meta name=\"twitter:card\" content=\"summary_large_image\" \/>\n<script type=\"application\/ld+json\" class=\"yoast-schema-graph\">{\"@context\":\"https:\\\/\\\/schema.org\",\"@graph\":[{\"@type\":\"WebPage\",\"@id\":\"https:\\\/\\\/premio.noviasalcedo.es\\\/registration-awards-ceremony\\\/\",\"url\":\"https:\\\/\\\/premio.noviasalcedo.es\\\/registration-awards-ceremony\\\/\",\"name\":\"Registration Awards ceremony - Novia Salcedo Awards\",\"isPartOf\":{\"@id\":\"https:\\\/\\\/premio.noviasalcedo.es\\\/eu\\\/#website\"},\"primaryImageOfPage\":{\"@id\":\"https:\\\/\\\/premio.noviasalcedo.es\\\/registration-awards-ceremony\\\/#primaryimage\"},\"image\":{\"@id\":\"https:\\\/\\\/premio.noviasalcedo.es\\\/registration-awards-ceremony\\\/#primaryimage\"},\"thumbnailUrl\":\"https:\\\/\\\/i0.wp.com\\\/premio.noviasalcedo.es\\\/wp-content\\\/uploads\\\/2016\\\/05\\\/DOM8444.jpg?fit=1920%2C1278&ssl=1\",\"datePublished\":\"2016-05-20T10:37:07+00:00\",\"dateModified\":\"2018-09-25T09:52:23+00:00\",\"breadcrumb\":{\"@id\":\"https:\\\/\\\/premio.noviasalcedo.es\\\/registration-awards-ceremony\\\/#breadcrumb\"},\"inLanguage\":\"en-US\",\"potentialAction\":[{\"@type\":\"ReadAction\",\"target\":[\"https:\\\/\\\/premio.noviasalcedo.es\\\/registration-awards-ceremony\\\/\"]}]},{\"@type\":\"ImageObject\",\"inLanguage\":\"en-US\",\"@id\":\"https:\\\/\\\/premio.noviasalcedo.es\\\/registration-awards-ceremony\\\/#primaryimage\",\"url\":\"https:\\\/\\\/i0.wp.com\\\/premio.noviasalcedo.es\\\/wp-content\\\/uploads\\\/2016\\\/05\\\/DOM8444.jpg?fit=1920%2C1278&ssl=1\",\"contentUrl\":\"https:\\\/\\\/i0.wp.com\\\/premio.noviasalcedo.es\\\/wp-content\\\/uploads\\\/2016\\\/05\\\/DOM8444.jpg?fit=1920%2C1278&ssl=1\",\"width\":1920,\"height\":1278},{\"@type\":\"BreadcrumbList\",\"@id\":\"https:\\\/\\\/premio.noviasalcedo.es\\\/registration-awards-ceremony\\\/#breadcrumb\",\"itemListElement\":[{\"@type\":\"ListItem\",\"position\":1,\"name\":\"Portada\",\"item\":\"https:\\\/\\\/premio.noviasalcedo.es\\\/eu\\\/\"},{\"@type\":\"ListItem\",\"position\":2,\"name\":\"Inscripci\u00f3n al acto de entrega de Premios\"}]},{\"@type\":\"WebSite\",\"@id\":\"https:\\\/\\\/premio.noviasalcedo.es\\\/eu\\\/#website\",\"url\":\"https:\\\/\\\/premio.noviasalcedo.es\\\/eu\\\/\",\"name\":\"Novia Salcedo Awards\",\"description\":\"Novia Salcedo Awards\",\"publisher\":{\"@id\":\"https:\\\/\\\/premio.noviasalcedo.es\\\/eu\\\/#organization\"},\"potentialAction\":[{\"@type\":\"SearchAction\",\"target\":{\"@type\":\"EntryPoint\",\"urlTemplate\":\"https:\\\/\\\/premio.noviasalcedo.es\\\/eu\\\/?s={search_term_string}\"},\"query-input\":{\"@type\":\"PropertyValueSpecification\",\"valueRequired\":true,\"valueName\":\"search_term_string\"}}],\"inLanguage\":\"en-US\"},{\"@type\":\"Organization\",\"@id\":\"https:\\\/\\\/premio.noviasalcedo.es\\\/eu\\\/#organization\",\"name\":\"Novia Salcedo Awards\",\"url\":\"https:\\\/\\\/premio.noviasalcedo.es\\\/eu\\\/\",\"logo\":{\"@type\":\"ImageObject\",\"inLanguage\":\"en-US\",\"@id\":\"https:\\\/\\\/premio.noviasalcedo.es\\\/eu\\\/#\\\/schema\\\/logo\\\/image\\\/\",\"url\":\"https:\\\/\\\/i0.wp.com\\\/www.premionoviasalcedo.es\\\/wp-content\\\/uploads\\\/2016\\\/01\\\/logoblanco-claim-small.png?fit=300%2C122\",\"contentUrl\":\"https:\\\/\\\/i0.wp.com\\\/www.premionoviasalcedo.es\\\/wp-content\\\/uploads\\\/2016\\\/01\\\/logoblanco-claim-small.png?fit=300%2C122\",\"width\":300,\"height\":122,\"caption\":\"Novia Salcedo Awards\"},\"image\":{\"@id\":\"https:\\\/\\\/premio.noviasalcedo.es\\\/eu\\\/#\\\/schema\\\/logo\\\/image\\\/\"}}]}<\/script>\n<!-- \/ Yoast SEO plugin. -->","yoast_head_json":{"title":"Registration Awards ceremony - Novia Salcedo Awards","robots":{"index":"index","follow":"follow","max-snippet":"max-snippet:-1","max-image-preview":"max-image-preview:large","max-video-preview":"max-video-preview:-1"},"canonical":"https:\/\/premio.noviasalcedo.es\/registration-awards-ceremony\/","og_locale":"en_US","og_type":"article","og_title":"Registration Awards ceremony - Novia Salcedo Awards","og_description":"Cargando&#8230; &nbsp;","og_url":"https:\/\/premio.noviasalcedo.es\/registration-awards-ceremony\/","og_site_name":"Novia Salcedo Awards","article_modified_time":"2018-09-25T09:52:23+00:00","og_image":[{"width":1920,"height":1278,"url":"https:\/\/i0.wp.com\/premio.noviasalcedo.es\/wp-content\/uploads\/2016\/05\/DOM8444.jpg?fit=1920%2C1278&ssl=1","type":"image\/jpeg"}],"twitter_card":"summary_large_image","schema":{"@context":"https:\/\/schema.org","@graph":[{"@type":"WebPage","@id":"https:\/\/premio.noviasalcedo.es\/registration-awards-ceremony\/","url":"https:\/\/premio.noviasalcedo.es\/registration-awards-ceremony\/","name":"Registration Awards ceremony - Novia Salcedo Awards","isPartOf":{"@id":"https:\/\/premio.noviasalcedo.es\/eu\/#website"},"primaryImageOfPage":{"@id":"https:\/\/premio.noviasalcedo.es\/registration-awards-ceremony\/#primaryimage"},"image":{"@id":"https:\/\/premio.noviasalcedo.es\/registration-awards-ceremony\/#primaryimage"},"thumbnailUrl":"https:\/\/i0.wp.com\/premio.noviasalcedo.es\/wp-content\/uploads\/2016\/05\/DOM8444.jpg?fit=1920%2C1278&ssl=1","datePublished":"2016-05-20T10:37:07+00:00","dateModified":"2018-09-25T09:52:23+00:00","breadcrumb":{"@id":"https:\/\/premio.noviasalcedo.es\/registration-awards-ceremony\/#breadcrumb"},"inLanguage":"en-US","potentialAction":[{"@type":"ReadAction","target":["https:\/\/premio.noviasalcedo.es\/registration-awards-ceremony\/"]}]},{"@type":"ImageObject","inLanguage":"en-US","@id":"https:\/\/premio.noviasalcedo.es\/registration-awards-ceremony\/#primaryimage","url":"https:\/\/i0.wp.com\/premio.noviasalcedo.es\/wp-content\/uploads\/2016\/05\/DOM8444.jpg?fit=1920%2C1278&ssl=1","contentUrl":"https:\/\/i0.wp.com\/premio.noviasalcedo.es\/wp-content\/uploads\/2016\/05\/DOM8444.jpg?fit=1920%2C1278&ssl=1","width":1920,"height":1278},{"@type":"BreadcrumbList","@id":"https:\/\/premio.noviasalcedo.es\/registration-awards-ceremony\/#breadcrumb","itemListElement":[{"@type":"ListItem","position":1,"name":"Portada","item":"https:\/\/premio.noviasalcedo.es\/eu\/"},{"@type":"ListItem","position":2,"name":"Inscripci\u00f3n al acto de entrega de Premios"}]},{"@type":"WebSite","@id":"https:\/\/premio.noviasalcedo.es\/eu\/#website","url":"https:\/\/premio.noviasalcedo.es\/eu\/","name":"Novia Salcedo Awards","description":"Novia Salcedo Awards","publisher":{"@id":"https:\/\/premio.noviasalcedo.es\/eu\/#organization"},"potentialAction":[{"@type":"SearchAction","target":{"@type":"EntryPoint","urlTemplate":"https:\/\/premio.noviasalcedo.es\/eu\/?s={search_term_string}"},"query-input":{"@type":"PropertyValueSpecification","valueRequired":true,"valueName":"search_term_string"}}],"inLanguage":"en-US"},{"@type":"Organization","@id":"https:\/\/premio.noviasalcedo.es\/eu\/#organization","name":"Novia Salcedo Awards","url":"https:\/\/premio.noviasalcedo.es\/eu\/","logo":{"@type":"ImageObject","inLanguage":"en-US","@id":"https:\/\/premio.noviasalcedo.es\/eu\/#\/schema\/logo\/image\/","url":"https:\/\/i0.wp.com\/www.premionoviasalcedo.es\/wp-content\/uploads\/2016\/01\/logoblanco-claim-small.png?fit=300%2C122","contentUrl":"https:\/\/i0.wp.com\/www.premionoviasalcedo.es\/wp-content\/uploads\/2016\/01\/logoblanco-claim-small.png?fit=300%2C122","width":300,"height":122,"caption":"Novia Salcedo Awards"},"image":{"@id":"https:\/\/premio.noviasalcedo.es\/eu\/#\/schema\/logo\/image\/"}}]}},"jetpack_sharing_enabled":true,"jetpack_shortlink":"https:\/\/wp.me\/P786iL-4h","jetpack-related-posts":[{"id":11,"url":"https:\/\/premio.noviasalcedo.es\/en\/ediciones-anteriores\/","url_meta":{"origin":265,"position":0},"title":"Previous editions","author":"NoviaSalcedo","date":"Wednesday January 13th, 2016","format":false,"excerpt":"Previous Editions of the Award Novia Salcedo VI Edition The prize-winners were Benita Ferrero Waldner\u00a0(in the category of People),\u00a0Enrique Iglesias\u00a0(Ad Honorem),\u00a0Leroy Merlin\u00a0(Mayor Company),\u00a0Sao Prat, S.L\u00a0(Minor Company) and\u00a0Lantegi Batuak\u00a0yCentro Nazaret\u00a0(Organizations). \u00a0V Edition People category;\u00a0D\u00f1a. Rosal\u00eda Mera, (Fundaci\u00f3n Paideia), Ad Honorem Category;\u00a0D.Miguel de la Quadra Salcedo, \u201cMayor Company\u201d Category;\u00a0Everis, \u201cMinor Company\u201d Category;\u00a0Grupo\u2026","rel":"","context":"Similar post","block_context":{"text":"Similar post","link":""},"img":{"alt_text":"_DOM8448","src":"https:\/\/i0.wp.com\/premio.noviasalcedo.es\/wp-content\/uploads\/2016\/01\/DOM8448-300x200.jpg?resize=350%2C200&ssl=1","width":350,"height":200},"classes":[]},{"id":2,"url":"https:\/\/premio.noviasalcedo.es\/en\/","url_meta":{"origin":265,"position":1},"title":"Novia Salcedo Prize","author":"NoviaSalcedo","date":"Wednesday January 13th, 2016","format":false,"excerpt":"Planteamiento NoviaSalcedo Foundation\u2019s objective is to accompany young people as they find their feet in the world of work and wider society once they have finished their secondary and higher education. We seek to provide them with the skills and values necessary to succeed in a world in constant change.\u2026","rel":"","context":"Similar post","block_context":{"text":"Similar post","link":""},"img":{"alt_text":"","src":"https:\/\/i0.wp.com\/premio.noviasalcedo.es\/wp-content\/uploads\/2016\/01\/logopremio-renew-english-300x123.png?resize=350%2C200&ssl=1","width":350,"height":200},"classes":[]},{"id":7,"url":"https:\/\/premio.noviasalcedo.es\/en\/jurado\/","url_meta":{"origin":265,"position":2},"title":"Jury","author":"NoviaSalcedo","date":"Wednesday January 13th, 2016","format":false,"excerpt":"Members of the Jury Edition VIII Antonio Garrigues Presidente del jurado Luis Lezama Fundador de Grupo Lezama Carmen Garc\u00eda de Andr\u00e9s Presidenta Ejecutiva Fundaci\u00f3n Tomillo Alejandro Echevarria Presidente de Mediaset\/\u00a0Patrono NSF Victoria Camps Catedr\u00e1tica Em\u00e9rita Universidad Aut\u00f3noma de Barcelona Isabel Garro Directora de Red Pacto Mundial Espa\u00f1a Marta Pedrajas Asesora\u2026","rel":"","context":"Similar post","block_context":{"text":"Similar post","link":""},"img":{"alt_text":"antoniogarrigues","src":"https:\/\/i0.wp.com\/premio.noviasalcedo.es\/wp-content\/uploads\/2016\/01\/antoniogarrigues-300x300.png?resize=350%2C200&ssl=1","width":350,"height":200},"classes":[]},{"id":494,"url":"https:\/\/premio.noviasalcedo.es\/en\/convocatoria\/a-la-persona\/","url_meta":{"origin":265,"position":3},"title":"to Individuals","author":"NoviaSalcedo","date":"Wednesday March  7th, 2018","format":false,"excerpt":"This prize acknowledges the careers of people who have dedicated their lives to young people and, particularly, to their general, personal, and professional growth by promoting projects, raising awareness in society, implementing actions, etc. Activities that have not only become key assets for the young people involved but also for\u2026","rel":"","context":"Similar post","block_context":{"text":"Similar post","link":""},"img":{"alt_text":"","src":"","width":0,"height":0},"classes":[]},{"id":13,"url":"https:\/\/premio.noviasalcedo.es\/en\/patrocinadores\/","url_meta":{"origin":265,"position":4},"title":"Sponsors","author":"NoviaSalcedo","date":"Wednesday January 13th, 2016","format":false,"excerpt":"","rel":"","context":"Similar post","block_context":{"text":"Similar post","link":""},"img":{"alt_text":"","src":"https:\/\/i0.wp.com\/premio.noviasalcedo.es\/wp-content\/uploads\/2018\/06\/Gv.fw_.png?resize=350%2C200","width":350,"height":200},"classes":[]},{"id":898,"url":"https:\/\/premio.noviasalcedo.es\/en\/convocatoria\/noticias\/","url_meta":{"origin":265,"position":5},"title":"News","author":"NoviaSalcedo","date":"Tuesday July 24th, 2018","format":false,"excerpt":"","rel":"","context":"Similar post","block_context":{"text":"Similar post","link":""},"img":{"alt_text":"","src":"","width":0,"height":0},"classes":[]}],"_links":{"self":[{"href":"https:\/\/premio.noviasalcedo.es\/en\/wp-json\/wp\/v2\/pages\/265","targetHints":{"allow":["GET"]}}],"collection":[{"href":"https:\/\/premio.noviasalcedo.es\/en\/wp-json\/wp\/v2\/pages"}],"about":[{"href":"https:\/\/premio.noviasalcedo.es\/en\/wp-json\/wp\/v2\/types\/page"}],"author":[{"embeddable":true,"href":"https:\/\/premio.noviasalcedo.es\/en\/wp-json\/wp\/v2\/users\/1"}],"replies":[{"embeddable":true,"href":"https:\/\/premio.noviasalcedo.es\/en\/wp-json\/wp\/v2\/comments?post=265"}],"version-history":[{"count":35,"href":"https:\/\/premio.noviasalcedo.es\/en\/wp-json\/wp\/v2\/pages\/265\/revisions"}],"predecessor-version":[{"id":942,"href":"https:\/\/premio.noviasalcedo.es\/en\/wp-json\/wp\/v2\/pages\/265\/revisions\/942"}],"wp:featuredmedia":[{"embeddable":true,"href":"https:\/\/premio.noviasalcedo.es\/en\/wp-json\/wp\/v2\/media\/304"}],"wp:attachment":[{"href":"https:\/\/premio.noviasalcedo.es\/en\/wp-json\/wp\/v2\/media?parent=265"}],"curies":[{"name":"wp","href":"https:\/\/api.w.org\/{rel}","templated":true}]}}