{"id":576,"date":"2018-03-07T15:55:31","date_gmt":"2018-03-07T14:55:31","guid":{"rendered":"https:\/\/premio.noviasalcedo.es\/?page_id=576"},"modified":"2018-03-13T12:38:52","modified_gmt":"2018-03-13T11:38:52","slug":"planteamiento","status":"publish","type":"page","link":"https:\/\/premio.noviasalcedo.es\/en\/planteamiento\/","title":{"rendered":"Approach"},"content":{"rendered":"<p>The Jury of the 7th Edition of the \u201c<em>Novia Salcedo Awards for Excellence in the Professional Integration of Young People<\/em>\u201d, which met in Bilbao on 21 April 2016 chaired by Mr Antonio Garrigues, suggested an in-depth review of the event after seven successful editions. This review was to include the most pressing problems affecting the world; for example, the integration and education of people suffering severe exclusion.<\/p>\n<p>As a means of approaching the most serious problems of humanity we considered the <strong>2030 Agenda<\/strong>, adopted by the <strong>UN General Assembly<\/strong> in September 2015, as \u201c<em>the best framework we have to promote the well-being of humanity and the ambitious project of ensuring peace and prosperity for all on a healthy planet<\/em>\u201d (Antonio Guterres, Secretary General).<\/p>\n<p>Novia Salcedo <a href=\"http:\/\/www.noviasalcedo.es\/fundacion-novia-salcedo\/noviasalcedo-los-ods\/\">has been familiar with this Agenda<\/a> since its origins and we are committed to achieving its goals, given our special consultative status in the <em>United Nations Economic and Social Council <\/em>and as an associated entity of this organisation\u2019s <em>Department of Public Information<\/em>.<\/p>\n<p>In addition to our career spanning almost 40 years at the service of improving the <strong>employability<\/strong> of young people, we now find ourselves in an even more challenging situation; an Agenda consisting of 17 goals and 169 targets that are interdependent and in which youth unemployment is specified and considered, together with gender equality, one of the main accelerators.<\/p>\n<p>Novia Salcedo considers that the challenge of providing all young people on the planet with decent employment will drive the economic and social transformation of individuals, businesses, organisations, and society. The NSF agrees with the view expressed in <strong>Goal 8b<\/strong> that states that, by 2030, there should be a situation of full employment, social protection, and decent work for all young people.<\/p>\n<p>Within this context, we believe that the 8th Edition of the Novia Salcedo Awards is an excellent opportunity to take a step forward and become an example regarding the 2030 Agenda and, more specifically, the Goals that are most directly related to young people and their employability, which are:<\/p>\n<ul>\n<li><strong>SDG 4<\/strong>. Ensure inclusive and quality education for all and promote lifelong learning.<\/li>\n<li><strong>SDG 5<\/strong>. Achieve gender equality and empower all women and girls.<\/li>\n<li><strong>SDG 8<\/strong>. Promote inclusive and sustainable economic growth, employment and decent work for all.<\/li>\n<li><strong>SDG 10<\/strong>. Reduce inequality within and among countries.<\/li>\n<\/ul>\n<p>Finally, we cannot overlook the fact that, this year, we are celebrating the 70th anniversary of the <a href=\"http:\/\/www.standup4humanrights.org\/en\/declaration.html\">Universal Declaration of Human Rights<\/a>. Articles 23, 25 and 26 of this Declaration, which refer to the right to work, to wages, to protection, and to human dignity, to an adequate standard of living or to education, tell us that the challenges and commitments identified are still valid.<\/p>\n<p>To achieve these goals effectively, we need a new approach aimed at interdependently eradicating poverty in all its forms, combating inequality among countries, preserving the planet by creating sustainable, inclusive, and sustained economic growth, and developing social inclusion. Consequently, this will be the approach and the framework that will guide us during the <strong>8th Edition of the Novia Salcedo Awards<\/strong>.<\/p>\n","protected":false},"excerpt":{"rendered":"<p>The Jury of the 7th Edition of the \u201cNovia Salcedo Awards for Excellence in the Professional Integration of Young People\u201d, which met in Bilbao on 21 April 2016 chaired by Mr Antonio Garrigues, suggested an in-depth review of the event after seven successful editions. This review was to include the &hellip;<\/p>\n","protected":false},"author":1,"featured_media":0,"parent":0,"menu_order":0,"comment_status":"closed","ping_status":"closed","template":"","meta":{"jetpack_post_was_ever_published":false,"footnotes":""},"class_list":["post-576","page","type-page","status-publish","hentry"],"yoast_head":"<!-- This site is optimized with the Yoast SEO plugin v27.4 - https:\/\/yoast.com\/product\/yoast-seo-wordpress\/ -->\n<title>Approach - Novia Salcedo Awards<\/title>\n<meta name=\"robots\" content=\"index, follow, max-snippet:-1, max-image-preview:large, max-video-preview:-1\" \/>\n<link rel=\"canonical\" href=\"https:\/\/premio.noviasalcedo.es\/eu\/planteamiento\/\" \/>\n<meta property=\"og:locale\" content=\"en_US\" \/>\n<meta property=\"og:type\" content=\"article\" \/>\n<meta property=\"og:title\" content=\"Approach - Novia Salcedo Awards\" \/>\n<meta property=\"og:description\" content=\"The Jury of the 7th Edition of the \u201cNovia Salcedo Awards for Excellence in the Professional Integration of Young People\u201d, which met in Bilbao on 21 April 2016 chaired by Mr Antonio Garrigues, suggested an in-depth review of the event after seven successful editions. This review was to include the &hellip;\" \/>\n<meta property=\"og:url\" content=\"https:\/\/premio.noviasalcedo.es\/eu\/planteamiento\/\" \/>\n<meta property=\"og:site_name\" content=\"Novia Salcedo Awards\" \/>\n<meta property=\"article:modified_time\" content=\"2018-03-13T11:38:52+00:00\" \/>\n<meta name=\"twitter:card\" content=\"summary_large_image\" \/>\n<meta name=\"twitter:label1\" content=\"Est. reading time\" \/>\n\t<meta name=\"twitter:data1\" content=\"2 minutes\" \/>\n<script type=\"application\/ld+json\" class=\"yoast-schema-graph\">{\"@context\":\"https:\\\/\\\/schema.org\",\"@graph\":[{\"@type\":\"WebPage\",\"@id\":\"https:\\\/\\\/premio.noviasalcedo.es\\\/eu\\\/planteamiento\\\/\",\"url\":\"https:\\\/\\\/premio.noviasalcedo.es\\\/eu\\\/planteamiento\\\/\",\"name\":\"Approach - Novia Salcedo Awards\",\"isPartOf\":{\"@id\":\"https:\\\/\\\/premio.noviasalcedo.es\\\/eu\\\/#website\"},\"datePublished\":\"2018-03-07T14:55:31+00:00\",\"dateModified\":\"2018-03-13T11:38:52+00:00\",\"breadcrumb\":{\"@id\":\"https:\\\/\\\/premio.noviasalcedo.es\\\/eu\\\/planteamiento\\\/#breadcrumb\"},\"inLanguage\":\"en-US\",\"potentialAction\":[{\"@type\":\"ReadAction\",\"target\":[\"https:\\\/\\\/premio.noviasalcedo.es\\\/eu\\\/planteamiento\\\/\"]}]},{\"@type\":\"BreadcrumbList\",\"@id\":\"https:\\\/\\\/premio.noviasalcedo.es\\\/eu\\\/planteamiento\\\/#breadcrumb\",\"itemListElement\":[{\"@type\":\"ListItem\",\"position\":1,\"name\":\"Portada\",\"item\":\"https:\\\/\\\/premio.noviasalcedo.es\\\/eu\\\/\"},{\"@type\":\"ListItem\",\"position\":2,\"name\":\"Planteamendua\"}]},{\"@type\":\"WebSite\",\"@id\":\"https:\\\/\\\/premio.noviasalcedo.es\\\/eu\\\/#website\",\"url\":\"https:\\\/\\\/premio.noviasalcedo.es\\\/eu\\\/\",\"name\":\"Novia Salcedo Awards\",\"description\":\"Novia Salcedo Awards\",\"publisher\":{\"@id\":\"https:\\\/\\\/premio.noviasalcedo.es\\\/eu\\\/#organization\"},\"potentialAction\":[{\"@type\":\"SearchAction\",\"target\":{\"@type\":\"EntryPoint\",\"urlTemplate\":\"https:\\\/\\\/premio.noviasalcedo.es\\\/eu\\\/?s={search_term_string}\"},\"query-input\":{\"@type\":\"PropertyValueSpecification\",\"valueRequired\":true,\"valueName\":\"search_term_string\"}}],\"inLanguage\":\"en-US\"},{\"@type\":\"Organization\",\"@id\":\"https:\\\/\\\/premio.noviasalcedo.es\\\/eu\\\/#organization\",\"name\":\"Novia Salcedo Awards\",\"url\":\"https:\\\/\\\/premio.noviasalcedo.es\\\/eu\\\/\",\"logo\":{\"@type\":\"ImageObject\",\"inLanguage\":\"en-US\",\"@id\":\"https:\\\/\\\/premio.noviasalcedo.es\\\/eu\\\/#\\\/schema\\\/logo\\\/image\\\/\",\"url\":\"https:\\\/\\\/i0.wp.com\\\/www.premionoviasalcedo.es\\\/wp-content\\\/uploads\\\/2016\\\/01\\\/logoblanco-claim-small.png?fit=300%2C122\",\"contentUrl\":\"https:\\\/\\\/i0.wp.com\\\/www.premionoviasalcedo.es\\\/wp-content\\\/uploads\\\/2016\\\/01\\\/logoblanco-claim-small.png?fit=300%2C122\",\"width\":300,\"height\":122,\"caption\":\"Novia Salcedo Awards\"},\"image\":{\"@id\":\"https:\\\/\\\/premio.noviasalcedo.es\\\/eu\\\/#\\\/schema\\\/logo\\\/image\\\/\"}}]}<\/script>\n<!-- \/ Yoast SEO plugin. -->","yoast_head_json":{"title":"Approach - Novia Salcedo Awards","robots":{"index":"index","follow":"follow","max-snippet":"max-snippet:-1","max-image-preview":"max-image-preview:large","max-video-preview":"max-video-preview:-1"},"canonical":"https:\/\/premio.noviasalcedo.es\/eu\/planteamiento\/","og_locale":"en_US","og_type":"article","og_title":"Approach - Novia Salcedo Awards","og_description":"The Jury of the 7th Edition of the \u201cNovia Salcedo Awards for Excellence in the Professional Integration of Young People\u201d, which met in Bilbao on 21 April 2016 chaired by Mr Antonio Garrigues, suggested an in-depth review of the event after seven successful editions. This review was to include the &hellip;","og_url":"https:\/\/premio.noviasalcedo.es\/eu\/planteamiento\/","og_site_name":"Novia Salcedo Awards","article_modified_time":"2018-03-13T11:38:52+00:00","twitter_card":"summary_large_image","twitter_misc":{"Est. reading time":"2 minutes"},"schema":{"@context":"https:\/\/schema.org","@graph":[{"@type":"WebPage","@id":"https:\/\/premio.noviasalcedo.es\/eu\/planteamiento\/","url":"https:\/\/premio.noviasalcedo.es\/eu\/planteamiento\/","name":"Approach - Novia Salcedo Awards","isPartOf":{"@id":"https:\/\/premio.noviasalcedo.es\/eu\/#website"},"datePublished":"2018-03-07T14:55:31+00:00","dateModified":"2018-03-13T11:38:52+00:00","breadcrumb":{"@id":"https:\/\/premio.noviasalcedo.es\/eu\/planteamiento\/#breadcrumb"},"inLanguage":"en-US","potentialAction":[{"@type":"ReadAction","target":["https:\/\/premio.noviasalcedo.es\/eu\/planteamiento\/"]}]},{"@type":"BreadcrumbList","@id":"https:\/\/premio.noviasalcedo.es\/eu\/planteamiento\/#breadcrumb","itemListElement":[{"@type":"ListItem","position":1,"name":"Portada","item":"https:\/\/premio.noviasalcedo.es\/eu\/"},{"@type":"ListItem","position":2,"name":"Planteamendua"}]},{"@type":"WebSite","@id":"https:\/\/premio.noviasalcedo.es\/eu\/#website","url":"https:\/\/premio.noviasalcedo.es\/eu\/","name":"Novia Salcedo Awards","description":"Novia Salcedo Awards","publisher":{"@id":"https:\/\/premio.noviasalcedo.es\/eu\/#organization"},"potentialAction":[{"@type":"SearchAction","target":{"@type":"EntryPoint","urlTemplate":"https:\/\/premio.noviasalcedo.es\/eu\/?s={search_term_string}"},"query-input":{"@type":"PropertyValueSpecification","valueRequired":true,"valueName":"search_term_string"}}],"inLanguage":"en-US"},{"@type":"Organization","@id":"https:\/\/premio.noviasalcedo.es\/eu\/#organization","name":"Novia Salcedo Awards","url":"https:\/\/premio.noviasalcedo.es\/eu\/","logo":{"@type":"ImageObject","inLanguage":"en-US","@id":"https:\/\/premio.noviasalcedo.es\/eu\/#\/schema\/logo\/image\/","url":"https:\/\/i0.wp.com\/www.premionoviasalcedo.es\/wp-content\/uploads\/2016\/01\/logoblanco-claim-small.png?fit=300%2C122","contentUrl":"https:\/\/i0.wp.com\/www.premionoviasalcedo.es\/wp-content\/uploads\/2016\/01\/logoblanco-claim-small.png?fit=300%2C122","width":300,"height":122,"caption":"Novia Salcedo Awards"},"image":{"@id":"https:\/\/premio.noviasalcedo.es\/eu\/#\/schema\/logo\/image\/"}}]}},"jetpack_sharing_enabled":true,"jetpack_shortlink":"https:\/\/wp.me\/P786iL-9i","jetpack-related-posts":[{"id":2,"url":"https:\/\/premio.noviasalcedo.es\/en\/","url_meta":{"origin":576,"position":0},"title":"Novia Salcedo Prize","author":"NoviaSalcedo","date":"Wednesday January 13th, 2016","format":false,"excerpt":"Planteamiento NoviaSalcedo Foundation\u2019s objective is to accompany young people as they find their feet in the world of work and wider society once they have finished their secondary and higher education. We seek to provide them with the skills and values necessary to succeed in a world in constant change.\u2026","rel":"","context":"Similar post","block_context":{"text":"Similar post","link":""},"img":{"alt_text":"","src":"https:\/\/i0.wp.com\/premio.noviasalcedo.es\/wp-content\/uploads\/2016\/01\/logopremio-renew-english-300x123.png?resize=350%2C200&ssl=1","width":350,"height":200},"classes":[]},{"id":7,"url":"https:\/\/premio.noviasalcedo.es\/en\/jurado\/","url_meta":{"origin":576,"position":1},"title":"Jury","author":"NoviaSalcedo","date":"Wednesday January 13th, 2016","format":false,"excerpt":"Members of the Jury Edition VIII Antonio Garrigues Presidente del jurado Luis Lezama Fundador de Grupo Lezama Carmen Garc\u00eda de Andr\u00e9s Presidenta Ejecutiva Fundaci\u00f3n Tomillo Alejandro Echevarria Presidente de Mediaset\/\u00a0Patrono NSF Victoria Camps Catedr\u00e1tica Em\u00e9rita Universidad Aut\u00f3noma de Barcelona Isabel Garro Directora de Red Pacto Mundial Espa\u00f1a Marta Pedrajas Asesora\u2026","rel":"","context":"Similar post","block_context":{"text":"Similar post","link":""},"img":{"alt_text":"antoniogarrigues","src":"https:\/\/i0.wp.com\/premio.noviasalcedo.es\/wp-content\/uploads\/2016\/01\/antoniogarrigues-300x300.png?resize=350%2C200&ssl=1","width":350,"height":200},"classes":[]},{"id":9,"url":"https:\/\/premio.noviasalcedo.es\/en\/convocatoria\/","url_meta":{"origin":576,"position":2},"title":"Candidates","author":"NoviaSalcedo","date":"Wednesday January 13th, 2016","format":false,"excerpt":"The Novia Salcedo Awards are given to individuals, businesses and institutions that contribute with their work, commitment, and merits to improve the employability prospects of young people within the framework of the Goals of the 2030 Agenda for Sustainable Development and, more specifically, the following: \u00a0 SDG 4. Ensure inclusive\u2026","rel":"","context":"Similar post","block_context":{"text":"Similar post","link":""},"img":{"alt_text":"","src":"https:\/\/i0.wp.com\/premio.noviasalcedo.es\/wp-content\/uploads\/2018\/03\/S_SDG_logo_No-UN-Emblem_horizontal_rgb-300x43.png?resize=350%2C200&ssl=1","width":350,"height":200},"classes":[]},{"id":642,"url":"https:\/\/premio.noviasalcedo.es\/en\/politica-de-privacidad\/","url_meta":{"origin":576,"position":3},"title":"Novia Salcedo Foundation Privacy Policy","author":"NoviaSalcedo","date":"Thursday March 22nd, 2018","format":false,"excerpt":"NOVIA SALCEDO FOUNDATION Privacy Policy The Novia Salcedo Foundation, (g-48115356), a Spanish organisation with headquarters at Paseo de Campo Volantin, no. 24, 48007, Bilbao - Vizcaya (Spain), is the owner of the website, premionoviasalcedo.es DATA REQUEST AND PROCESSING Supervisor Novia Salcedo Foundation Paseo Campo Volant\u00edn 24, 1\u00ba \u2013 Bilbao 48007\u2026","rel":"","context":"Similar post","block_context":{"text":"Similar post","link":""},"img":{"alt_text":"","src":"","width":0,"height":0},"classes":[]},{"id":640,"url":"https:\/\/premio.noviasalcedo.es\/en\/cookies\/","url_meta":{"origin":576,"position":4},"title":"(Castellano) Informaci\u00f3n sobre cookies","author":"NoviaSalcedo","date":"Thursday March 22nd, 2018","format":false,"excerpt":"Sorry, this entry is only available in Castellano.","rel":"","context":"Similar post","block_context":{"text":"Similar post","link":""},"img":{"alt_text":"","src":"","width":0,"height":0},"classes":[]},{"id":11,"url":"https:\/\/premio.noviasalcedo.es\/en\/ediciones-anteriores\/","url_meta":{"origin":576,"position":5},"title":"Previous editions","author":"NoviaSalcedo","date":"Wednesday January 13th, 2016","format":false,"excerpt":"Previous Editions of the Award Novia Salcedo VI Edition The prize-winners were Benita Ferrero Waldner\u00a0(in the category of People),\u00a0Enrique Iglesias\u00a0(Ad Honorem),\u00a0Leroy Merlin\u00a0(Mayor Company),\u00a0Sao Prat, S.L\u00a0(Minor Company) and\u00a0Lantegi Batuak\u00a0yCentro Nazaret\u00a0(Organizations). \u00a0V Edition People category;\u00a0D\u00f1a. Rosal\u00eda Mera, (Fundaci\u00f3n Paideia), Ad Honorem Category;\u00a0D.Miguel de la Quadra Salcedo, \u201cMayor Company\u201d Category;\u00a0Everis, \u201cMinor Company\u201d Category;\u00a0Grupo\u2026","rel":"","context":"Similar post","block_context":{"text":"Similar post","link":""},"img":{"alt_text":"_DOM8448","src":"https:\/\/i0.wp.com\/premio.noviasalcedo.es\/wp-content\/uploads\/2016\/01\/DOM8448-300x200.jpg?resize=350%2C200&ssl=1","width":350,"height":200},"classes":[]}],"_links":{"self":[{"href":"https:\/\/premio.noviasalcedo.es\/en\/wp-json\/wp\/v2\/pages\/576","targetHints":{"allow":["GET"]}}],"collection":[{"href":"https:\/\/premio.noviasalcedo.es\/en\/wp-json\/wp\/v2\/pages"}],"about":[{"href":"https:\/\/premio.noviasalcedo.es\/en\/wp-json\/wp\/v2\/types\/page"}],"author":[{"embeddable":true,"href":"https:\/\/premio.noviasalcedo.es\/en\/wp-json\/wp\/v2\/users\/1"}],"replies":[{"embeddable":true,"href":"https:\/\/premio.noviasalcedo.es\/en\/wp-json\/wp\/v2\/comments?post=576"}],"version-history":[{"count":3,"href":"https:\/\/premio.noviasalcedo.es\/en\/wp-json\/wp\/v2\/pages\/576\/revisions"}],"predecessor-version":[{"id":617,"href":"https:\/\/premio.noviasalcedo.es\/en\/wp-json\/wp\/v2\/pages\/576\/revisions\/617"}],"wp:attachment":[{"href":"https:\/\/premio.noviasalcedo.es\/en\/wp-json\/wp\/v2\/media?parent=576"}],"curies":[{"name":"wp","href":"https:\/\/api.w.org\/{rel}","templated":true}]}}