{"id":642,"date":"2018-03-22T13:08:58","date_gmt":"2018-03-22T12:08:58","guid":{"rendered":"https:\/\/premio.noviasalcedo.es\/?page_id=642"},"modified":"2018-06-05T11:15:09","modified_gmt":"2018-06-05T10:15:09","slug":"politica-de-privacidad","status":"publish","type":"page","link":"https:\/\/premio.noviasalcedo.es\/en\/politica-de-privacidad\/","title":{"rendered":"Novia Salcedo Foundation Privacy Policy"},"content":{"rendered":"<h4>NOVIA SALCEDO FOUNDATION Privacy Policy<\/h4>\n<p>The Novia Salcedo Foundation, (g-48115356), a Spanish organisation with headquarters at Paseo de Campo Volantin, no. 24, 48007, Bilbao &#8211; Vizcaya (Spain), is the owner of the website, premionoviasalcedo.es<\/p>\n<p><strong>DATA REQUEST AND PROCESSING<\/strong><\/p>\n<table class=\"aligncenter\" style=\"border-color: #f2f2f2; background-color: #e6f6ff;\" border=\"1\" width=\"90%\" cellspacing=\"2\" cellpadding=\"1\">\n<tbody>\n<tr>\n<td width=\"20%\"><strong>Supervisor<\/strong><\/td>\n<td width=\"30%\">Novia Salcedo Foundation<\/td>\n<td width=\"50%\">Paseo Campo Volant\u00edn 24, 1\u00ba \u2013 Bilbao 48007<br \/>\nCif:g48115356<br \/>\nThe person responsible for the file:<br \/>\n<a href=\"mailto:dpo.noviasalcedo@noviasalcedo.es\">dpo.noviasalcedo@noviasalcedo.es<\/a><\/td>\n<\/tr>\n<tr style=\"background-color: #f0f7ff;\">\n<td width=\"20%\"><strong>Purpose<\/strong><\/td>\n<td width=\"30%\">To promote improvements in the employability of young people by rewarding individuals, companies and public or private entities.<\/td>\n<td width=\"50%\">We process the information provided on individuals, companies and public or private entities that promote employability.<br \/>\nThe data will be retained as long as the people concerned do not request they be deleted.<br \/>\nThe data, in an aggregated and anonymous manner, may be used to conduct statistical studies.<\/td>\n<\/tr>\n<tr>\n<td width=\"20%\"><strong>Legal basis<\/strong><\/td>\n<td width=\"30%\">Consent of the interested party.<\/td>\n<td width=\"50%\">By filling in and submitting forms, the interested parties expressly and unequivocally authorise the Novia Salcedo Foundation to process the data provided for the purposes described above.<\/td>\n<\/tr>\n<tr style=\"background-color: #f0f7ff;\">\n<td width=\"20%\"><strong>Recipients<\/strong><\/td>\n<td width=\"30%\">No data transfer.<\/td>\n<td width=\"50%\">Data shall not be transferred to third parties, except when legally required.<\/td>\n<\/tr>\n<tr>\n<td width=\"20%\"><strong>Rights<\/strong><\/td>\n<td width=\"30%\">Right of Access to and Rectification or Erasure of personal data, the right to data Portability.<\/td>\n<td width=\"50%\">You may exercise your rights on the website, or by e-mail or postal mail.<\/td>\n<\/tr>\n<\/tbody>\n<\/table>\n<p><strong>DATA REQUEST AND PROCESSING<\/strong><\/p>\n<p><strong>Supervisor<\/strong><\/p>\n<p>The Novia Salcedo Foundation, (Tax Id.: g-48115356), a Spanish organisation with headquarters at Paseo de Campo Volantin, no. 24 1\u00ba, 48007, Bilbao &#8211; Vizcaya (Spain), is the owner of the website, premionoviasalcedo.es<\/p>\n<p>Data Protection Officer:\u00a0 <a href=\"mailto:dpo.noviasalcedo@noviasalcedo.es\">dpo.noviasalcedo@noviasalcedo.es<\/a><\/p>\n<p><strong>Purpose<\/strong><\/p>\n<p>The reason for processing data provided to the Novia Salcedo Foundation is to promote the employability of young people by rewarding individuals, companies and institutions that contribute to this goal through their work, commitment and merits.<\/p>\n<p>This requires the collection of data from the various nominees, which may contain contact information as well as details about their actions and other merits that make them worthy of an award.<\/p>\n<p>The data will be retained as long as the people concerned do not request they be deleted.<br \/>\nThe data, in an aggregated and anonymous manner, may be used to conduct statistical studies.<\/p>\n<p><strong>Legal Basis<\/strong><\/p>\n<p>The legal basis under which the Novia Salcedo Foundation processes the data to send communications consists of the legitimate interest of the company for such processing in accordance with current regulations.<\/p>\n<p>The personal data of our users are stored in a database owned by the Novia Salcedo Foundation, which guarantees the appropriate technical and structural means to ensure the integrity and security of the personal information provided. The data collected are adequate, relevant and not excessive in relation to the scope, purpose and services explicitly and legitimately specified by the Novia Salcedo Foundation.<\/p>\n<p><strong>Recipients<\/strong><\/p>\n<p>Data shall not be transferred to third parties for purposes other than those provided.<br \/>\nThere is no expectation to transfer personal data to a third country or international organisation.<\/p>\n<p>&nbsp;<\/p>\n<p><strong>Rights<\/strong><\/p>\n<p><strong>Right<\/strong><strong> of Access to and Rectification or Erasure of personal data, and the right to data Portability.<\/strong><\/p>\n<p>Users may exercise their rights at any time and free of charge in the following ways:<\/p>\n<ul>\n<li>By sending an e-mail to the address <a href=\"mailto:informacion@noviasalcedo.es\">informacion@noviasalcedo.es<\/a> indicating the right they wish to exercise and their identification data.<\/li>\n<li>By sending a written request to the address of the Novia Salcedo Foundation, indicating the right they wish to exercise and their identification data.<\/li>\n<li>On the website <a href=\"https:\/\/premio.noviasalcedo.es\/politica-de-privacidad\/www.noviasalcedo.es\">www.premionoviasalcedo.es<\/a>, accessing by means of their username and password.<\/li>\n<\/ul>\n<p>In the event of any issue when exercising these rights, or of any other query or dispute relating to our data privacy policy, you may write to:<\/p>\n<p>Novia Salcedo Fundaci\u00f3n<br \/>\nC\/ Paseo de Campo Volant\u00edn 24, 1\u00ba<br \/>\n48007 Bilbao<br \/>\nVizcaya<br \/>\n<a href=\"mailto:dpo.noviasalcedo@noviasalcedo.es\">dpo.noviasalcedo@noviasalcedo.es<\/a><\/p>\n<p>Equally, we would like to inform you that you have the right to file a complaint with the Spanish Data Protection Agency if you consider the data protection legislation has been breached when processing your personal data.<\/p>\n<p>The processing of personal data and the sending of communications by electronic means comply with the contents of Law 15\/1999, of 13 December, on the Protection of Personal Data ( B.O.E 14\/12\/1999) and Law 34\/2002, of 11 July, on Information Society Services and Electronic Commerce (B.O.E. 12\/07\/2002).<\/p>\n<p>&nbsp;<\/p>\n<ul>\n<li><a href=\"https:\/\/premio.noviasalcedo.es\/cookies\/\">Information about Cookies<\/a><\/li>\n<\/ul>\n","protected":false},"excerpt":{"rendered":"<p>NOVIA SALCEDO FOUNDATION Privacy Policy The Novia Salcedo Foundation, (g-48115356), a Spanish organisation with headquarters at Paseo de Campo Volantin, no. 24, 48007, Bilbao &#8211; Vizcaya (Spain), is the owner of the website, premionoviasalcedo.es DATA REQUEST AND PROCESSING Supervisor Novia Salcedo Foundation Paseo Campo Volant\u00edn 24, 1\u00ba \u2013 Bilbao 48007 &hellip;<\/p>\n","protected":false},"author":1,"featured_media":0,"parent":0,"menu_order":0,"comment_status":"closed","ping_status":"closed","template":"","meta":{"jetpack_post_was_ever_published":false,"footnotes":""},"class_list":["post-642","page","type-page","status-publish","hentry"],"yoast_head":"<!-- This site is optimized with the Yoast SEO plugin v27.3 - https:\/\/yoast.com\/product\/yoast-seo-wordpress\/ -->\n<title>Novia Salcedo Foundation Privacy Policy - Novia Salcedo Awards<\/title>\n<meta name=\"robots\" content=\"index, follow, max-snippet:-1, max-image-preview:large, max-video-preview:-1\" \/>\n<link rel=\"canonical\" href=\"https:\/\/premio.noviasalcedo.es\/politica-de-privacidad\/\" \/>\n<meta property=\"og:locale\" content=\"en_US\" \/>\n<meta property=\"og:type\" content=\"article\" \/>\n<meta property=\"og:title\" content=\"Novia Salcedo Foundation Privacy Policy - Novia Salcedo Awards\" \/>\n<meta property=\"og:description\" content=\"NOVIA SALCEDO FOUNDATION Privacy Policy The Novia Salcedo Foundation, (g-48115356), a Spanish organisation with headquarters at Paseo de Campo Volantin, no. 24, 48007, Bilbao &#8211; Vizcaya (Spain), is the owner of the website, premionoviasalcedo.es DATA REQUEST AND PROCESSING Supervisor Novia Salcedo Foundation Paseo Campo Volant\u00edn 24, 1\u00ba \u2013 Bilbao 48007 &hellip;\" \/>\n<meta property=\"og:url\" content=\"https:\/\/premio.noviasalcedo.es\/politica-de-privacidad\/\" \/>\n<meta property=\"og:site_name\" content=\"Novia Salcedo Awards\" \/>\n<meta property=\"article:modified_time\" content=\"2018-06-05T10:15:09+00:00\" \/>\n<meta name=\"twitter:card\" content=\"summary_large_image\" \/>\n<meta name=\"twitter:label1\" content=\"Est. reading time\" \/>\n\t<meta name=\"twitter:data1\" content=\"3 minutes\" \/>\n<script type=\"application\/ld+json\" class=\"yoast-schema-graph\">{\"@context\":\"https:\\\/\\\/schema.org\",\"@graph\":[{\"@type\":\"WebPage\",\"@id\":\"https:\\\/\\\/premio.noviasalcedo.es\\\/politica-de-privacidad\\\/\",\"url\":\"https:\\\/\\\/premio.noviasalcedo.es\\\/politica-de-privacidad\\\/\",\"name\":\"Novia Salcedo Foundation Privacy Policy - Novia Salcedo Awards\",\"isPartOf\":{\"@id\":\"https:\\\/\\\/premio.noviasalcedo.es\\\/eu\\\/#website\"},\"datePublished\":\"2018-03-22T12:08:58+00:00\",\"dateModified\":\"2018-06-05T10:15:09+00:00\",\"breadcrumb\":{\"@id\":\"https:\\\/\\\/premio.noviasalcedo.es\\\/politica-de-privacidad\\\/#breadcrumb\"},\"inLanguage\":\"en-US\",\"potentialAction\":[{\"@type\":\"ReadAction\",\"target\":[\"https:\\\/\\\/premio.noviasalcedo.es\\\/politica-de-privacidad\\\/\"]}]},{\"@type\":\"BreadcrumbList\",\"@id\":\"https:\\\/\\\/premio.noviasalcedo.es\\\/politica-de-privacidad\\\/#breadcrumb\",\"itemListElement\":[{\"@type\":\"ListItem\",\"position\":1,\"name\":\"Portada\",\"item\":\"https:\\\/\\\/premio.noviasalcedo.es\\\/eu\\\/\"},{\"@type\":\"ListItem\",\"position\":2,\"name\":\"Pol\u00edtica de Privacidad de NOVIA SALCEDO FUNDACI\u00d3N\"}]},{\"@type\":\"WebSite\",\"@id\":\"https:\\\/\\\/premio.noviasalcedo.es\\\/eu\\\/#website\",\"url\":\"https:\\\/\\\/premio.noviasalcedo.es\\\/eu\\\/\",\"name\":\"Novia Salcedo Awards\",\"description\":\"Novia Salcedo Awards\",\"publisher\":{\"@id\":\"https:\\\/\\\/premio.noviasalcedo.es\\\/eu\\\/#organization\"},\"potentialAction\":[{\"@type\":\"SearchAction\",\"target\":{\"@type\":\"EntryPoint\",\"urlTemplate\":\"https:\\\/\\\/premio.noviasalcedo.es\\\/eu\\\/?s={search_term_string}\"},\"query-input\":{\"@type\":\"PropertyValueSpecification\",\"valueRequired\":true,\"valueName\":\"search_term_string\"}}],\"inLanguage\":\"en-US\"},{\"@type\":\"Organization\",\"@id\":\"https:\\\/\\\/premio.noviasalcedo.es\\\/eu\\\/#organization\",\"name\":\"Novia Salcedo Awards\",\"url\":\"https:\\\/\\\/premio.noviasalcedo.es\\\/eu\\\/\",\"logo\":{\"@type\":\"ImageObject\",\"inLanguage\":\"en-US\",\"@id\":\"https:\\\/\\\/premio.noviasalcedo.es\\\/eu\\\/#\\\/schema\\\/logo\\\/image\\\/\",\"url\":\"https:\\\/\\\/i0.wp.com\\\/www.premionoviasalcedo.es\\\/wp-content\\\/uploads\\\/2016\\\/01\\\/logoblanco-claim-small.png?fit=300%2C122\",\"contentUrl\":\"https:\\\/\\\/i0.wp.com\\\/www.premionoviasalcedo.es\\\/wp-content\\\/uploads\\\/2016\\\/01\\\/logoblanco-claim-small.png?fit=300%2C122\",\"width\":300,\"height\":122,\"caption\":\"Novia Salcedo Awards\"},\"image\":{\"@id\":\"https:\\\/\\\/premio.noviasalcedo.es\\\/eu\\\/#\\\/schema\\\/logo\\\/image\\\/\"}}]}<\/script>\n<!-- \/ Yoast SEO plugin. -->","yoast_head_json":{"title":"Novia Salcedo Foundation Privacy Policy - Novia Salcedo Awards","robots":{"index":"index","follow":"follow","max-snippet":"max-snippet:-1","max-image-preview":"max-image-preview:large","max-video-preview":"max-video-preview:-1"},"canonical":"https:\/\/premio.noviasalcedo.es\/politica-de-privacidad\/","og_locale":"en_US","og_type":"article","og_title":"Novia Salcedo Foundation Privacy Policy - Novia Salcedo Awards","og_description":"NOVIA SALCEDO FOUNDATION Privacy Policy The Novia Salcedo Foundation, (g-48115356), a Spanish organisation with headquarters at Paseo de Campo Volantin, no. 24, 48007, Bilbao &#8211; Vizcaya (Spain), is the owner of the website, premionoviasalcedo.es DATA REQUEST AND PROCESSING Supervisor Novia Salcedo Foundation Paseo Campo Volant\u00edn 24, 1\u00ba \u2013 Bilbao 48007 &hellip;","og_url":"https:\/\/premio.noviasalcedo.es\/politica-de-privacidad\/","og_site_name":"Novia Salcedo Awards","article_modified_time":"2018-06-05T10:15:09+00:00","twitter_card":"summary_large_image","twitter_misc":{"Est. reading time":"3 minutes"},"schema":{"@context":"https:\/\/schema.org","@graph":[{"@type":"WebPage","@id":"https:\/\/premio.noviasalcedo.es\/politica-de-privacidad\/","url":"https:\/\/premio.noviasalcedo.es\/politica-de-privacidad\/","name":"Novia Salcedo Foundation Privacy Policy - Novia Salcedo Awards","isPartOf":{"@id":"https:\/\/premio.noviasalcedo.es\/eu\/#website"},"datePublished":"2018-03-22T12:08:58+00:00","dateModified":"2018-06-05T10:15:09+00:00","breadcrumb":{"@id":"https:\/\/premio.noviasalcedo.es\/politica-de-privacidad\/#breadcrumb"},"inLanguage":"en-US","potentialAction":[{"@type":"ReadAction","target":["https:\/\/premio.noviasalcedo.es\/politica-de-privacidad\/"]}]},{"@type":"BreadcrumbList","@id":"https:\/\/premio.noviasalcedo.es\/politica-de-privacidad\/#breadcrumb","itemListElement":[{"@type":"ListItem","position":1,"name":"Portada","item":"https:\/\/premio.noviasalcedo.es\/eu\/"},{"@type":"ListItem","position":2,"name":"Pol\u00edtica de Privacidad de NOVIA SALCEDO FUNDACI\u00d3N"}]},{"@type":"WebSite","@id":"https:\/\/premio.noviasalcedo.es\/eu\/#website","url":"https:\/\/premio.noviasalcedo.es\/eu\/","name":"Novia Salcedo Awards","description":"Novia Salcedo Awards","publisher":{"@id":"https:\/\/premio.noviasalcedo.es\/eu\/#organization"},"potentialAction":[{"@type":"SearchAction","target":{"@type":"EntryPoint","urlTemplate":"https:\/\/premio.noviasalcedo.es\/eu\/?s={search_term_string}"},"query-input":{"@type":"PropertyValueSpecification","valueRequired":true,"valueName":"search_term_string"}}],"inLanguage":"en-US"},{"@type":"Organization","@id":"https:\/\/premio.noviasalcedo.es\/eu\/#organization","name":"Novia Salcedo Awards","url":"https:\/\/premio.noviasalcedo.es\/eu\/","logo":{"@type":"ImageObject","inLanguage":"en-US","@id":"https:\/\/premio.noviasalcedo.es\/eu\/#\/schema\/logo\/image\/","url":"https:\/\/i0.wp.com\/www.premionoviasalcedo.es\/wp-content\/uploads\/2016\/01\/logoblanco-claim-small.png?fit=300%2C122","contentUrl":"https:\/\/i0.wp.com\/www.premionoviasalcedo.es\/wp-content\/uploads\/2016\/01\/logoblanco-claim-small.png?fit=300%2C122","width":300,"height":122,"caption":"Novia Salcedo Awards"},"image":{"@id":"https:\/\/premio.noviasalcedo.es\/eu\/#\/schema\/logo\/image\/"}}]}},"jetpack_sharing_enabled":false,"jetpack_shortlink":"https:\/\/wp.me\/P786iL-am","jetpack-related-posts":[{"id":2,"url":"https:\/\/premio.noviasalcedo.es\/en\/","url_meta":{"origin":642,"position":0},"title":"Novia Salcedo Prize","author":"NoviaSalcedo","date":"Wednesday January 13th, 2016","format":false,"excerpt":"Planteamiento NoviaSalcedo Foundation\u2019s objective is to accompany young people as they find their feet in the world of work and wider society once they have finished their secondary and higher education. We seek to provide them with the skills and values necessary to succeed in a world in constant change.\u2026","rel":"","context":"Similar post","block_context":{"text":"Similar post","link":""},"img":{"alt_text":"","src":"https:\/\/i0.wp.com\/premio.noviasalcedo.es\/wp-content\/uploads\/2016\/01\/logopremio-renew-english-300x123.png?resize=350%2C200&ssl=1","width":350,"height":200},"classes":[]},{"id":7,"url":"https:\/\/premio.noviasalcedo.es\/en\/jurado\/","url_meta":{"origin":642,"position":1},"title":"Jury","author":"NoviaSalcedo","date":"Wednesday January 13th, 2016","format":false,"excerpt":"Members of the Jury Edition VIII Antonio Garrigues Presidente del jurado Luis Lezama Fundador de Grupo Lezama Carmen Garc\u00eda de Andr\u00e9s Presidenta Ejecutiva Fundaci\u00f3n Tomillo Alejandro Echevarria Presidente de Mediaset\/\u00a0Patrono NSF Victoria Camps Catedr\u00e1tica Em\u00e9rita Universidad Aut\u00f3noma de Barcelona Isabel Garro Directora de Red Pacto Mundial Espa\u00f1a Marta Pedrajas Asesora\u2026","rel":"","context":"Similar post","block_context":{"text":"Similar post","link":""},"img":{"alt_text":"antoniogarrigues","src":"https:\/\/i0.wp.com\/premio.noviasalcedo.es\/wp-content\/uploads\/2016\/01\/antoniogarrigues-300x300.png?resize=350%2C200&ssl=1","width":350,"height":200},"classes":[]},{"id":640,"url":"https:\/\/premio.noviasalcedo.es\/en\/cookies\/","url_meta":{"origin":642,"position":2},"title":"(Castellano) Informaci\u00f3n sobre cookies","author":"NoviaSalcedo","date":"Thursday March 22nd, 2018","format":false,"excerpt":"Sorry, this entry is only available in Castellano.","rel":"","context":"Similar post","block_context":{"text":"Similar post","link":""},"img":{"alt_text":"","src":"","width":0,"height":0},"classes":[]},{"id":576,"url":"https:\/\/premio.noviasalcedo.es\/en\/planteamiento\/","url_meta":{"origin":642,"position":3},"title":"Approach","author":"NoviaSalcedo","date":"Wednesday March  7th, 2018","format":false,"excerpt":"The Jury of the 7th Edition of the \u201cNovia Salcedo Awards for Excellence in the Professional Integration of Young People\u201d, which met in Bilbao on 21 April 2016 chaired by Mr Antonio Garrigues, suggested an in-depth review of the event after seven successful editions. This review was to include the\u2026","rel":"","context":"Similar post","block_context":{"text":"Similar post","link":""},"img":{"alt_text":"","src":"","width":0,"height":0},"classes":[]},{"id":9,"url":"https:\/\/premio.noviasalcedo.es\/en\/convocatoria\/","url_meta":{"origin":642,"position":4},"title":"Candidates","author":"NoviaSalcedo","date":"Wednesday January 13th, 2016","format":false,"excerpt":"The Novia Salcedo Awards are given to individuals, businesses and institutions that contribute with their work, commitment, and merits to improve the employability prospects of young people within the framework of the Goals of the 2030 Agenda for Sustainable Development and, more specifically, the following: \u00a0 SDG 4. Ensure inclusive\u2026","rel":"","context":"Similar post","block_context":{"text":"Similar post","link":""},"img":{"alt_text":"","src":"https:\/\/i0.wp.com\/premio.noviasalcedo.es\/wp-content\/uploads\/2018\/03\/S_SDG_logo_No-UN-Emblem_horizontal_rgb-300x43.png?resize=350%2C200&ssl=1","width":350,"height":200},"classes":[]},{"id":11,"url":"https:\/\/premio.noviasalcedo.es\/en\/ediciones-anteriores\/","url_meta":{"origin":642,"position":5},"title":"Previous editions","author":"NoviaSalcedo","date":"Wednesday January 13th, 2016","format":false,"excerpt":"Previous Editions of the Award Novia Salcedo VI Edition The prize-winners were Benita Ferrero Waldner\u00a0(in the category of People),\u00a0Enrique Iglesias\u00a0(Ad Honorem),\u00a0Leroy Merlin\u00a0(Mayor Company),\u00a0Sao Prat, S.L\u00a0(Minor Company) and\u00a0Lantegi Batuak\u00a0yCentro Nazaret\u00a0(Organizations). \u00a0V Edition People category;\u00a0D\u00f1a. Rosal\u00eda Mera, (Fundaci\u00f3n Paideia), Ad Honorem Category;\u00a0D.Miguel de la Quadra Salcedo, \u201cMayor Company\u201d Category;\u00a0Everis, \u201cMinor Company\u201d Category;\u00a0Grupo\u2026","rel":"","context":"Similar post","block_context":{"text":"Similar post","link":""},"img":{"alt_text":"_DOM8448","src":"https:\/\/i0.wp.com\/premio.noviasalcedo.es\/wp-content\/uploads\/2016\/01\/DOM8448-300x200.jpg?resize=350%2C200&ssl=1","width":350,"height":200},"classes":[]}],"_links":{"self":[{"href":"https:\/\/premio.noviasalcedo.es\/en\/wp-json\/wp\/v2\/pages\/642","targetHints":{"allow":["GET"]}}],"collection":[{"href":"https:\/\/premio.noviasalcedo.es\/en\/wp-json\/wp\/v2\/pages"}],"about":[{"href":"https:\/\/premio.noviasalcedo.es\/en\/wp-json\/wp\/v2\/types\/page"}],"author":[{"embeddable":true,"href":"https:\/\/premio.noviasalcedo.es\/en\/wp-json\/wp\/v2\/users\/1"}],"replies":[{"embeddable":true,"href":"https:\/\/premio.noviasalcedo.es\/en\/wp-json\/wp\/v2\/comments?post=642"}],"version-history":[{"count":8,"href":"https:\/\/premio.noviasalcedo.es\/en\/wp-json\/wp\/v2\/pages\/642\/revisions"}],"predecessor-version":[{"id":831,"href":"https:\/\/premio.noviasalcedo.es\/en\/wp-json\/wp\/v2\/pages\/642\/revisions\/831"}],"wp:attachment":[{"href":"https:\/\/premio.noviasalcedo.es\/en\/wp-json\/wp\/v2\/media?parent=642"}],"curies":[{"name":"wp","href":"https:\/\/api.w.org\/{rel}","templated":true}]}}