{"id":2,"date":"2016-01-13T11:41:24","date_gmt":"2016-01-13T11:41:24","guid":{"rendered":"https:\/\/premio.noviasalcedo.es\/?page_id=2"},"modified":"2018-03-06T12:58:07","modified_gmt":"2018-03-06T11:58:07","slug":"premio-novia-salcedo","status":"publish","type":"page","link":"https:\/\/premio.noviasalcedo.es\/eu\/","title":{"rendered":"Premio Novia Salcedo"},"content":{"rendered":"<p><a href=\"https:\/\/i0.wp.com\/premio.noviasalcedo.es\/wp-content\/uploads\/2016\/01\/logopremio-renew-euskera.png?ssl=1\" rel=\"attachment wp-att-174\"><img data-recalc-dims=\"1\" loading=\"lazy\" decoding=\"async\" data-attachment-id=\"174\" data-permalink=\"https:\/\/premio.noviasalcedo.es\/eu\/premio-novia-salcedo\/logopremio-renew-euskera\/\" data-orig-file=\"https:\/\/i0.wp.com\/premio.noviasalcedo.es\/wp-content\/uploads\/2016\/01\/logopremio-renew-euskera.png?fit=1800%2C738&amp;ssl=1\" data-orig-size=\"1800,738\" data-comments-opened=\"1\" data-image-meta=\"{&quot;aperture&quot;:&quot;0&quot;,&quot;credit&quot;:&quot;&quot;,&quot;camera&quot;:&quot;&quot;,&quot;caption&quot;:&quot;&quot;,&quot;created_timestamp&quot;:&quot;0&quot;,&quot;copyright&quot;:&quot;&quot;,&quot;focal_length&quot;:&quot;0&quot;,&quot;iso&quot;:&quot;0&quot;,&quot;shutter_speed&quot;:&quot;0&quot;,&quot;title&quot;:&quot;&quot;,&quot;orientation&quot;:&quot;0&quot;}\" data-image-title=\"logopremio renew euskera\" data-image-description=\"\" data-image-caption=\"\" data-large-file=\"https:\/\/i0.wp.com\/premio.noviasalcedo.es\/wp-content\/uploads\/2016\/01\/logopremio-renew-euskera.png?fit=731%2C300&amp;ssl=1\" class=\"size-medium wp-image-174 alignright\" src=\"https:\/\/i0.wp.com\/premio.noviasalcedo.es\/wp-content\/uploads\/2016\/01\/logopremio-renew-euskera-300x123.png?resize=300%2C123&#038;ssl=1\" alt=\"logopremio renew euskera\" width=\"300\" height=\"123\" srcset=\"https:\/\/i0.wp.com\/premio.noviasalcedo.es\/wp-content\/uploads\/2016\/01\/logopremio-renew-euskera.png?resize=300%2C123&amp;ssl=1 300w, https:\/\/i0.wp.com\/premio.noviasalcedo.es\/wp-content\/uploads\/2016\/01\/logopremio-renew-euskera.png?resize=768%2C315&amp;ssl=1 768w, https:\/\/i0.wp.com\/premio.noviasalcedo.es\/wp-content\/uploads\/2016\/01\/logopremio-renew-euskera.png?resize=1024%2C420&amp;ssl=1 1024w, https:\/\/i0.wp.com\/premio.noviasalcedo.es\/wp-content\/uploads\/2016\/01\/logopremio-renew-euskera.png?w=1800&amp;ssl=1 1800w, https:\/\/i0.wp.com\/premio.noviasalcedo.es\/wp-content\/uploads\/2016\/01\/logopremio-renew-euskera.png?w=1462&amp;ssl=1 1462w\" sizes=\"auto, (max-width: 300px) 100vw, 300px\" \/><\/a><\/p>\n<h2><strong>Planteamendua<\/strong><\/h2>\n<p><a href=\"http:\/\/www.noviasalcedo.es\/\"><strong>Novia Salcedo Fundazioaren<\/strong><\/a>\u00a0helburua gazteei gizartean eta lan munduan sartzeko prozesuan laguntza eskaintzea eta etengabe aldatzen ari den munduari aurre egiteko beharrezkoak diren gaitasunak eta balioak ematea da. Gazte Kapitalean daude erakundeen eta enpresen biziraupena, ekonomien eta merkatuen hazkundea, ingurumenaren oreka, gizarteen aurrerapena eta mundu globalean kulturen arteko bizikidetza egokia.<\/p>\n<p>Sari honekin Novia Salcedok helburu hirukoitza lortu nahi du:<\/p>\n<ul>\n<li>Nazioartean gazteen lan integrazioaren alde lanean ari diren pertsonak, enpresak, herri administrazioak eta erakundeak aintzatestea eta motibatzea, horien lorpenak bikaintasunaren adibide gisa zabalduz;<\/li>\n<li>Gizarte orokorra sentsibilizatzea gazteen lan integrazioaren eta horrek ongizate gizartean izango duen eraginaren inguruan;<\/li>\n<li>EAE nazioarteko sari handien panoraman jartzea.<\/li>\n<\/ul>\n<p>&nbsp;<\/p>\n<h2><strong>VII. Deialdia<\/strong><\/h2>\n<p><strong>Gazteen Lan Integrazioaren Bikaintasunari ematen zaion Novia Salcedo Sariaren <\/strong>deialdi honetan, beste batzuek gazteen lan integrazioaren alorrean egin duten lana aintzatetsi nahi duten pertsona, instituzio, kultur eta ikerketa gune, unibertsitate, enpresa eta bestelako erakunde guztiek aurkeztu ahal izango dituzten kandidaturak.<\/p>\n<p>2016ko ekainerako aurreikusita dagoen sarien banaketan, erakundeek eta pertsonek gazteekiko erantzukizunaren alorrean egin duten lanaren aintzatespen ekitaldia ere jasoko da.<\/p>\n<p>&nbsp;<\/p>\n<h2><strong>Novia Salcedo Sarirako Hautagaiak<\/strong><\/h2>\n<p>Saridunen kategorien artean, gazteen lan eta gizarte integrazioaren alde egindako lana dela eta aintzatespen publikoa merezi duten pertsonak, enpresak, herri administrazioak, GKEak edo bestelako erakundeak sartuko dira.<\/p>\n<p>&nbsp;<\/p>\n<h2><strong>Saritutako eremuak<\/strong><\/h2>\n<p>Saria ez dute jasoko bakarrik lanaren ikuspegitik gazteak barne hartzen dituzten pertsonek eta erakundeek, baita ideia berritzaileak sortzen, bultzatzen edo zabaltzen dituzten edo gazteen lan integraziorako kalitatezko proiektuak eta planak sustatzen dituztenek ere. Horrela, saritutako eremuak hauekin erlazionatuta egongo dira:\u00a0 \u2013ideiekin edo kontzeptuekin; \u2013Egitasmoekin edo ekimenekin; \u2013Gauzatzeekin edo jardunbide onekin; eta \u2013sentsibilizazioarekin edo gizarte hedapenarekin.<\/p>\n<p>&nbsp;<\/p>\n<div class=\"d32\">\n<div class=\"d321\">\n<p><img data-recalc-dims=\"1\" loading=\"lazy\" decoding=\"async\" class=\"RedimAncho alignnone\" title=\"premio novia salcedo\" src=\"https:\/\/i0.wp.com\/www.noviasalcedo.es\/upload\/publica\/_MG_9760.jpg?resize=480%2C320\" alt=\"premio novia salcedo\" width=\"480\" height=\"320\" \/><\/p>\n<\/div>\n<p>&nbsp;<\/p>\n<\/div>\n","protected":false},"excerpt":{"rendered":"<p>Planteamendua Novia Salcedo Fundazioaren\u00a0helburua gazteei gizartean eta lan munduan sartzeko prozesuan laguntza eskaintzea eta etengabe aldatzen ari den munduari aurre egiteko beharrezkoak diren gaitasunak eta balioak ematea da. Gazte Kapitalean daude erakundeen eta enpresen biziraupena, ekonomien eta merkatuen hazkundea, ingurumenaren oreka, gizarteen aurrerapena eta mundu globalean kulturen arteko bizikidetza egokia. &hellip;<\/p>\n","protected":false},"author":1,"featured_media":0,"parent":0,"menu_order":0,"comment_status":"closed","ping_status":"open","template":"","meta":{"jetpack_post_was_ever_published":false,"footnotes":""},"class_list":["post-2","page","type-page","status-publish","hentry"],"yoast_head":"<!-- This site is optimized with the Yoast SEO plugin v27.3 - https:\/\/yoast.com\/product\/yoast-seo-wordpress\/ -->\n<title>Premio Novia Salcedo - NoviaSalcedo Sariak<\/title>\n<meta name=\"robots\" content=\"index, follow, max-snippet:-1, max-image-preview:large, max-video-preview:-1\" \/>\n<link rel=\"canonical\" href=\"https:\/\/premio.noviasalcedo.es\/eu\/\" \/>\n<meta property=\"og:locale\" content=\"en_US\" \/>\n<meta property=\"og:type\" content=\"article\" \/>\n<meta property=\"og:title\" content=\"Premio Novia Salcedo - NoviaSalcedo Sariak\" \/>\n<meta property=\"og:description\" content=\"Planteamendua Novia Salcedo Fundazioaren\u00a0helburua gazteei gizartean eta lan munduan sartzeko prozesuan laguntza eskaintzea eta etengabe aldatzen ari den munduari aurre egiteko beharrezkoak diren gaitasunak eta balioak ematea da. Gazte Kapitalean daude erakundeen eta enpresen biziraupena, ekonomien eta merkatuen hazkundea, ingurumenaren oreka, gizarteen aurrerapena eta mundu globalean kulturen arteko bizikidetza egokia. &hellip;\" \/>\n<meta property=\"og:url\" content=\"https:\/\/premio.noviasalcedo.es\/eu\/\" \/>\n<meta property=\"og:site_name\" content=\"NoviaSalcedo Sariak\" \/>\n<meta property=\"article:modified_time\" content=\"2018-03-06T11:58:07+00:00\" \/>\n<meta property=\"og:image\" content=\"https:\/\/premio.noviasalcedo.es\/wp-content\/uploads\/2016\/01\/logopremio-renew-english-300x123.png\" \/>\n<meta name=\"twitter:card\" content=\"summary_large_image\" \/>\n<meta name=\"twitter:label1\" content=\"Est. reading time\" \/>\n\t<meta name=\"twitter:data1\" content=\"1 minutua\" \/>\n<script type=\"application\/ld+json\" class=\"yoast-schema-graph\">{\"@context\":\"https:\\\/\\\/schema.org\",\"@graph\":[{\"@type\":\"WebPage\",\"@id\":\"https:\\\/\\\/premio.noviasalcedo.es\\\/eu\\\/\",\"url\":\"https:\\\/\\\/premio.noviasalcedo.es\\\/eu\\\/\",\"name\":\"Premio Novia Salcedo - NoviaSalcedo Sariak\",\"isPartOf\":{\"@id\":\"https:\\\/\\\/premio.noviasalcedo.es\\\/eu\\\/#website\"},\"primaryImageOfPage\":{\"@id\":\"https:\\\/\\\/premio.noviasalcedo.es\\\/eu\\\/#primaryimage\"},\"image\":{\"@id\":\"https:\\\/\\\/premio.noviasalcedo.es\\\/eu\\\/#primaryimage\"},\"thumbnailUrl\":\"https:\\\/\\\/premio.noviasalcedo.es\\\/wp-content\\\/uploads\\\/2016\\\/01\\\/logopremio-renew-euskera-300x123.png\",\"datePublished\":\"2016-01-13T11:41:24+00:00\",\"dateModified\":\"2018-03-06T11:58:07+00:00\",\"breadcrumb\":{\"@id\":\"https:\\\/\\\/premio.noviasalcedo.es\\\/eu\\\/#breadcrumb\"},\"inLanguage\":\"eu\",\"potentialAction\":[{\"@type\":\"ReadAction\",\"target\":[\"https:\\\/\\\/premio.noviasalcedo.es\\\/eu\\\/\"]}]},{\"@type\":\"ImageObject\",\"inLanguage\":\"eu\",\"@id\":\"https:\\\/\\\/premio.noviasalcedo.es\\\/eu\\\/#primaryimage\",\"url\":\"https:\\\/\\\/premio.noviasalcedo.es\\\/wp-content\\\/uploads\\\/2016\\\/01\\\/logopremio-renew-euskera-300x123.png\",\"contentUrl\":\"https:\\\/\\\/premio.noviasalcedo.es\\\/wp-content\\\/uploads\\\/2016\\\/01\\\/logopremio-renew-euskera-300x123.png\"},{\"@type\":\"BreadcrumbList\",\"@id\":\"https:\\\/\\\/premio.noviasalcedo.es\\\/eu\\\/#breadcrumb\",\"itemListElement\":[{\"@type\":\"ListItem\",\"position\":1,\"name\":\"Portada\",\"item\":\"https:\\\/\\\/premio.noviasalcedo.es\\\/eu\\\/\"},{\"@type\":\"ListItem\",\"position\":2,\"name\":\"Premio Novia Salcedo\"}]},{\"@type\":\"WebSite\",\"@id\":\"https:\\\/\\\/premio.noviasalcedo.es\\\/eu\\\/#website\",\"url\":\"https:\\\/\\\/premio.noviasalcedo.es\\\/eu\\\/\",\"name\":\"NoviaSalcedo Sariak\",\"description\":\"NoviaSalcedo Sariak\",\"publisher\":{\"@id\":\"https:\\\/\\\/premio.noviasalcedo.es\\\/eu\\\/#organization\"},\"potentialAction\":[{\"@type\":\"SearchAction\",\"target\":{\"@type\":\"EntryPoint\",\"urlTemplate\":\"https:\\\/\\\/premio.noviasalcedo.es\\\/eu\\\/?s={search_term_string}\"},\"query-input\":{\"@type\":\"PropertyValueSpecification\",\"valueRequired\":true,\"valueName\":\"search_term_string\"}}],\"inLanguage\":\"eu\"},{\"@type\":\"Organization\",\"@id\":\"https:\\\/\\\/premio.noviasalcedo.es\\\/eu\\\/#organization\",\"name\":\"NoviaSalcedo Sariak\",\"url\":\"https:\\\/\\\/premio.noviasalcedo.es\\\/eu\\\/\",\"logo\":{\"@type\":\"ImageObject\",\"inLanguage\":\"eu\",\"@id\":\"https:\\\/\\\/premio.noviasalcedo.es\\\/eu\\\/#\\\/schema\\\/logo\\\/image\\\/\",\"url\":\"https:\\\/\\\/i0.wp.com\\\/www.premionoviasalcedo.es\\\/wp-content\\\/uploads\\\/2016\\\/01\\\/logoblanco-claim-small.png?fit=300%2C122\",\"contentUrl\":\"https:\\\/\\\/i0.wp.com\\\/www.premionoviasalcedo.es\\\/wp-content\\\/uploads\\\/2016\\\/01\\\/logoblanco-claim-small.png?fit=300%2C122\",\"width\":300,\"height\":122,\"caption\":\"NoviaSalcedo Sariak\"},\"image\":{\"@id\":\"https:\\\/\\\/premio.noviasalcedo.es\\\/eu\\\/#\\\/schema\\\/logo\\\/image\\\/\"}}]}<\/script>\n<!-- \/ Yoast SEO plugin. -->","yoast_head_json":{"title":"Premio Novia Salcedo - NoviaSalcedo Sariak","robots":{"index":"index","follow":"follow","max-snippet":"max-snippet:-1","max-image-preview":"max-image-preview:large","max-video-preview":"max-video-preview:-1"},"canonical":"https:\/\/premio.noviasalcedo.es\/eu\/","og_locale":"en_US","og_type":"article","og_title":"Premio Novia Salcedo - NoviaSalcedo Sariak","og_description":"Planteamendua Novia Salcedo Fundazioaren\u00a0helburua gazteei gizartean eta lan munduan sartzeko prozesuan laguntza eskaintzea eta etengabe aldatzen ari den munduari aurre egiteko beharrezkoak diren gaitasunak eta balioak ematea da. Gazte Kapitalean daude erakundeen eta enpresen biziraupena, ekonomien eta merkatuen hazkundea, ingurumenaren oreka, gizarteen aurrerapena eta mundu globalean kulturen arteko bizikidetza egokia. &hellip;","og_url":"https:\/\/premio.noviasalcedo.es\/eu\/","og_site_name":"NoviaSalcedo Sariak","article_modified_time":"2018-03-06T11:58:07+00:00","og_image":[{"url":"https:\/\/premio.noviasalcedo.es\/wp-content\/uploads\/2016\/01\/logopremio-renew-english-300x123.png","type":"","width":"","height":""}],"twitter_card":"summary_large_image","twitter_misc":{"Est. reading time":"1 minutua"},"schema":{"@context":"https:\/\/schema.org","@graph":[{"@type":"WebPage","@id":"https:\/\/premio.noviasalcedo.es\/eu\/","url":"https:\/\/premio.noviasalcedo.es\/eu\/","name":"Premio Novia Salcedo - NoviaSalcedo Sariak","isPartOf":{"@id":"https:\/\/premio.noviasalcedo.es\/eu\/#website"},"primaryImageOfPage":{"@id":"https:\/\/premio.noviasalcedo.es\/eu\/#primaryimage"},"image":{"@id":"https:\/\/premio.noviasalcedo.es\/eu\/#primaryimage"},"thumbnailUrl":"https:\/\/premio.noviasalcedo.es\/wp-content\/uploads\/2016\/01\/logopremio-renew-euskera-300x123.png","datePublished":"2016-01-13T11:41:24+00:00","dateModified":"2018-03-06T11:58:07+00:00","breadcrumb":{"@id":"https:\/\/premio.noviasalcedo.es\/eu\/#breadcrumb"},"inLanguage":"eu","potentialAction":[{"@type":"ReadAction","target":["https:\/\/premio.noviasalcedo.es\/eu\/"]}]},{"@type":"ImageObject","inLanguage":"eu","@id":"https:\/\/premio.noviasalcedo.es\/eu\/#primaryimage","url":"https:\/\/premio.noviasalcedo.es\/wp-content\/uploads\/2016\/01\/logopremio-renew-euskera-300x123.png","contentUrl":"https:\/\/premio.noviasalcedo.es\/wp-content\/uploads\/2016\/01\/logopremio-renew-euskera-300x123.png"},{"@type":"BreadcrumbList","@id":"https:\/\/premio.noviasalcedo.es\/eu\/#breadcrumb","itemListElement":[{"@type":"ListItem","position":1,"name":"Portada","item":"https:\/\/premio.noviasalcedo.es\/eu\/"},{"@type":"ListItem","position":2,"name":"Premio Novia Salcedo"}]},{"@type":"WebSite","@id":"https:\/\/premio.noviasalcedo.es\/eu\/#website","url":"https:\/\/premio.noviasalcedo.es\/eu\/","name":"NoviaSalcedo Sariak","description":"NoviaSalcedo Sariak","publisher":{"@id":"https:\/\/premio.noviasalcedo.es\/eu\/#organization"},"potentialAction":[{"@type":"SearchAction","target":{"@type":"EntryPoint","urlTemplate":"https:\/\/premio.noviasalcedo.es\/eu\/?s={search_term_string}"},"query-input":{"@type":"PropertyValueSpecification","valueRequired":true,"valueName":"search_term_string"}}],"inLanguage":"eu"},{"@type":"Organization","@id":"https:\/\/premio.noviasalcedo.es\/eu\/#organization","name":"NoviaSalcedo Sariak","url":"https:\/\/premio.noviasalcedo.es\/eu\/","logo":{"@type":"ImageObject","inLanguage":"eu","@id":"https:\/\/premio.noviasalcedo.es\/eu\/#\/schema\/logo\/image\/","url":"https:\/\/i0.wp.com\/www.premionoviasalcedo.es\/wp-content\/uploads\/2016\/01\/logoblanco-claim-small.png?fit=300%2C122","contentUrl":"https:\/\/i0.wp.com\/www.premionoviasalcedo.es\/wp-content\/uploads\/2016\/01\/logoblanco-claim-small.png?fit=300%2C122","width":300,"height":122,"caption":"NoviaSalcedo Sariak"},"image":{"@id":"https:\/\/premio.noviasalcedo.es\/eu\/#\/schema\/logo\/image\/"}}]}},"jetpack_sharing_enabled":true,"jetpack_shortlink":"https:\/\/wp.me\/P786iL-2","jetpack-related-posts":[{"id":576,"url":"https:\/\/premio.noviasalcedo.es\/eu\/planteamiento\/","url_meta":{"origin":2,"position":0},"title":"Planteamendua","author":"NoviaSalcedo","date":"2018 March  7, Wednesday","format":false,"excerpt":"2016ko apirilaren 21ean Bilbon elkartu zen \u201cGazteen Lan Integrazioko bikaintasunaren Novia Salcedo Sariaren\u201d VII. edizioko Epaimahaiak, Antonio Garrigues jauna buru zela, saria sakonean berrikustea iradoki zuen, 7 edizio arrakastatsuren ondoren. Berrikuspen horretan munduko arazo larrienak hartu behar genituen kontuan, eta horien artean zeuden, besteak beste, baztertuen daudenen gizarteratzea eta hezkuntza.\u2026","rel":"","context":"Similar post","block_context":{"text":"Similar post","link":""},"img":{"alt_text":"","src":"","width":0,"height":0},"classes":[]},{"id":7,"url":"https:\/\/premio.noviasalcedo.es\/eu\/jurado\/","url_meta":{"origin":2,"position":1},"title":"Epaimahaiak","author":"NoviaSalcedo","date":"2016 January 13, Wednesday","format":false,"excerpt":"VIII edizioko Epaimahaiko kideak Antonio Garrigues Presidente del jurado Luis Lezama Fundador de Grupo Lezama Carmen Garc\u00eda de Andr\u00e9s Presidenta Ejecutiva Fundaci\u00f3n Tomillo Alejandro Echevarria Presidente de Mediaset\/\u00a0Patrono NSF Victoria Camps Catedr\u00e1tica Em\u00e9rita Universidad Aut\u00f3noma de Barcelona Isabel Garro Directora de Red Pacto Mundial Espa\u00f1a Marta Pedrajas Asesora de pol\u00edticas\u2026","rel":"","context":"Similar post","block_context":{"text":"Similar post","link":""},"img":{"alt_text":"antoniogarrigues","src":"https:\/\/i0.wp.com\/premio.noviasalcedo.es\/wp-content\/uploads\/2016\/01\/antoniogarrigues-300x300.png?resize=350%2C200&ssl=1","width":350,"height":200},"classes":[]},{"id":642,"url":"https:\/\/premio.noviasalcedo.es\/eu\/politica-de-privacidad\/","url_meta":{"origin":2,"position":2},"title":"Novia Salcedo Fundazioaren Pribatutasun Politika","author":"NoviaSalcedo","date":"2018 March 22, Thursday","format":false,"excerpt":"Novia Salcedo Fundazioa (g-48115356), Espainiako naziotasuna duena, eta helbidea Campo Volantin pasealekua, 24, 48007 Bilbao (Bizkaia) duena, da premionoviasalcedo.es webgunearen titularra. DATUEN ESKARIA ETA TRATAMENDUA Arduraduna Novia Salcedo Fundazioa Campo Volantin pasealekua 24, 1. \u2013 Bilbo 48007 IFK: g48115356 Fitxategiaren arduraduna: dpo.noviasalcedo@noviasalcedo.es Helburua Gazteen enplegagarritasunaren hobekuntza sustatzea, pertsonak, enpresak eta\u2026","rel":"","context":"Similar post","block_context":{"text":"Similar post","link":""},"img":{"alt_text":"","src":"","width":0,"height":0},"classes":[]},{"id":9,"url":"https:\/\/premio.noviasalcedo.es\/eu\/convocatoria\/","url_meta":{"origin":2,"position":3},"title":"Novia Salcedo Sariaren Deialdia","author":"NoviaSalcedo","date":"2016 January 13, Wednesday","format":false,"excerpt":"Novia Salcedo Sariak, euren lanaren, konpromisoaren eta merituen bitartez gazteen enplegagarritasunaren hobekuntzari laguntzen dioten pertsonei, enpresei eta erakundeei emango zaizkie, \u00a02030 Agendaren garapen iraunkorraren helburuen barruan, hauek, hain zuzen ere: \u00a0ODS 4. Hezkuntza inklusiboa, ekitatiboa eta kalitatezkoa bermatzea eta bizitza osoan guztientzat ikasketa aukerak sustatzea. ODS 5. Generoen arteko berdintasuna\u2026","rel":"","context":"Similar post","block_context":{"text":"Similar post","link":""},"img":{"alt_text":"","src":"https:\/\/i0.wp.com\/premio.noviasalcedo.es\/wp-content\/uploads\/2018\/03\/S_SDG_logo_No-UN-Emblem_horizontal_rgb-300x43.png?resize=350%2C200&ssl=1","width":350,"height":200},"classes":[]},{"id":640,"url":"https:\/\/premio.noviasalcedo.es\/eu\/cookies\/","url_meta":{"origin":2,"position":4},"title":"(Castellano) Informaci\u00f3n sobre cookies","author":"NoviaSalcedo","date":"2018 March 22, Thursday","format":false,"excerpt":"Sentitzen dugu, baina sarrera hau %LANG-z:, : eta % bakarrik dago.","rel":"","context":"Similar post","block_context":{"text":"Similar post","link":""},"img":{"alt_text":"","src":"","width":0,"height":0},"classes":[]},{"id":11,"url":"https:\/\/premio.noviasalcedo.es\/eu\/ediciones-anteriores\/","url_meta":{"origin":2,"position":5},"title":"Aurreko edizioetan","author":"NoviaSalcedo","date":"2016 January 13, Wednesday","format":false,"excerpt":"Novia Salcedo Sariaren aurreko edizioak VI Edizioa Saridunak hauek izan ziren: Benita Ferrero Waldner\u00a0(Pertsonen kategorian), Enrique Iglesias\u00a0(Ad Honorem), Leroy Merlin (Enpresa handia), Sao Prat, S.L (Enpresa txikia) eta Lantegi Batuak eta Nazaret Ikastetxea\u00a0(Erakundeak). \u00a0V Edizioa Sariduna pertsonen kategorian: Rosal\u00eda Mera andrea, (Paideia Fundazioa); Ad Honorem Kategorian sariduna: Miguel de la\u2026","rel":"","context":"Similar post","block_context":{"text":"Similar post","link":""},"img":{"alt_text":"_DOM8448","src":"https:\/\/i0.wp.com\/premio.noviasalcedo.es\/wp-content\/uploads\/2016\/01\/DOM8448-300x200.jpg?resize=350%2C200&ssl=1","width":350,"height":200},"classes":[]}],"_links":{"self":[{"href":"https:\/\/premio.noviasalcedo.es\/eu\/wp-json\/wp\/v2\/pages\/2","targetHints":{"allow":["GET"]}}],"collection":[{"href":"https:\/\/premio.noviasalcedo.es\/eu\/wp-json\/wp\/v2\/pages"}],"about":[{"href":"https:\/\/premio.noviasalcedo.es\/eu\/wp-json\/wp\/v2\/types\/page"}],"author":[{"embeddable":true,"href":"https:\/\/premio.noviasalcedo.es\/eu\/wp-json\/wp\/v2\/users\/1"}],"replies":[{"embeddable":true,"href":"https:\/\/premio.noviasalcedo.es\/eu\/wp-json\/wp\/v2\/comments?post=2"}],"version-history":[{"count":30,"href":"https:\/\/premio.noviasalcedo.es\/eu\/wp-json\/wp\/v2\/pages\/2\/revisions"}],"predecessor-version":[{"id":446,"href":"https:\/\/premio.noviasalcedo.es\/eu\/wp-json\/wp\/v2\/pages\/2\/revisions\/446"}],"wp:attachment":[{"href":"https:\/\/premio.noviasalcedo.es\/eu\/wp-json\/wp\/v2\/media?parent=2"}],"curies":[{"name":"wp","href":"https:\/\/api.w.org\/{rel}","templated":true}]}}