{"id":265,"date":"2016-05-20T11:37:07","date_gmt":"2016-05-20T10:37:07","guid":{"rendered":"https:\/\/premio.noviasalcedo.es\/?page_id=265"},"modified":"2018-09-25T10:52:23","modified_gmt":"2018-09-25T09:52:23","slug":"registration-awards-ceremony","status":"publish","type":"page","link":"https:\/\/premio.noviasalcedo.es\/eu\/registration-awards-ceremony\/","title":{"rendered":"Izen-ematea Saria"},"content":{"rendered":"<p><iframe loading=\"lazy\" src=\"https:\/\/docs.google.com\/forms\/d\/e\/1FAIpQLSe3duJL6Rv4NLVdqRdTa0HI4kDwWcvzkHOKeMJSmWohlQmiVA\/viewform?embedded=true\" width=\"640\" height=\"2255\" frameborder=\"0\" marginwidth=\"0\" marginheight=\"0\">Cargando&#8230;<\/iframe><\/p>\n<p><iframe loading=\"lazy\" style=\"border: 0;\" src=\"https:\/\/www.google.com\/maps\/embed?pb=!1m18!1m12!1m3!1d2905.6147129612664!2d-2.9269980486641747!3d43.25949607903439!2m3!1f0!2f0!3f0!3m2!1i1024!2i768!4f13.1!3m3!1m2!1s0xd4e4fceeb2e3bd5%3A0x6f5bcd799b62ebac!2sTeatro+Arriaga!5e0!3m2!1ses!2ses!4v1463739136213\" width=\"100%\" height=\"450\" frameborder=\"0\" allowfullscreen=\"allowfullscreen\"><\/iframe><\/p>\n<p>&nbsp;<\/p>\n","protected":false},"excerpt":{"rendered":"<p>Cargando&#8230; &nbsp;<\/p>\n","protected":false},"author":1,"featured_media":304,"parent":0,"menu_order":0,"comment_status":"closed","ping_status":"closed","template":"","meta":{"jetpack_post_was_ever_published":false,"footnotes":""},"class_list":["post-265","page","type-page","status-publish","has-post-thumbnail","hentry"],"yoast_head":"<!-- This site is optimized with the Yoast SEO plugin v27.3 - https:\/\/yoast.com\/product\/yoast-seo-wordpress\/ -->\n<title>Izen-ematea Saria - NoviaSalcedo Sariak<\/title>\n<meta name=\"robots\" content=\"index, follow, max-snippet:-1, max-image-preview:large, max-video-preview:-1\" \/>\n<link rel=\"canonical\" href=\"https:\/\/premio.noviasalcedo.es\/registration-awards-ceremony\/\" \/>\n<meta property=\"og:locale\" content=\"en_US\" \/>\n<meta property=\"og:type\" content=\"article\" \/>\n<meta property=\"og:title\" content=\"Izen-ematea Saria - NoviaSalcedo Sariak\" \/>\n<meta property=\"og:description\" content=\"Cargando&#8230; &nbsp;\" \/>\n<meta property=\"og:url\" content=\"https:\/\/premio.noviasalcedo.es\/registration-awards-ceremony\/\" \/>\n<meta property=\"og:site_name\" content=\"NoviaSalcedo Sariak\" \/>\n<meta property=\"article:modified_time\" content=\"2018-09-25T09:52:23+00:00\" \/>\n<meta property=\"og:image\" content=\"https:\/\/i0.wp.com\/premio.noviasalcedo.es\/wp-content\/uploads\/2016\/05\/DOM8444.jpg?fit=1920%2C1278&ssl=1\" \/>\n\t<meta property=\"og:image:width\" content=\"1920\" \/>\n\t<meta property=\"og:image:height\" content=\"1278\" \/>\n\t<meta property=\"og:image:type\" content=\"image\/jpeg\" \/>\n<meta name=\"twitter:card\" content=\"summary_large_image\" \/>\n<script type=\"application\/ld+json\" class=\"yoast-schema-graph\">{\"@context\":\"https:\\\/\\\/schema.org\",\"@graph\":[{\"@type\":\"WebPage\",\"@id\":\"https:\\\/\\\/premio.noviasalcedo.es\\\/registration-awards-ceremony\\\/\",\"url\":\"https:\\\/\\\/premio.noviasalcedo.es\\\/registration-awards-ceremony\\\/\",\"name\":\"Izen-ematea Saria - NoviaSalcedo Sariak\",\"isPartOf\":{\"@id\":\"https:\\\/\\\/premio.noviasalcedo.es\\\/eu\\\/#website\"},\"primaryImageOfPage\":{\"@id\":\"https:\\\/\\\/premio.noviasalcedo.es\\\/registration-awards-ceremony\\\/#primaryimage\"},\"image\":{\"@id\":\"https:\\\/\\\/premio.noviasalcedo.es\\\/registration-awards-ceremony\\\/#primaryimage\"},\"thumbnailUrl\":\"https:\\\/\\\/i0.wp.com\\\/premio.noviasalcedo.es\\\/wp-content\\\/uploads\\\/2016\\\/05\\\/DOM8444.jpg?fit=1920%2C1278&ssl=1\",\"datePublished\":\"2016-05-20T10:37:07+00:00\",\"dateModified\":\"2018-09-25T09:52:23+00:00\",\"breadcrumb\":{\"@id\":\"https:\\\/\\\/premio.noviasalcedo.es\\\/registration-awards-ceremony\\\/#breadcrumb\"},\"inLanguage\":\"eu\",\"potentialAction\":[{\"@type\":\"ReadAction\",\"target\":[\"https:\\\/\\\/premio.noviasalcedo.es\\\/registration-awards-ceremony\\\/\"]}]},{\"@type\":\"ImageObject\",\"inLanguage\":\"eu\",\"@id\":\"https:\\\/\\\/premio.noviasalcedo.es\\\/registration-awards-ceremony\\\/#primaryimage\",\"url\":\"https:\\\/\\\/i0.wp.com\\\/premio.noviasalcedo.es\\\/wp-content\\\/uploads\\\/2016\\\/05\\\/DOM8444.jpg?fit=1920%2C1278&ssl=1\",\"contentUrl\":\"https:\\\/\\\/i0.wp.com\\\/premio.noviasalcedo.es\\\/wp-content\\\/uploads\\\/2016\\\/05\\\/DOM8444.jpg?fit=1920%2C1278&ssl=1\",\"width\":1920,\"height\":1278},{\"@type\":\"BreadcrumbList\",\"@id\":\"https:\\\/\\\/premio.noviasalcedo.es\\\/registration-awards-ceremony\\\/#breadcrumb\",\"itemListElement\":[{\"@type\":\"ListItem\",\"position\":1,\"name\":\"Portada\",\"item\":\"https:\\\/\\\/premio.noviasalcedo.es\\\/eu\\\/\"},{\"@type\":\"ListItem\",\"position\":2,\"name\":\"Inscripci\u00f3n al acto de entrega de Premios\"}]},{\"@type\":\"WebSite\",\"@id\":\"https:\\\/\\\/premio.noviasalcedo.es\\\/eu\\\/#website\",\"url\":\"https:\\\/\\\/premio.noviasalcedo.es\\\/eu\\\/\",\"name\":\"NoviaSalcedo Sariak\",\"description\":\"NoviaSalcedo Sariak\",\"publisher\":{\"@id\":\"https:\\\/\\\/premio.noviasalcedo.es\\\/eu\\\/#organization\"},\"potentialAction\":[{\"@type\":\"SearchAction\",\"target\":{\"@type\":\"EntryPoint\",\"urlTemplate\":\"https:\\\/\\\/premio.noviasalcedo.es\\\/eu\\\/?s={search_term_string}\"},\"query-input\":{\"@type\":\"PropertyValueSpecification\",\"valueRequired\":true,\"valueName\":\"search_term_string\"}}],\"inLanguage\":\"eu\"},{\"@type\":\"Organization\",\"@id\":\"https:\\\/\\\/premio.noviasalcedo.es\\\/eu\\\/#organization\",\"name\":\"NoviaSalcedo Sariak\",\"url\":\"https:\\\/\\\/premio.noviasalcedo.es\\\/eu\\\/\",\"logo\":{\"@type\":\"ImageObject\",\"inLanguage\":\"eu\",\"@id\":\"https:\\\/\\\/premio.noviasalcedo.es\\\/eu\\\/#\\\/schema\\\/logo\\\/image\\\/\",\"url\":\"https:\\\/\\\/i0.wp.com\\\/www.premionoviasalcedo.es\\\/wp-content\\\/uploads\\\/2016\\\/01\\\/logoblanco-claim-small.png?fit=300%2C122\",\"contentUrl\":\"https:\\\/\\\/i0.wp.com\\\/www.premionoviasalcedo.es\\\/wp-content\\\/uploads\\\/2016\\\/01\\\/logoblanco-claim-small.png?fit=300%2C122\",\"width\":300,\"height\":122,\"caption\":\"NoviaSalcedo Sariak\"},\"image\":{\"@id\":\"https:\\\/\\\/premio.noviasalcedo.es\\\/eu\\\/#\\\/schema\\\/logo\\\/image\\\/\"}}]}<\/script>\n<!-- \/ Yoast SEO plugin. -->","yoast_head_json":{"title":"Izen-ematea Saria - NoviaSalcedo Sariak","robots":{"index":"index","follow":"follow","max-snippet":"max-snippet:-1","max-image-preview":"max-image-preview:large","max-video-preview":"max-video-preview:-1"},"canonical":"https:\/\/premio.noviasalcedo.es\/registration-awards-ceremony\/","og_locale":"en_US","og_type":"article","og_title":"Izen-ematea Saria - NoviaSalcedo Sariak","og_description":"Cargando&#8230; &nbsp;","og_url":"https:\/\/premio.noviasalcedo.es\/registration-awards-ceremony\/","og_site_name":"NoviaSalcedo Sariak","article_modified_time":"2018-09-25T09:52:23+00:00","og_image":[{"width":1920,"height":1278,"url":"https:\/\/i0.wp.com\/premio.noviasalcedo.es\/wp-content\/uploads\/2016\/05\/DOM8444.jpg?fit=1920%2C1278&ssl=1","type":"image\/jpeg"}],"twitter_card":"summary_large_image","schema":{"@context":"https:\/\/schema.org","@graph":[{"@type":"WebPage","@id":"https:\/\/premio.noviasalcedo.es\/registration-awards-ceremony\/","url":"https:\/\/premio.noviasalcedo.es\/registration-awards-ceremony\/","name":"Izen-ematea Saria - NoviaSalcedo Sariak","isPartOf":{"@id":"https:\/\/premio.noviasalcedo.es\/eu\/#website"},"primaryImageOfPage":{"@id":"https:\/\/premio.noviasalcedo.es\/registration-awards-ceremony\/#primaryimage"},"image":{"@id":"https:\/\/premio.noviasalcedo.es\/registration-awards-ceremony\/#primaryimage"},"thumbnailUrl":"https:\/\/i0.wp.com\/premio.noviasalcedo.es\/wp-content\/uploads\/2016\/05\/DOM8444.jpg?fit=1920%2C1278&ssl=1","datePublished":"2016-05-20T10:37:07+00:00","dateModified":"2018-09-25T09:52:23+00:00","breadcrumb":{"@id":"https:\/\/premio.noviasalcedo.es\/registration-awards-ceremony\/#breadcrumb"},"inLanguage":"eu","potentialAction":[{"@type":"ReadAction","target":["https:\/\/premio.noviasalcedo.es\/registration-awards-ceremony\/"]}]},{"@type":"ImageObject","inLanguage":"eu","@id":"https:\/\/premio.noviasalcedo.es\/registration-awards-ceremony\/#primaryimage","url":"https:\/\/i0.wp.com\/premio.noviasalcedo.es\/wp-content\/uploads\/2016\/05\/DOM8444.jpg?fit=1920%2C1278&ssl=1","contentUrl":"https:\/\/i0.wp.com\/premio.noviasalcedo.es\/wp-content\/uploads\/2016\/05\/DOM8444.jpg?fit=1920%2C1278&ssl=1","width":1920,"height":1278},{"@type":"BreadcrumbList","@id":"https:\/\/premio.noviasalcedo.es\/registration-awards-ceremony\/#breadcrumb","itemListElement":[{"@type":"ListItem","position":1,"name":"Portada","item":"https:\/\/premio.noviasalcedo.es\/eu\/"},{"@type":"ListItem","position":2,"name":"Inscripci\u00f3n al acto de entrega de Premios"}]},{"@type":"WebSite","@id":"https:\/\/premio.noviasalcedo.es\/eu\/#website","url":"https:\/\/premio.noviasalcedo.es\/eu\/","name":"NoviaSalcedo Sariak","description":"NoviaSalcedo Sariak","publisher":{"@id":"https:\/\/premio.noviasalcedo.es\/eu\/#organization"},"potentialAction":[{"@type":"SearchAction","target":{"@type":"EntryPoint","urlTemplate":"https:\/\/premio.noviasalcedo.es\/eu\/?s={search_term_string}"},"query-input":{"@type":"PropertyValueSpecification","valueRequired":true,"valueName":"search_term_string"}}],"inLanguage":"eu"},{"@type":"Organization","@id":"https:\/\/premio.noviasalcedo.es\/eu\/#organization","name":"NoviaSalcedo Sariak","url":"https:\/\/premio.noviasalcedo.es\/eu\/","logo":{"@type":"ImageObject","inLanguage":"eu","@id":"https:\/\/premio.noviasalcedo.es\/eu\/#\/schema\/logo\/image\/","url":"https:\/\/i0.wp.com\/www.premionoviasalcedo.es\/wp-content\/uploads\/2016\/01\/logoblanco-claim-small.png?fit=300%2C122","contentUrl":"https:\/\/i0.wp.com\/www.premionoviasalcedo.es\/wp-content\/uploads\/2016\/01\/logoblanco-claim-small.png?fit=300%2C122","width":300,"height":122,"caption":"NoviaSalcedo Sariak"},"image":{"@id":"https:\/\/premio.noviasalcedo.es\/eu\/#\/schema\/logo\/image\/"}}]}},"jetpack_sharing_enabled":true,"jetpack_shortlink":"https:\/\/wp.me\/P786iL-4h","jetpack-related-posts":[{"id":11,"url":"https:\/\/premio.noviasalcedo.es\/eu\/ediciones-anteriores\/","url_meta":{"origin":265,"position":0},"title":"Aurreko edizioetan","author":"NoviaSalcedo","date":"2016 January 13, Wednesday","format":false,"excerpt":"Novia Salcedo Sariaren aurreko edizioak VI Edizioa Saridunak hauek izan ziren: Benita Ferrero Waldner\u00a0(Pertsonen kategorian), Enrique Iglesias\u00a0(Ad Honorem), Leroy Merlin (Enpresa handia), Sao Prat, S.L (Enpresa txikia) eta Lantegi Batuak eta Nazaret Ikastetxea\u00a0(Erakundeak). \u00a0V Edizioa Sariduna pertsonen kategorian: Rosal\u00eda Mera andrea, (Paideia Fundazioa); Ad Honorem Kategorian sariduna: Miguel de la\u2026","rel":"","context":"Similar post","block_context":{"text":"Similar post","link":""},"img":{"alt_text":"_DOM8448","src":"https:\/\/i0.wp.com\/premio.noviasalcedo.es\/wp-content\/uploads\/2016\/01\/DOM8448-300x200.jpg?resize=350%2C200&ssl=1","width":350,"height":200},"classes":[]},{"id":2,"url":"https:\/\/premio.noviasalcedo.es\/eu\/","url_meta":{"origin":265,"position":1},"title":"Premio Novia Salcedo","author":"NoviaSalcedo","date":"2016 January 13, Wednesday","format":false,"excerpt":"Planteamendua Novia Salcedo Fundazioaren\u00a0helburua gazteei gizartean eta lan munduan sartzeko prozesuan laguntza eskaintzea eta etengabe aldatzen ari den munduari aurre egiteko beharrezkoak diren gaitasunak eta balioak ematea da. Gazte Kapitalean daude erakundeen eta enpresen biziraupena, ekonomien eta merkatuen hazkundea, ingurumenaren oreka, gizarteen aurrerapena eta mundu globalean kulturen arteko bizikidetza egokia.\u2026","rel":"","context":"Similar post","block_context":{"text":"Similar post","link":""},"img":{"alt_text":"logopremio renew euskera","src":"https:\/\/i0.wp.com\/premio.noviasalcedo.es\/wp-content\/uploads\/2016\/01\/logopremio-renew-euskera-300x123.png?resize=350%2C200&ssl=1","width":350,"height":200},"classes":[]},{"id":7,"url":"https:\/\/premio.noviasalcedo.es\/eu\/jurado\/","url_meta":{"origin":265,"position":2},"title":"Epaimahaiak","author":"NoviaSalcedo","date":"2016 January 13, Wednesday","format":false,"excerpt":"VIII edizioko Epaimahaiko kideak Antonio Garrigues Presidente del jurado Luis Lezama Fundador de Grupo Lezama Carmen Garc\u00eda de Andr\u00e9s Presidenta Ejecutiva Fundaci\u00f3n Tomillo Alejandro Echevarria Presidente de Mediaset\/\u00a0Patrono NSF Victoria Camps Catedr\u00e1tica Em\u00e9rita Universidad Aut\u00f3noma de Barcelona Isabel Garro Directora de Red Pacto Mundial Espa\u00f1a Marta Pedrajas Asesora de pol\u00edticas\u2026","rel":"","context":"Similar post","block_context":{"text":"Similar post","link":""},"img":{"alt_text":"antoniogarrigues","src":"https:\/\/i0.wp.com\/premio.noviasalcedo.es\/wp-content\/uploads\/2016\/01\/antoniogarrigues-300x300.png?resize=350%2C200&ssl=1","width":350,"height":200},"classes":[]},{"id":494,"url":"https:\/\/premio.noviasalcedo.es\/eu\/convocatoria\/a-la-persona\/","url_meta":{"origin":265,"position":3},"title":"Pertsonari","author":"NoviaSalcedo","date":"2018 March  7, Wednesday","format":false,"excerpt":"Proiektuak bultzatuz, gizartea sentsibilizatuz, ekintzak ezarriz\u2026 euren bizitzako ardatz gisa gazteak, eta batez ere haien garapen integrala, pertsonala eta profesionala, izan duten pertsonen bizitza ibilbidea aintzatetsiko da; ekintza horiek funtsezko aktiboa izan dira, ez gazte protagonistentzat bakarrik, gizarte osoarentzat baizik, gazteen enplegagarritasuna hobetzen lagunduz, goian aipatutako Garapen Iraunkorreko Helburuen (GIH)\u2026","rel":"","context":"Similar post","block_context":{"text":"Similar post","link":""},"img":{"alt_text":"","src":"","width":0,"height":0},"classes":[]},{"id":13,"url":"https:\/\/premio.noviasalcedo.es\/eu\/patrocinadores\/","url_meta":{"origin":265,"position":4},"title":"Babesleak","author":"NoviaSalcedo","date":"2016 January 13, Wednesday","format":false,"excerpt":"","rel":"","context":"Similar post","block_context":{"text":"Similar post","link":""},"img":{"alt_text":"","src":"https:\/\/i0.wp.com\/premio.noviasalcedo.es\/wp-content\/uploads\/2018\/06\/Gv.fw_.png?resize=350%2C200","width":350,"height":200},"classes":[]},{"id":898,"url":"https:\/\/premio.noviasalcedo.es\/eu\/convocatoria\/noticias\/","url_meta":{"origin":265,"position":5},"title":"Berriak","author":"NoviaSalcedo","date":"2018 July 24, Tuesday","format":false,"excerpt":"","rel":"","context":"Similar post","block_context":{"text":"Similar post","link":""},"img":{"alt_text":"","src":"","width":0,"height":0},"classes":[]}],"_links":{"self":[{"href":"https:\/\/premio.noviasalcedo.es\/eu\/wp-json\/wp\/v2\/pages\/265","targetHints":{"allow":["GET"]}}],"collection":[{"href":"https:\/\/premio.noviasalcedo.es\/eu\/wp-json\/wp\/v2\/pages"}],"about":[{"href":"https:\/\/premio.noviasalcedo.es\/eu\/wp-json\/wp\/v2\/types\/page"}],"author":[{"embeddable":true,"href":"https:\/\/premio.noviasalcedo.es\/eu\/wp-json\/wp\/v2\/users\/1"}],"replies":[{"embeddable":true,"href":"https:\/\/premio.noviasalcedo.es\/eu\/wp-json\/wp\/v2\/comments?post=265"}],"version-history":[{"count":35,"href":"https:\/\/premio.noviasalcedo.es\/eu\/wp-json\/wp\/v2\/pages\/265\/revisions"}],"predecessor-version":[{"id":942,"href":"https:\/\/premio.noviasalcedo.es\/eu\/wp-json\/wp\/v2\/pages\/265\/revisions\/942"}],"wp:featuredmedia":[{"embeddable":true,"href":"https:\/\/premio.noviasalcedo.es\/eu\/wp-json\/wp\/v2\/media\/304"}],"wp:attachment":[{"href":"https:\/\/premio.noviasalcedo.es\/eu\/wp-json\/wp\/v2\/media?parent=265"}],"curies":[{"name":"wp","href":"https:\/\/api.w.org\/{rel}","templated":true}]}}