{"id":640,"date":"2018-03-22T13:07:29","date_gmt":"2018-03-22T12:07:29","guid":{"rendered":"https:\/\/premio.noviasalcedo.es\/?page_id=640"},"modified":"2018-03-22T13:11:50","modified_gmt":"2018-03-22T12:11:50","slug":"cookies","status":"publish","type":"page","link":"https:\/\/premio.noviasalcedo.es\/eu\/cookies\/","title":{"rendered":"(Castellano) Informaci\u00f3n sobre cookies"},"content":{"rendered":"<p class=\"qtranxs-available-languages-message qtranxs-available-languages-message-eu\">Sentitzen dugu, baina sarrera hau %LANG-z:, : eta % bakarrik dago.<\/p>\n","protected":false},"excerpt":{"rendered":"<p>Sentitzen dugu, baina sarrera hau %LANG-z:, : eta % bakarrik dago.<\/p>\n","protected":false},"author":1,"featured_media":0,"parent":0,"menu_order":0,"comment_status":"closed","ping_status":"closed","template":"","meta":{"jetpack_post_was_ever_published":false,"footnotes":""},"class_list":["post-640","page","type-page","status-publish","hentry"],"yoast_head":"<!-- This site is optimized with the Yoast SEO plugin v27.5 - https:\/\/yoast.com\/product\/yoast-seo-wordpress\/ -->\n<title>(Castellano) Informaci\u00f3n sobre cookies - NoviaSalcedo Sariak<\/title>\n<meta name=\"robots\" content=\"index, follow, max-snippet:-1, max-image-preview:large, max-video-preview:-1\" \/>\n<link rel=\"canonical\" href=\"https:\/\/premio.noviasalcedo.es\/cookies\/\" \/>\n<meta property=\"og:locale\" content=\"en_US\" \/>\n<meta property=\"og:type\" content=\"article\" \/>\n<meta property=\"og:title\" content=\"(Castellano) Informaci\u00f3n sobre cookies - NoviaSalcedo Sariak\" \/>\n<meta property=\"og:description\" content=\"Sentitzen dugu, baina sarrera hau %LANG-z:, : eta % bakarrik dago.\" \/>\n<meta property=\"og:url\" content=\"https:\/\/premio.noviasalcedo.es\/cookies\/\" \/>\n<meta property=\"og:site_name\" content=\"NoviaSalcedo Sariak\" \/>\n<meta property=\"article:modified_time\" content=\"2018-03-22T12:11:50+00:00\" \/>\n<meta name=\"twitter:card\" content=\"summary_large_image\" \/>\n<script type=\"application\/ld+json\" class=\"yoast-schema-graph\">{\"@context\":\"https:\\\/\\\/schema.org\",\"@graph\":[{\"@type\":\"WebPage\",\"@id\":\"https:\\\/\\\/premio.noviasalcedo.es\\\/cookies\\\/\",\"url\":\"https:\\\/\\\/premio.noviasalcedo.es\\\/cookies\\\/\",\"name\":\"(Castellano) Informaci\u00f3n sobre cookies - NoviaSalcedo Sariak\",\"isPartOf\":{\"@id\":\"https:\\\/\\\/premio.noviasalcedo.es\\\/eu\\\/#website\"},\"datePublished\":\"2018-03-22T12:07:29+00:00\",\"dateModified\":\"2018-03-22T12:11:50+00:00\",\"breadcrumb\":{\"@id\":\"https:\\\/\\\/premio.noviasalcedo.es\\\/cookies\\\/#breadcrumb\"},\"inLanguage\":\"eu\",\"potentialAction\":[{\"@type\":\"ReadAction\",\"target\":[\"https:\\\/\\\/premio.noviasalcedo.es\\\/cookies\\\/\"]}]},{\"@type\":\"BreadcrumbList\",\"@id\":\"https:\\\/\\\/premio.noviasalcedo.es\\\/cookies\\\/#breadcrumb\",\"itemListElement\":[{\"@type\":\"ListItem\",\"position\":1,\"name\":\"Portada\",\"item\":\"https:\\\/\\\/premio.noviasalcedo.es\\\/eu\\\/\"},{\"@type\":\"ListItem\",\"position\":2,\"name\":\"Informaci\u00f3n sobre cookies\"}]},{\"@type\":\"WebSite\",\"@id\":\"https:\\\/\\\/premio.noviasalcedo.es\\\/eu\\\/#website\",\"url\":\"https:\\\/\\\/premio.noviasalcedo.es\\\/eu\\\/\",\"name\":\"NoviaSalcedo Sariak\",\"description\":\"NoviaSalcedo Sariak\",\"publisher\":{\"@id\":\"https:\\\/\\\/premio.noviasalcedo.es\\\/eu\\\/#organization\"},\"potentialAction\":[{\"@type\":\"SearchAction\",\"target\":{\"@type\":\"EntryPoint\",\"urlTemplate\":\"https:\\\/\\\/premio.noviasalcedo.es\\\/eu\\\/?s={search_term_string}\"},\"query-input\":{\"@type\":\"PropertyValueSpecification\",\"valueRequired\":true,\"valueName\":\"search_term_string\"}}],\"inLanguage\":\"eu\"},{\"@type\":\"Organization\",\"@id\":\"https:\\\/\\\/premio.noviasalcedo.es\\\/eu\\\/#organization\",\"name\":\"NoviaSalcedo Sariak\",\"url\":\"https:\\\/\\\/premio.noviasalcedo.es\\\/eu\\\/\",\"logo\":{\"@type\":\"ImageObject\",\"inLanguage\":\"eu\",\"@id\":\"https:\\\/\\\/premio.noviasalcedo.es\\\/eu\\\/#\\\/schema\\\/logo\\\/image\\\/\",\"url\":\"https:\\\/\\\/i0.wp.com\\\/www.premionoviasalcedo.es\\\/wp-content\\\/uploads\\\/2016\\\/01\\\/logoblanco-claim-small.png?fit=300%2C122\",\"contentUrl\":\"https:\\\/\\\/i0.wp.com\\\/www.premionoviasalcedo.es\\\/wp-content\\\/uploads\\\/2016\\\/01\\\/logoblanco-claim-small.png?fit=300%2C122\",\"width\":300,\"height\":122,\"caption\":\"NoviaSalcedo Sariak\"},\"image\":{\"@id\":\"https:\\\/\\\/premio.noviasalcedo.es\\\/eu\\\/#\\\/schema\\\/logo\\\/image\\\/\"}}]}<\/script>\n<!-- \/ Yoast SEO plugin. -->","yoast_head_json":{"title":"(Castellano) Informaci\u00f3n sobre cookies - NoviaSalcedo Sariak","robots":{"index":"index","follow":"follow","max-snippet":"max-snippet:-1","max-image-preview":"max-image-preview:large","max-video-preview":"max-video-preview:-1"},"canonical":"https:\/\/premio.noviasalcedo.es\/cookies\/","og_locale":"en_US","og_type":"article","og_title":"(Castellano) Informaci\u00f3n sobre cookies - NoviaSalcedo Sariak","og_description":"Sentitzen dugu, baina sarrera hau %LANG-z:, : eta % bakarrik dago.","og_url":"https:\/\/premio.noviasalcedo.es\/cookies\/","og_site_name":"NoviaSalcedo Sariak","article_modified_time":"2018-03-22T12:11:50+00:00","twitter_card":"summary_large_image","schema":{"@context":"https:\/\/schema.org","@graph":[{"@type":"WebPage","@id":"https:\/\/premio.noviasalcedo.es\/cookies\/","url":"https:\/\/premio.noviasalcedo.es\/cookies\/","name":"(Castellano) Informaci\u00f3n sobre cookies - NoviaSalcedo Sariak","isPartOf":{"@id":"https:\/\/premio.noviasalcedo.es\/eu\/#website"},"datePublished":"2018-03-22T12:07:29+00:00","dateModified":"2018-03-22T12:11:50+00:00","breadcrumb":{"@id":"https:\/\/premio.noviasalcedo.es\/cookies\/#breadcrumb"},"inLanguage":"eu","potentialAction":[{"@type":"ReadAction","target":["https:\/\/premio.noviasalcedo.es\/cookies\/"]}]},{"@type":"BreadcrumbList","@id":"https:\/\/premio.noviasalcedo.es\/cookies\/#breadcrumb","itemListElement":[{"@type":"ListItem","position":1,"name":"Portada","item":"https:\/\/premio.noviasalcedo.es\/eu\/"},{"@type":"ListItem","position":2,"name":"Informaci\u00f3n sobre cookies"}]},{"@type":"WebSite","@id":"https:\/\/premio.noviasalcedo.es\/eu\/#website","url":"https:\/\/premio.noviasalcedo.es\/eu\/","name":"NoviaSalcedo Sariak","description":"NoviaSalcedo Sariak","publisher":{"@id":"https:\/\/premio.noviasalcedo.es\/eu\/#organization"},"potentialAction":[{"@type":"SearchAction","target":{"@type":"EntryPoint","urlTemplate":"https:\/\/premio.noviasalcedo.es\/eu\/?s={search_term_string}"},"query-input":{"@type":"PropertyValueSpecification","valueRequired":true,"valueName":"search_term_string"}}],"inLanguage":"eu"},{"@type":"Organization","@id":"https:\/\/premio.noviasalcedo.es\/eu\/#organization","name":"NoviaSalcedo Sariak","url":"https:\/\/premio.noviasalcedo.es\/eu\/","logo":{"@type":"ImageObject","inLanguage":"eu","@id":"https:\/\/premio.noviasalcedo.es\/eu\/#\/schema\/logo\/image\/","url":"https:\/\/i0.wp.com\/www.premionoviasalcedo.es\/wp-content\/uploads\/2016\/01\/logoblanco-claim-small.png?fit=300%2C122","contentUrl":"https:\/\/i0.wp.com\/www.premionoviasalcedo.es\/wp-content\/uploads\/2016\/01\/logoblanco-claim-small.png?fit=300%2C122","width":300,"height":122,"caption":"NoviaSalcedo Sariak"},"image":{"@id":"https:\/\/premio.noviasalcedo.es\/eu\/#\/schema\/logo\/image\/"}}]}},"jetpack_sharing_enabled":false,"jetpack_shortlink":"https:\/\/wp.me\/P786iL-ak","jetpack-related-posts":[{"id":642,"url":"https:\/\/premio.noviasalcedo.es\/eu\/politica-de-privacidad\/","url_meta":{"origin":640,"position":0},"title":"Novia Salcedo Fundazioaren Pribatutasun Politika","author":"NoviaSalcedo","date":"2018 March 22, Thursday","format":false,"excerpt":"Novia Salcedo Fundazioa (g-48115356), Espainiako naziotasuna duena, eta helbidea Campo Volantin pasealekua, 24, 48007 Bilbao (Bizkaia) duena, da premionoviasalcedo.es webgunearen titularra. DATUEN ESKARIA ETA TRATAMENDUA Arduraduna Novia Salcedo Fundazioa Campo Volantin pasealekua 24, 1. \u2013 Bilbo 48007 IFK: g48115356 Fitxategiaren arduraduna: dpo.noviasalcedo@noviasalcedo.es Helburua Gazteen enplegagarritasunaren hobekuntza sustatzea, pertsonak, enpresak eta\u2026","rel":"","context":"Similar post","block_context":{"text":"Similar post","link":""},"img":{"alt_text":"","src":"","width":0,"height":0},"classes":[]},{"id":7,"url":"https:\/\/premio.noviasalcedo.es\/eu\/jurado\/","url_meta":{"origin":640,"position":1},"title":"Epaimahaiak","author":"NoviaSalcedo","date":"2016 January 13, Wednesday","format":false,"excerpt":"VIII edizioko Epaimahaiko kideak Antonio Garrigues Presidente del jurado Luis Lezama Fundador de Grupo Lezama Carmen Garc\u00eda de Andr\u00e9s Presidenta Ejecutiva Fundaci\u00f3n Tomillo Alejandro Echevarria Presidente de Mediaset\/\u00a0Patrono NSF Victoria Camps Catedr\u00e1tica Em\u00e9rita Universidad Aut\u00f3noma de Barcelona Isabel Garro Directora de Red Pacto Mundial Espa\u00f1a Marta Pedrajas Asesora de pol\u00edticas\u2026","rel":"","context":"Similar post","block_context":{"text":"Similar post","link":""},"img":{"alt_text":"antoniogarrigues","src":"https:\/\/i0.wp.com\/premio.noviasalcedo.es\/wp-content\/uploads\/2016\/01\/antoniogarrigues-300x300.png?resize=350%2C200&ssl=1","width":350,"height":200},"classes":[]},{"id":2,"url":"https:\/\/premio.noviasalcedo.es\/eu\/","url_meta":{"origin":640,"position":2},"title":"Premio Novia Salcedo","author":"NoviaSalcedo","date":"2016 January 13, Wednesday","format":false,"excerpt":"Planteamendua Novia Salcedo Fundazioaren\u00a0helburua gazteei gizartean eta lan munduan sartzeko prozesuan laguntza eskaintzea eta etengabe aldatzen ari den munduari aurre egiteko beharrezkoak diren gaitasunak eta balioak ematea da. Gazte Kapitalean daude erakundeen eta enpresen biziraupena, ekonomien eta merkatuen hazkundea, ingurumenaren oreka, gizarteen aurrerapena eta mundu globalean kulturen arteko bizikidetza egokia.\u2026","rel":"","context":"Similar post","block_context":{"text":"Similar post","link":""},"img":{"alt_text":"logopremio renew euskera","src":"https:\/\/i0.wp.com\/premio.noviasalcedo.es\/wp-content\/uploads\/2016\/01\/logopremio-renew-euskera-300x123.png?resize=350%2C200&ssl=1","width":350,"height":200},"classes":[]},{"id":11,"url":"https:\/\/premio.noviasalcedo.es\/eu\/ediciones-anteriores\/","url_meta":{"origin":640,"position":3},"title":"Aurreko edizioetan","author":"NoviaSalcedo","date":"2016 January 13, Wednesday","format":false,"excerpt":"Novia Salcedo Sariaren aurreko edizioak VI Edizioa Saridunak hauek izan ziren: Benita Ferrero Waldner\u00a0(Pertsonen kategorian), Enrique Iglesias\u00a0(Ad Honorem), Leroy Merlin (Enpresa handia), Sao Prat, S.L (Enpresa txikia) eta Lantegi Batuak eta Nazaret Ikastetxea\u00a0(Erakundeak). \u00a0V Edizioa Sariduna pertsonen kategorian: Rosal\u00eda Mera andrea, (Paideia Fundazioa); Ad Honorem Kategorian sariduna: Miguel de la\u2026","rel":"","context":"Similar post","block_context":{"text":"Similar post","link":""},"img":{"alt_text":"_DOM8448","src":"https:\/\/i0.wp.com\/premio.noviasalcedo.es\/wp-content\/uploads\/2016\/01\/DOM8448-300x200.jpg?resize=350%2C200&ssl=1","width":350,"height":200},"classes":[]},{"id":576,"url":"https:\/\/premio.noviasalcedo.es\/eu\/planteamiento\/","url_meta":{"origin":640,"position":4},"title":"Planteamendua","author":"NoviaSalcedo","date":"2018 March  7, Wednesday","format":false,"excerpt":"2016ko apirilaren 21ean Bilbon elkartu zen \u201cGazteen Lan Integrazioko bikaintasunaren Novia Salcedo Sariaren\u201d VII. edizioko Epaimahaiak, Antonio Garrigues jauna buru zela, saria sakonean berrikustea iradoki zuen, 7 edizio arrakastatsuren ondoren. Berrikuspen horretan munduko arazo larrienak hartu behar genituen kontuan, eta horien artean zeuden, besteak beste, baztertuen daudenen gizarteratzea eta hezkuntza.\u2026","rel":"","context":"Similar post","block_context":{"text":"Similar post","link":""},"img":{"alt_text":"","src":"","width":0,"height":0},"classes":[]},{"id":9,"url":"https:\/\/premio.noviasalcedo.es\/eu\/convocatoria\/","url_meta":{"origin":640,"position":5},"title":"Novia Salcedo Sariaren Deialdia","author":"NoviaSalcedo","date":"2016 January 13, Wednesday","format":false,"excerpt":"Novia Salcedo Sariak, euren lanaren, konpromisoaren eta merituen bitartez gazteen enplegagarritasunaren hobekuntzari laguntzen dioten pertsonei, enpresei eta erakundeei emango zaizkie, \u00a02030 Agendaren garapen iraunkorraren helburuen barruan, hauek, hain zuzen ere: \u00a0ODS 4. Hezkuntza inklusiboa, ekitatiboa eta kalitatezkoa bermatzea eta bizitza osoan guztientzat ikasketa aukerak sustatzea. ODS 5. Generoen arteko berdintasuna\u2026","rel":"","context":"Similar post","block_context":{"text":"Similar post","link":""},"img":{"alt_text":"","src":"https:\/\/i0.wp.com\/premio.noviasalcedo.es\/wp-content\/uploads\/2018\/03\/S_SDG_logo_No-UN-Emblem_horizontal_rgb-300x43.png?resize=350%2C200&ssl=1","width":350,"height":200},"classes":[]}],"_links":{"self":[{"href":"https:\/\/premio.noviasalcedo.es\/eu\/wp-json\/wp\/v2\/pages\/640","targetHints":{"allow":["GET"]}}],"collection":[{"href":"https:\/\/premio.noviasalcedo.es\/eu\/wp-json\/wp\/v2\/pages"}],"about":[{"href":"https:\/\/premio.noviasalcedo.es\/eu\/wp-json\/wp\/v2\/types\/page"}],"author":[{"embeddable":true,"href":"https:\/\/premio.noviasalcedo.es\/eu\/wp-json\/wp\/v2\/users\/1"}],"replies":[{"embeddable":true,"href":"https:\/\/premio.noviasalcedo.es\/eu\/wp-json\/wp\/v2\/comments?post=640"}],"version-history":[{"count":1,"href":"https:\/\/premio.noviasalcedo.es\/eu\/wp-json\/wp\/v2\/pages\/640\/revisions"}],"predecessor-version":[{"id":641,"href":"https:\/\/premio.noviasalcedo.es\/eu\/wp-json\/wp\/v2\/pages\/640\/revisions\/641"}],"wp:attachment":[{"href":"https:\/\/premio.noviasalcedo.es\/eu\/wp-json\/wp\/v2\/media?parent=640"}],"curies":[{"name":"wp","href":"https:\/\/api.w.org\/{rel}","templated":true}]}}