{"id":642,"date":"2018-03-22T13:08:58","date_gmt":"2018-03-22T12:08:58","guid":{"rendered":"https:\/\/premio.noviasalcedo.es\/?page_id=642"},"modified":"2018-06-05T11:15:09","modified_gmt":"2018-06-05T10:15:09","slug":"politica-de-privacidad","status":"publish","type":"page","link":"https:\/\/premio.noviasalcedo.es\/eu\/politica-de-privacidad\/","title":{"rendered":"Novia Salcedo Fundazioaren Pribatutasun Politika"},"content":{"rendered":"<p>Novia Salcedo Fundazioa (g-48115356), Espainiako naziotasuna duena, eta helbidea Campo Volantin pasealekua, 24, 48007 Bilbao (Bizkaia) duena, da premionoviasalcedo.es webgunearen titularra.<\/p>\n<p><strong>DATUEN ESKARIA ETA TRATAMENDUA<\/strong><\/p>\n<table class=\"aligncenter\" style=\"border-color: #f2f2f2; background-color: #e6f6ff;\" border=\"1\" width=\"90%\" cellspacing=\"2\" cellpadding=\"1\">\n<tbody>\n<tr>\n<td style=\"width: 20%;\"><strong>Arduraduna<\/strong><\/td>\n<td style=\"width: 30%;\">Novia Salcedo Fundazioa<\/td>\n<td style=\"width: 50%;\">Campo Volantin pasealekua 24, 1. \u2013 Bilbo 48007<br \/>\nIFK: g48115356<br \/>\nFitxategiaren arduraduna:<br \/>\n<a href=\"mailto:dpo.noviasalcedo@noviasalcedo.es\">dpo.noviasalcedo@noviasalcedo.es<\/a><\/td>\n<\/tr>\n<tr style=\"background-color: #f0f7ff;\">\n<td><strong>Helburua<\/strong><\/td>\n<td>Gazteen enplegagarritasunaren hobekuntza sustatzea, pertsonak, enpresak eta erakunde publikoak edo pribatuak sarituz.<\/td>\n<td>Enplegagarritasuna sustatzen duten pertsonei, enpresei eta erakunde publikoei eta pribatuei buruz bidalitako informazioa tratatzen dugu.<br \/>\nDatuak, interesatuek horiek ezabatzea eskatzen ez duten bitartean kontserbatuko dira.<br \/>\nDatuak, modu bateratu eta anonimoan, azterlan estatistikoak egiteko erabili ahal izango dira.<\/td>\n<\/tr>\n<tr>\n<td><strong>Legitimazioa<\/strong><\/td>\n<td>Interesatuaren baimena.<\/td>\n<td>Formularioak bete eta bidaltzean, interesatuek berariaz, eta inolako zalantzarik gabe, baimena ematen dute Novia Salcedo Fundazioak emandako datuak aurretik adierazitako helburuarekin trata ditzan.<\/td>\n<\/tr>\n<tr style=\"background-color: #f0f7ff;\">\n<td><strong>Hartzaileak<\/strong><\/td>\n<td>Ez dago datuen lagapenik.<\/td>\n<td>Ez zaie daturik lagako hirugarrenei, legeak behartuta ez bada.<\/td>\n<\/tr>\n<tr>\n<td><strong>Eskubideak<\/strong><\/td>\n<td>Datuetara Sartzeko, horiek Aldatzeko, Baliogabetzeko, Aurka agertzeko eta Eramangarritasunerako eskubidea.<\/td>\n<td>Zure eskubideak webgunetik gauza ditzakezu edo e-mailez edo ohiko postaz eskatu.<\/td>\n<\/tr>\n<\/tbody>\n<\/table>\n<p><strong>DATUEN ESKARIA ETA TRATAMENDUA<\/strong><\/p>\n<p><strong>ARDURADUNA<\/strong><\/p>\n<p>Novia Salcedo Fundazioa (g-48115356), Espainiako naziotasuna duena, eta helbidea Campo Volantin pasealekua, 24, 1. solairua, 48007 Bilbo (Bizkaia) duena, da premionoviasalcedo.es webgunearen titularra.<\/p>\n<p>Datuen babesaren ordezkaria:\u00a0\u00a0<a href=\"mailto:dpo.noviasalcedo@noviasalcedo.es\">dpo.noviasalcedo@noviasalcedo.es<\/a><\/p>\n<p><strong>\u00a0<\/strong><\/p>\n<p><strong>HELBURUA<\/strong><\/p>\n<p>Novia Salcedo Fundazioari emandako datuen tratamenduaren helburua gazteen enplegagarritasunaren hobekuntza sustatzea da, euren lanarekin, konpromisoarekin eta merituekin horretara laguntzen duten pertsonak, enpresak eta erakundeak sarituz.<\/p>\n<p>Horretarako, hainbat kandidaturaren datuak bildu behar dira, eta horien artean harremanetarako datuak eta sari bat irabaztea merezi izatera eraman ditzaketen ekintzen edo bestelako merituen xehetasunak ere.<\/p>\n<p>Datuak, interesatuek horiek ezabatzea eskatzen ez duten bitartean kontserbatuko dira.<\/p>\n<p>Datuak, modu bateratu eta anonimoan, azterlan estatistikoak egiteko erabili ahal izango dira.<\/p>\n<p><strong>LEGITIMAZIOA<\/strong><\/p>\n<p>Novia Salcedo Fundazioak, jakinarazpenak bidali ahal izateko duen datuen tratamenduaren legitimazioa, konpainiak tratamendurako duen interes legitimoan oinarritzen da, indarrean dagoen araudiarekin bat etorriz.<\/p>\n<p>Gure erabiltzaileen datu pertsonalak, Novia Salcedo Fundazioa jabe den datu basean gordeko dira. Bertan, emandako informazio pertsonalaren integritatea eta segurtasuna prebenitzeko neurri teknikoak eta estrukturalak bermatzen dira. Jasotako datuak, egokiak, beharrezkoak eta ez gehiegizkoak dira, Novia Salcedo Fundazioaren eremua, helburuak eta zerbitzu esplizituak eta legitimoak kontuan izanda.<\/p>\n<p><strong>HARTZAILEAK<\/strong><\/p>\n<p>Ez zaie hirugarrenei daturik emango, aurreikusitakoak ez diren helburuetarako.<\/p>\n<p>Ez dago aurreikusita datu pertsonalak inolako hirugarren herrialdera edo nazioarteko erakundera transferitzerik.<\/p>\n<p>&nbsp;<\/p>\n<p><strong>ESKUBIDEAK<\/strong><\/p>\n<p><strong>Datuetara Sartzeko, horiek Aldatzeko, Baliogabetzeko, Aurka agertzeko eta Eramangarritasunerako eskubidea.<\/strong><\/p>\n<p>Erabiltzaileek edozein unetan gauzatu ahal izango dituzte euren eskubideak, dohainik, modu hauetan:<\/p>\n<ul>\n<li>Mezu elektronikoa bidaliz <a href=\"mailto:informacion@noviasalcedo.es\">informacion@noviasalcedo.es<\/a>helbidera, gauzatu nahi duzun eskubidea eta zure identifikazio datuak adieraziz.<\/li>\n<li>Idatzizko eskaria bidaliz Novia Salcedo Fundazioaren helbidera, gauzatu nahi duzun eskubidea eta zure identifikazio datuak adieraziz.<\/li>\n<li><a href=\"https:\/\/premio.noviasalcedo.es\/politica-de-privacidad\/www.noviasalcedo.es\">premionoviasalcedo.es<\/a> webgunetik, norberaren erabiltzailearekin eta pasahitzarekin sartuz.<\/li>\n<\/ul>\n<p>Eskubide horiek aurrera eramateko orduan arazorik izanez gero, edo gure datuen pribatutasun politikaren gainean edonolako zalantza edo eztabaida izanez gero, zuzenean jar zaitezke harremanetan gurekin:<\/p>\n<p>Novia Salcedo Fundazioa<br \/>\nCampo Volantin pasealekua, 24, 1. solairua<br \/>\n48007 Bilbo<br \/>\nBizkaia<br \/>\n<a href=\"mailto:dpo.noviasalcedo@noviasalcedo.es\">dpo.noviasalcedo@noviasalcedo.es<\/a><\/p>\n<p>&nbsp;<\/p>\n<p>Beste alde batetik, jakinarazten dizugu Agencia Espa\u00f1ola de Protecci\u00f3n de Datos izenekoaren aurrean erreklamazioa aurkezteko eskubidea duzula, zure datu pertsonalen tratamenduari dagokionez datuen babesean legediaren arau haustea gertatu dela uste baduzu.<\/p>\n<p>Datu pertsonalen tratamenduak eta baliabide elektronikoak erabiliz jakinarazpenak bidaltzeak, Izaera Pertsonaleko Datuen Babeserako abenduaren 13ko 15\/1999 Lege Organikoan (B.O.E 1999\/12\/14) eta Informazioaren Gizartearen eta Merkataritza Elektronikoaren Zerbitzuei buruzko uztailaren 11ko 34\/2002 Legean (B.O.E 2002\/107\/12) ezarritako araudia bete beharko dute.<\/p>\n<ul>\n<li><a href=\"https:\/\/premio.noviasalcedo.es\/cookies\/\">Cookieei<\/a> buruzko informazioa<\/li>\n<\/ul>\n<p>&nbsp;<\/p>\n","protected":false},"excerpt":{"rendered":"<p>Novia Salcedo Fundazioa (g-48115356), Espainiako naziotasuna duena, eta helbidea Campo Volantin pasealekua, 24, 48007 Bilbao (Bizkaia) duena, da premionoviasalcedo.es webgunearen titularra. DATUEN ESKARIA ETA TRATAMENDUA Arduraduna Novia Salcedo Fundazioa Campo Volantin pasealekua 24, 1. \u2013 Bilbo 48007 IFK: g48115356 Fitxategiaren arduraduna: dpo.noviasalcedo@noviasalcedo.es Helburua Gazteen enplegagarritasunaren hobekuntza sustatzea, pertsonak, enpresak eta &hellip;<\/p>\n","protected":false},"author":1,"featured_media":0,"parent":0,"menu_order":0,"comment_status":"closed","ping_status":"closed","template":"","meta":{"jetpack_post_was_ever_published":false,"footnotes":""},"class_list":["post-642","page","type-page","status-publish","hentry"],"yoast_head":"<!-- This site is optimized with the Yoast SEO plugin v27.3 - https:\/\/yoast.com\/product\/yoast-seo-wordpress\/ -->\n<title>Novia Salcedo Fundazioaren Pribatutasun Politika - NoviaSalcedo Sariak<\/title>\n<meta name=\"robots\" content=\"index, follow, max-snippet:-1, max-image-preview:large, max-video-preview:-1\" \/>\n<link rel=\"canonical\" href=\"https:\/\/premio.noviasalcedo.es\/politica-de-privacidad\/\" \/>\n<meta property=\"og:locale\" content=\"en_US\" \/>\n<meta property=\"og:type\" content=\"article\" \/>\n<meta property=\"og:title\" content=\"Novia Salcedo Fundazioaren Pribatutasun Politika - NoviaSalcedo Sariak\" \/>\n<meta property=\"og:description\" content=\"Novia Salcedo Fundazioa (g-48115356), Espainiako naziotasuna duena, eta helbidea Campo Volantin pasealekua, 24, 48007 Bilbao (Bizkaia) duena, da premionoviasalcedo.es webgunearen titularra. DATUEN ESKARIA ETA TRATAMENDUA Arduraduna Novia Salcedo Fundazioa Campo Volantin pasealekua 24, 1. \u2013 Bilbo 48007 IFK: g48115356 Fitxategiaren arduraduna: dpo.noviasalcedo@noviasalcedo.es Helburua Gazteen enplegagarritasunaren hobekuntza sustatzea, pertsonak, enpresak eta &hellip;\" \/>\n<meta property=\"og:url\" content=\"https:\/\/premio.noviasalcedo.es\/politica-de-privacidad\/\" \/>\n<meta property=\"og:site_name\" content=\"NoviaSalcedo Sariak\" \/>\n<meta property=\"article:modified_time\" content=\"2018-06-05T10:15:09+00:00\" \/>\n<meta name=\"twitter:card\" content=\"summary_large_image\" \/>\n<meta name=\"twitter:label1\" content=\"Est. reading time\" \/>\n\t<meta name=\"twitter:data1\" content=\"3 minutua\" \/>\n<script type=\"application\/ld+json\" class=\"yoast-schema-graph\">{\"@context\":\"https:\\\/\\\/schema.org\",\"@graph\":[{\"@type\":\"WebPage\",\"@id\":\"https:\\\/\\\/premio.noviasalcedo.es\\\/politica-de-privacidad\\\/\",\"url\":\"https:\\\/\\\/premio.noviasalcedo.es\\\/politica-de-privacidad\\\/\",\"name\":\"Novia Salcedo Fundazioaren Pribatutasun Politika - NoviaSalcedo Sariak\",\"isPartOf\":{\"@id\":\"https:\\\/\\\/premio.noviasalcedo.es\\\/eu\\\/#website\"},\"datePublished\":\"2018-03-22T12:08:58+00:00\",\"dateModified\":\"2018-06-05T10:15:09+00:00\",\"breadcrumb\":{\"@id\":\"https:\\\/\\\/premio.noviasalcedo.es\\\/politica-de-privacidad\\\/#breadcrumb\"},\"inLanguage\":\"eu\",\"potentialAction\":[{\"@type\":\"ReadAction\",\"target\":[\"https:\\\/\\\/premio.noviasalcedo.es\\\/politica-de-privacidad\\\/\"]}]},{\"@type\":\"BreadcrumbList\",\"@id\":\"https:\\\/\\\/premio.noviasalcedo.es\\\/politica-de-privacidad\\\/#breadcrumb\",\"itemListElement\":[{\"@type\":\"ListItem\",\"position\":1,\"name\":\"Portada\",\"item\":\"https:\\\/\\\/premio.noviasalcedo.es\\\/eu\\\/\"},{\"@type\":\"ListItem\",\"position\":2,\"name\":\"Pol\u00edtica de Privacidad de NOVIA SALCEDO FUNDACI\u00d3N\"}]},{\"@type\":\"WebSite\",\"@id\":\"https:\\\/\\\/premio.noviasalcedo.es\\\/eu\\\/#website\",\"url\":\"https:\\\/\\\/premio.noviasalcedo.es\\\/eu\\\/\",\"name\":\"NoviaSalcedo Sariak\",\"description\":\"NoviaSalcedo Sariak\",\"publisher\":{\"@id\":\"https:\\\/\\\/premio.noviasalcedo.es\\\/eu\\\/#organization\"},\"potentialAction\":[{\"@type\":\"SearchAction\",\"target\":{\"@type\":\"EntryPoint\",\"urlTemplate\":\"https:\\\/\\\/premio.noviasalcedo.es\\\/eu\\\/?s={search_term_string}\"},\"query-input\":{\"@type\":\"PropertyValueSpecification\",\"valueRequired\":true,\"valueName\":\"search_term_string\"}}],\"inLanguage\":\"eu\"},{\"@type\":\"Organization\",\"@id\":\"https:\\\/\\\/premio.noviasalcedo.es\\\/eu\\\/#organization\",\"name\":\"NoviaSalcedo Sariak\",\"url\":\"https:\\\/\\\/premio.noviasalcedo.es\\\/eu\\\/\",\"logo\":{\"@type\":\"ImageObject\",\"inLanguage\":\"eu\",\"@id\":\"https:\\\/\\\/premio.noviasalcedo.es\\\/eu\\\/#\\\/schema\\\/logo\\\/image\\\/\",\"url\":\"https:\\\/\\\/i0.wp.com\\\/www.premionoviasalcedo.es\\\/wp-content\\\/uploads\\\/2016\\\/01\\\/logoblanco-claim-small.png?fit=300%2C122\",\"contentUrl\":\"https:\\\/\\\/i0.wp.com\\\/www.premionoviasalcedo.es\\\/wp-content\\\/uploads\\\/2016\\\/01\\\/logoblanco-claim-small.png?fit=300%2C122\",\"width\":300,\"height\":122,\"caption\":\"NoviaSalcedo Sariak\"},\"image\":{\"@id\":\"https:\\\/\\\/premio.noviasalcedo.es\\\/eu\\\/#\\\/schema\\\/logo\\\/image\\\/\"}}]}<\/script>\n<!-- \/ Yoast SEO plugin. -->","yoast_head_json":{"title":"Novia Salcedo Fundazioaren Pribatutasun Politika - NoviaSalcedo Sariak","robots":{"index":"index","follow":"follow","max-snippet":"max-snippet:-1","max-image-preview":"max-image-preview:large","max-video-preview":"max-video-preview:-1"},"canonical":"https:\/\/premio.noviasalcedo.es\/politica-de-privacidad\/","og_locale":"en_US","og_type":"article","og_title":"Novia Salcedo Fundazioaren Pribatutasun Politika - NoviaSalcedo Sariak","og_description":"Novia Salcedo Fundazioa (g-48115356), Espainiako naziotasuna duena, eta helbidea Campo Volantin pasealekua, 24, 48007 Bilbao (Bizkaia) duena, da premionoviasalcedo.es webgunearen titularra. DATUEN ESKARIA ETA TRATAMENDUA Arduraduna Novia Salcedo Fundazioa Campo Volantin pasealekua 24, 1. \u2013 Bilbo 48007 IFK: g48115356 Fitxategiaren arduraduna: dpo.noviasalcedo@noviasalcedo.es Helburua Gazteen enplegagarritasunaren hobekuntza sustatzea, pertsonak, enpresak eta &hellip;","og_url":"https:\/\/premio.noviasalcedo.es\/politica-de-privacidad\/","og_site_name":"NoviaSalcedo Sariak","article_modified_time":"2018-06-05T10:15:09+00:00","twitter_card":"summary_large_image","twitter_misc":{"Est. reading time":"3 minutua"},"schema":{"@context":"https:\/\/schema.org","@graph":[{"@type":"WebPage","@id":"https:\/\/premio.noviasalcedo.es\/politica-de-privacidad\/","url":"https:\/\/premio.noviasalcedo.es\/politica-de-privacidad\/","name":"Novia Salcedo Fundazioaren Pribatutasun Politika - NoviaSalcedo Sariak","isPartOf":{"@id":"https:\/\/premio.noviasalcedo.es\/eu\/#website"},"datePublished":"2018-03-22T12:08:58+00:00","dateModified":"2018-06-05T10:15:09+00:00","breadcrumb":{"@id":"https:\/\/premio.noviasalcedo.es\/politica-de-privacidad\/#breadcrumb"},"inLanguage":"eu","potentialAction":[{"@type":"ReadAction","target":["https:\/\/premio.noviasalcedo.es\/politica-de-privacidad\/"]}]},{"@type":"BreadcrumbList","@id":"https:\/\/premio.noviasalcedo.es\/politica-de-privacidad\/#breadcrumb","itemListElement":[{"@type":"ListItem","position":1,"name":"Portada","item":"https:\/\/premio.noviasalcedo.es\/eu\/"},{"@type":"ListItem","position":2,"name":"Pol\u00edtica de Privacidad de NOVIA SALCEDO FUNDACI\u00d3N"}]},{"@type":"WebSite","@id":"https:\/\/premio.noviasalcedo.es\/eu\/#website","url":"https:\/\/premio.noviasalcedo.es\/eu\/","name":"NoviaSalcedo Sariak","description":"NoviaSalcedo Sariak","publisher":{"@id":"https:\/\/premio.noviasalcedo.es\/eu\/#organization"},"potentialAction":[{"@type":"SearchAction","target":{"@type":"EntryPoint","urlTemplate":"https:\/\/premio.noviasalcedo.es\/eu\/?s={search_term_string}"},"query-input":{"@type":"PropertyValueSpecification","valueRequired":true,"valueName":"search_term_string"}}],"inLanguage":"eu"},{"@type":"Organization","@id":"https:\/\/premio.noviasalcedo.es\/eu\/#organization","name":"NoviaSalcedo Sariak","url":"https:\/\/premio.noviasalcedo.es\/eu\/","logo":{"@type":"ImageObject","inLanguage":"eu","@id":"https:\/\/premio.noviasalcedo.es\/eu\/#\/schema\/logo\/image\/","url":"https:\/\/i0.wp.com\/www.premionoviasalcedo.es\/wp-content\/uploads\/2016\/01\/logoblanco-claim-small.png?fit=300%2C122","contentUrl":"https:\/\/i0.wp.com\/www.premionoviasalcedo.es\/wp-content\/uploads\/2016\/01\/logoblanco-claim-small.png?fit=300%2C122","width":300,"height":122,"caption":"NoviaSalcedo Sariak"},"image":{"@id":"https:\/\/premio.noviasalcedo.es\/eu\/#\/schema\/logo\/image\/"}}]}},"jetpack_sharing_enabled":false,"jetpack_shortlink":"https:\/\/wp.me\/P786iL-am","jetpack-related-posts":[{"id":2,"url":"https:\/\/premio.noviasalcedo.es\/eu\/","url_meta":{"origin":642,"position":0},"title":"Premio Novia Salcedo","author":"NoviaSalcedo","date":"2016 January 13, Wednesday","format":false,"excerpt":"Planteamendua Novia Salcedo Fundazioaren\u00a0helburua gazteei gizartean eta lan munduan sartzeko prozesuan laguntza eskaintzea eta etengabe aldatzen ari den munduari aurre egiteko beharrezkoak diren gaitasunak eta balioak ematea da. Gazte Kapitalean daude erakundeen eta enpresen biziraupena, ekonomien eta merkatuen hazkundea, ingurumenaren oreka, gizarteen aurrerapena eta mundu globalean kulturen arteko bizikidetza egokia.\u2026","rel":"","context":"Similar post","block_context":{"text":"Similar post","link":""},"img":{"alt_text":"logopremio renew euskera","src":"https:\/\/i0.wp.com\/premio.noviasalcedo.es\/wp-content\/uploads\/2016\/01\/logopremio-renew-euskera-300x123.png?resize=350%2C200&ssl=1","width":350,"height":200},"classes":[]},{"id":7,"url":"https:\/\/premio.noviasalcedo.es\/eu\/jurado\/","url_meta":{"origin":642,"position":1},"title":"Epaimahaiak","author":"NoviaSalcedo","date":"2016 January 13, Wednesday","format":false,"excerpt":"VIII edizioko Epaimahaiko kideak Antonio Garrigues Presidente del jurado Luis Lezama Fundador de Grupo Lezama Carmen Garc\u00eda de Andr\u00e9s Presidenta Ejecutiva Fundaci\u00f3n Tomillo Alejandro Echevarria Presidente de Mediaset\/\u00a0Patrono NSF Victoria Camps Catedr\u00e1tica Em\u00e9rita Universidad Aut\u00f3noma de Barcelona Isabel Garro Directora de Red Pacto Mundial Espa\u00f1a Marta Pedrajas Asesora de pol\u00edticas\u2026","rel":"","context":"Similar post","block_context":{"text":"Similar post","link":""},"img":{"alt_text":"antoniogarrigues","src":"https:\/\/i0.wp.com\/premio.noviasalcedo.es\/wp-content\/uploads\/2016\/01\/antoniogarrigues-300x300.png?resize=350%2C200&ssl=1","width":350,"height":200},"classes":[]},{"id":640,"url":"https:\/\/premio.noviasalcedo.es\/eu\/cookies\/","url_meta":{"origin":642,"position":2},"title":"(Castellano) Informaci\u00f3n sobre cookies","author":"NoviaSalcedo","date":"2018 March 22, Thursday","format":false,"excerpt":"Sentitzen dugu, baina sarrera hau %LANG-z:, : eta % bakarrik dago.","rel":"","context":"Similar post","block_context":{"text":"Similar post","link":""},"img":{"alt_text":"","src":"","width":0,"height":0},"classes":[]},{"id":576,"url":"https:\/\/premio.noviasalcedo.es\/eu\/planteamiento\/","url_meta":{"origin":642,"position":3},"title":"Planteamendua","author":"NoviaSalcedo","date":"2018 March  7, Wednesday","format":false,"excerpt":"2016ko apirilaren 21ean Bilbon elkartu zen \u201cGazteen Lan Integrazioko bikaintasunaren Novia Salcedo Sariaren\u201d VII. edizioko Epaimahaiak, Antonio Garrigues jauna buru zela, saria sakonean berrikustea iradoki zuen, 7 edizio arrakastatsuren ondoren. Berrikuspen horretan munduko arazo larrienak hartu behar genituen kontuan, eta horien artean zeuden, besteak beste, baztertuen daudenen gizarteratzea eta hezkuntza.\u2026","rel":"","context":"Similar post","block_context":{"text":"Similar post","link":""},"img":{"alt_text":"","src":"","width":0,"height":0},"classes":[]},{"id":9,"url":"https:\/\/premio.noviasalcedo.es\/eu\/convocatoria\/","url_meta":{"origin":642,"position":4},"title":"Novia Salcedo Sariaren Deialdia","author":"NoviaSalcedo","date":"2016 January 13, Wednesday","format":false,"excerpt":"Novia Salcedo Sariak, euren lanaren, konpromisoaren eta merituen bitartez gazteen enplegagarritasunaren hobekuntzari laguntzen dioten pertsonei, enpresei eta erakundeei emango zaizkie, \u00a02030 Agendaren garapen iraunkorraren helburuen barruan, hauek, hain zuzen ere: \u00a0ODS 4. Hezkuntza inklusiboa, ekitatiboa eta kalitatezkoa bermatzea eta bizitza osoan guztientzat ikasketa aukerak sustatzea. ODS 5. Generoen arteko berdintasuna\u2026","rel":"","context":"Similar post","block_context":{"text":"Similar post","link":""},"img":{"alt_text":"","src":"https:\/\/i0.wp.com\/premio.noviasalcedo.es\/wp-content\/uploads\/2018\/03\/S_SDG_logo_No-UN-Emblem_horizontal_rgb-300x43.png?resize=350%2C200&ssl=1","width":350,"height":200},"classes":[]},{"id":11,"url":"https:\/\/premio.noviasalcedo.es\/eu\/ediciones-anteriores\/","url_meta":{"origin":642,"position":5},"title":"Aurreko edizioetan","author":"NoviaSalcedo","date":"2016 January 13, Wednesday","format":false,"excerpt":"Novia Salcedo Sariaren aurreko edizioak VI Edizioa Saridunak hauek izan ziren: Benita Ferrero Waldner\u00a0(Pertsonen kategorian), Enrique Iglesias\u00a0(Ad Honorem), Leroy Merlin (Enpresa handia), Sao Prat, S.L (Enpresa txikia) eta Lantegi Batuak eta Nazaret Ikastetxea\u00a0(Erakundeak). \u00a0V Edizioa Sariduna pertsonen kategorian: Rosal\u00eda Mera andrea, (Paideia Fundazioa); Ad Honorem Kategorian sariduna: Miguel de la\u2026","rel":"","context":"Similar post","block_context":{"text":"Similar post","link":""},"img":{"alt_text":"_DOM8448","src":"https:\/\/i0.wp.com\/premio.noviasalcedo.es\/wp-content\/uploads\/2016\/01\/DOM8448-300x200.jpg?resize=350%2C200&ssl=1","width":350,"height":200},"classes":[]}],"_links":{"self":[{"href":"https:\/\/premio.noviasalcedo.es\/eu\/wp-json\/wp\/v2\/pages\/642","targetHints":{"allow":["GET"]}}],"collection":[{"href":"https:\/\/premio.noviasalcedo.es\/eu\/wp-json\/wp\/v2\/pages"}],"about":[{"href":"https:\/\/premio.noviasalcedo.es\/eu\/wp-json\/wp\/v2\/types\/page"}],"author":[{"embeddable":true,"href":"https:\/\/premio.noviasalcedo.es\/eu\/wp-json\/wp\/v2\/users\/1"}],"replies":[{"embeddable":true,"href":"https:\/\/premio.noviasalcedo.es\/eu\/wp-json\/wp\/v2\/comments?post=642"}],"version-history":[{"count":8,"href":"https:\/\/premio.noviasalcedo.es\/eu\/wp-json\/wp\/v2\/pages\/642\/revisions"}],"predecessor-version":[{"id":831,"href":"https:\/\/premio.noviasalcedo.es\/eu\/wp-json\/wp\/v2\/pages\/642\/revisions\/831"}],"wp:attachment":[{"href":"https:\/\/premio.noviasalcedo.es\/eu\/wp-json\/wp\/v2\/media?parent=642"}],"curies":[{"name":"wp","href":"https:\/\/api.w.org\/{rel}","templated":true}]}}